{"id":2740,"date":"2024-09-19T02:35:00","date_gmt":"2024-09-19T02:35:00","guid":{"rendered":"https:\/\/chituvem.com\/?post_type=product&#038;p=2740"},"modified":"2024-10-19T03:58:46","modified_gmt":"2024-10-19T03:58:46","slug":"hot-sale-automatic-ice-cream-vending-machine-best-commercial-ice-cream-maker-for-shopping-malls-and-scenic-spots","status":"publish","type":"product","link":"https:\/\/chituvem.com\/fr\/produit\/distributeur-automatique-de-cremes-glacees-a-vente-rapide-meilleure-machine-a-glaces-commerciale-pour-les-centres-commerciaux-et-les-lieux-pittoresques\/","title":{"rendered":"Distributeur automatique de cr\u00e8mes glac\u00e9es pour centres commerciaux et sites touristiques"},"content":{"rendered":"<h2>Pourquoi choisir une machine \u00e0 glace commerciale Red Rabbit\uff1f ?<\/h2>\n<div class=\"lake-content\">\n<ol>\n<li><span class=\"ne-text\">Guangzhou Red Rabbit a \u00e9t\u00e9 fond\u00e9 en 2017, nous sommes engag\u00e9s dans l'industrie des distributeurs automatiques en libre-service depuis plus de 7 ans, Actuellement, il y a une machine \u00e0 barbe \u00e0 papa automatique, une machine \u00e0 cr\u00e8me glac\u00e9e, une machine \u00e0 fleur de neige, une machine \u00e0 Slush et beaucoup d'autres produits.<\/span><\/li>\n<li id=\"u79133437\" class=\"ne-p\"><span class=\"ne-text\">Avec l'exp\u00e9rience de la vente \u00e0 plus de <\/span><strong><span class=\"ne-text\">10 000 clients dans le monde entier<\/span><\/strong><span class=\"ne-text\">Nous pouvons vous donner des conseils professionnels pour vous permettre de gagner plus facilement de l'argent avec les machines de notre soci\u00e9t\u00e9.<\/span><\/li>\n<li class=\"lake-content\">\n<p id=\"u53495f2b\" class=\"ne-p\"><span class=\"ne-text\">La machine dispose d'un syst\u00e8me de contr\u00f4le \u00e0 distance en arri\u00e8re-plan, avec une minuterie, un rappel d'inventaire, des donn\u00e9es de vente, des coupons et d'autres fonctions, et elle peut \u00eatre mise \u00e0 niveau \u00e0 distance de la version du syst\u00e8me !<\/span><\/p>\n<\/li>\n<li class=\"lake-content\">\n<p id=\"u53495f2b\" class=\"ne-p\">Nous prenons en charge l'aspect personnalis\u00e9 de la machine, vous pouvez r\u00e9aliser vos id\u00e9es sur la machine, pour cr\u00e9er votre propre machine !<\/p>\n<\/li>\n<\/ol>\n<p>&nbsp;<\/p>\n<p><img fetchpriority=\"high\" decoding=\"async\" class=\"alignleft wp-image-2741\" src=\"https:\/\/chituvem.com\/wp-content\/uploads\/2024\/09\/Ice-cream-machine-1-683x1024.jpg\" alt=\"Machine \u00e0 glace\" width=\"788\" height=\"1181\" srcset=\"https:\/\/chituvem.com\/wp-content\/uploads\/2024\/09\/Ice-cream-machine-1-683x1024.jpg 683w, https:\/\/chituvem.com\/wp-content\/uploads\/2024\/09\/Ice-cream-machine-1-200x300.jpg 200w, https:\/\/chituvem.com\/wp-content\/uploads\/2024\/09\/Ice-cream-machine-1-768x1152.jpg 768w, https:\/\/chituvem.com\/wp-content\/uploads\/2024\/09\/Ice-cream-machine-1-1024x1536.jpg 1024w, https:\/\/chituvem.com\/wp-content\/uploads\/2024\/09\/Ice-cream-machine-1-1365x2048.jpg 1365w, https:\/\/chituvem.com\/wp-content\/uploads\/2024\/09\/Ice-cream-machine-1-600x900.jpg 600w, https:\/\/chituvem.com\/wp-content\/uploads\/2024\/09\/Ice-cream-machine-1-scaled.jpg 1707w\" sizes=\"(max-width: 788px) 100vw, 788px\" \/><\/p>\n<p>&nbsp;<\/p>\n<p>&nbsp;<\/p>\n<p>&nbsp;<\/p>\n<p>&nbsp;<\/p>\n<\/div>\n<p>&nbsp;<\/p>\n<p>&nbsp;<\/p>\n<p>&nbsp;<\/p>\n<p>&nbsp;<\/p>\n<p>&nbsp;<\/p>\n<p>&nbsp;<\/p>\n<p>&nbsp;<\/p>\n<p>&nbsp;<\/p>\n<p>&nbsp;<\/p>\n<p>&nbsp;<\/p>\n<p>&nbsp;<\/p>\n<p>&nbsp;<\/p>\n<p>&nbsp;<\/p>\n<p>&nbsp;<\/p>\n<p>&nbsp;<\/p>\n<p>&nbsp;<\/p>\n<p>&nbsp;<\/p>\n<p>&nbsp;<\/p>\n<p>&nbsp;<\/p>\n<p>&nbsp;<\/p>\n<p>&nbsp;<\/p>\n<p>&nbsp;<\/p>\n<p>&nbsp;<\/p>\n<p>&nbsp;<\/p>\n<p>&nbsp;<\/p>\n<div class=\"lake-content\">\n<h2 id=\"u71cab9b2\" class=\"ne-p\"><strong><span class=\"ne-text\">Distributeur automatique de cr\u00e8mes glac\u00e9es \u00e0 bras robotis\u00e9 intelligent AI<\/span><\/strong><\/h2>\n<p id=\"uee11c0e7\" class=\"ne-p\"><strong><span class=\"ne-text\">1\uff09Faire deux parfums de glace et un parfum mixte, par exemple : vanille et fraise et vanille et fraise.<\/span><\/strong><\/p>\n<p id=\"u3787faeb\" class=\"ne-p\"><strong><span class=\"ne-text\">2\uff09Le bras robotis\u00e9 cool fait de la cr\u00e8me glac\u00e9e, ce qui est technologique et attrayant.<\/span><\/strong><\/p>\n<p id=\"u8a8eb137\" class=\"ne-p\"><strong><span class=\"ne-text\">3\uff0924L grande capacit\u00e9, peut produire 240-280 tasses de glace en m\u00eame temps<\/span><\/strong><\/p>\n<p id=\"u4bed3cec\" class=\"ne-p\"><strong><span class=\"ne-text\">4\uff09Customized jams and toppings, 3 types de toppings et 3 types de confitures, m\u00e9langez et associez librement, un go\u00fbt riche et une grande vari\u00e9t\u00e9 de choix.<\/span><\/strong><\/p>\n<p id=\"u93db1444\" class=\"ne-p\"><strong><span class=\"ne-text\">5\uff09 Vente en libre-service 24 heures sur 24, fonctionnement des machines \u00e0 distance<\/span><\/strong><\/p>\n<p id=\"u9e68c463\" class=\"ne-p\"><strong><span class=\"ne-text\">6\uff09M\u00e9thodes de paiement prises en charge : billets de banque, cartes de cr\u00e9dit, pi\u00e8ces de monnaie, etc.<\/span><\/strong><\/p>\n<p>&nbsp;<\/p>\n<\/div>\n<div class=\"lake-content\">\n<p><img decoding=\"async\" class=\"alignnone size-full wp-image-2745\" src=\"https:\/\/chituvem.com\/wp-content\/uploads\/2024\/09\/Ice-cream-machine-2.jpg\" alt=\"Machine \u00e0 glace\" width=\"790\" height=\"1307\" srcset=\"https:\/\/chituvem.com\/wp-content\/uploads\/2024\/09\/Ice-cream-machine-2.jpg 790w, https:\/\/chituvem.com\/wp-content\/uploads\/2024\/09\/Ice-cream-machine-2-181x300.jpg 181w, https:\/\/chituvem.com\/wp-content\/uploads\/2024\/09\/Ice-cream-machine-2-619x1024.jpg 619w, https:\/\/chituvem.com\/wp-content\/uploads\/2024\/09\/Ice-cream-machine-2-768x1271.jpg 768w, https:\/\/chituvem.com\/wp-content\/uploads\/2024\/09\/Ice-cream-machine-2-600x993.jpg 600w\" sizes=\"(max-width: 790px) 100vw, 790px\" \/> <img decoding=\"async\" class=\"alignnone size-full wp-image-2749\" src=\"https:\/\/chituvem.com\/wp-content\/uploads\/2024\/09\/Ice-cream-machine-3.jpg\" alt=\"\" width=\"790\" height=\"505\" srcset=\"https:\/\/chituvem.com\/wp-content\/uploads\/2024\/09\/Ice-cream-machine-3.jpg 790w, https:\/\/chituvem.com\/wp-content\/uploads\/2024\/09\/Ice-cream-machine-3-300x192.jpg 300w, https:\/\/chituvem.com\/wp-content\/uploads\/2024\/09\/Ice-cream-machine-3-768x491.jpg 768w, https:\/\/chituvem.com\/wp-content\/uploads\/2024\/09\/Ice-cream-machine-3-600x384.jpg 600w\" sizes=\"(max-width: 790px) 100vw, 790px\" \/> <img loading=\"lazy\" decoding=\"async\" class=\"alignnone size-full wp-image-2753\" src=\"https:\/\/chituvem.com\/wp-content\/uploads\/2024\/09\/Ice-cream-machine-4.jpg\" alt=\"\" width=\"790\" height=\"1324\" srcset=\"https:\/\/chituvem.com\/wp-content\/uploads\/2024\/09\/Ice-cream-machine-4.jpg 790w, https:\/\/chituvem.com\/wp-content\/uploads\/2024\/09\/Ice-cream-machine-4-179x300.jpg 179w, https:\/\/chituvem.com\/wp-content\/uploads\/2024\/09\/Ice-cream-machine-4-611x1024.jpg 611w, https:\/\/chituvem.com\/wp-content\/uploads\/2024\/09\/Ice-cream-machine-4-768x1287.jpg 768w, https:\/\/chituvem.com\/wp-content\/uploads\/2024\/09\/Ice-cream-machine-4-600x1006.jpg 600w\" sizes=\"(max-width: 790px) 100vw, 790px\" \/> <img loading=\"lazy\" decoding=\"async\" class=\"alignnone size-full wp-image-2757\" src=\"https:\/\/chituvem.com\/wp-content\/uploads\/2024\/09\/Ice-cream-machine-5.jpg\" alt=\"\" width=\"790\" height=\"1159\" srcset=\"https:\/\/chituvem.com\/wp-content\/uploads\/2024\/09\/Ice-cream-machine-5.jpg 790w, https:\/\/chituvem.com\/wp-content\/uploads\/2024\/09\/Ice-cream-machine-5-204x300.jpg 204w, https:\/\/chituvem.com\/wp-content\/uploads\/2024\/09\/Ice-cream-machine-5-698x1024.jpg 698w, https:\/\/chituvem.com\/wp-content\/uploads\/2024\/09\/Ice-cream-machine-5-768x1127.jpg 768w, https:\/\/chituvem.com\/wp-content\/uploads\/2024\/09\/Ice-cream-machine-5-600x880.jpg 600w\" sizes=\"(max-width: 790px) 100vw, 790px\" \/> <img loading=\"lazy\" decoding=\"async\" class=\"alignnone size-full wp-image-2761\" src=\"https:\/\/chituvem.com\/wp-content\/uploads\/2024\/09\/Ice-cream-machine-6.jpg\" alt=\"Machine \u00e0 glace\" width=\"790\" height=\"2030\" srcset=\"https:\/\/chituvem.com\/wp-content\/uploads\/2024\/09\/Ice-cream-machine-6.jpg 790w, https:\/\/chituvem.com\/wp-content\/uploads\/2024\/09\/Ice-cream-machine-6-117x300.jpg 117w, https:\/\/chituvem.com\/wp-content\/uploads\/2024\/09\/Ice-cream-machine-6-399x1024.jpg 399w, https:\/\/chituvem.com\/wp-content\/uploads\/2024\/09\/Ice-cream-machine-6-768x1973.jpg 768w, https:\/\/chituvem.com\/wp-content\/uploads\/2024\/09\/Ice-cream-machine-6-598x1536.jpg 598w, https:\/\/chituvem.com\/wp-content\/uploads\/2024\/09\/Ice-cream-machine-6-600x1542.jpg 600w\" sizes=\"(max-width: 790px) 100vw, 790px\" \/> <img loading=\"lazy\" decoding=\"async\" class=\"alignnone size-full wp-image-2765\" src=\"https:\/\/chituvem.com\/wp-content\/uploads\/2024\/09\/Ice-cream-machine-7.jpg\" alt=\"Machine \u00e0 glace\" width=\"790\" height=\"1805\" srcset=\"https:\/\/chituvem.com\/wp-content\/uploads\/2024\/09\/Ice-cream-machine-7.jpg 790w, https:\/\/chituvem.com\/wp-content\/uploads\/2024\/09\/Ice-cream-machine-7-131x300.jpg 131w, https:\/\/chituvem.com\/wp-content\/uploads\/2024\/09\/Ice-cream-machine-7-448x1024.jpg 448w, https:\/\/chituvem.com\/wp-content\/uploads\/2024\/09\/Ice-cream-machine-7-768x1755.jpg 768w, https:\/\/chituvem.com\/wp-content\/uploads\/2024\/09\/Ice-cream-machine-7-672x1536.jpg 672w, https:\/\/chituvem.com\/wp-content\/uploads\/2024\/09\/Ice-cream-machine-7-600x1371.jpg 600w\" sizes=\"(max-width: 790px) 100vw, 790px\" \/> <img loading=\"lazy\" decoding=\"async\" class=\"alignnone size-full wp-image-2769\" src=\"https:\/\/chituvem.com\/wp-content\/uploads\/2024\/09\/Ice-cream-machine-8-scaled.jpg\" alt=\"Machine \u00e0 glace\" width=\"747\" height=\"2560\" srcset=\"https:\/\/chituvem.com\/wp-content\/uploads\/2024\/09\/Ice-cream-machine-8-scaled.jpg 747w, https:\/\/chituvem.com\/wp-content\/uploads\/2024\/09\/Ice-cream-machine-8-299x1024.jpg 299w, https:\/\/chituvem.com\/wp-content\/uploads\/2024\/09\/Ice-cream-machine-8-768x2632.jpg 768w, https:\/\/chituvem.com\/wp-content\/uploads\/2024\/09\/Ice-cream-machine-8-448x1536.jpg 448w, https:\/\/chituvem.com\/wp-content\/uploads\/2024\/09\/Ice-cream-machine-8-598x2048.jpg 598w, https:\/\/chituvem.com\/wp-content\/uploads\/2024\/09\/Ice-cream-machine-8-600x2056.jpg 600w\" sizes=\"(max-width: 747px) 100vw, 747px\" \/> <img loading=\"lazy\" decoding=\"async\" class=\"alignnone size-full wp-image-2773\" src=\"https:\/\/chituvem.com\/wp-content\/uploads\/2024\/09\/Ice-cream-machine-9.jpg\" alt=\"Machine \u00e0 glace\" width=\"790\" height=\"1023\" srcset=\"https:\/\/chituvem.com\/wp-content\/uploads\/2024\/09\/Ice-cream-machine-9.jpg 790w, https:\/\/chituvem.com\/wp-content\/uploads\/2024\/09\/Ice-cream-machine-9-232x300.jpg 232w, https:\/\/chituvem.com\/wp-content\/uploads\/2024\/09\/Ice-cream-machine-9-768x995.jpg 768w, https:\/\/chituvem.com\/wp-content\/uploads\/2024\/09\/Ice-cream-machine-9-600x777.jpg 600w\" sizes=\"(max-width: 790px) 100vw, 790px\" \/> <img loading=\"lazy\" decoding=\"async\" class=\"alignnone size-full wp-image-2777\" src=\"https:\/\/chituvem.com\/wp-content\/uploads\/2024\/09\/Ice-cream-machine-10.jpg\" alt=\"\" width=\"790\" height=\"1726\" srcset=\"https:\/\/chituvem.com\/wp-content\/uploads\/2024\/09\/Ice-cream-machine-10.jpg 790w, https:\/\/chituvem.com\/wp-content\/uploads\/2024\/09\/Ice-cream-machine-10-137x300.jpg 137w, https:\/\/chituvem.com\/wp-content\/uploads\/2024\/09\/Ice-cream-machine-10-469x1024.jpg 469w, https:\/\/chituvem.com\/wp-content\/uploads\/2024\/09\/Ice-cream-machine-10-768x1678.jpg 768w, https:\/\/chituvem.com\/wp-content\/uploads\/2024\/09\/Ice-cream-machine-10-703x1536.jpg 703w, https:\/\/chituvem.com\/wp-content\/uploads\/2024\/09\/Ice-cream-machine-10-600x1311.jpg 600w\" sizes=\"(max-width: 790px) 100vw, 790px\" \/> <img loading=\"lazy\" decoding=\"async\" class=\"alignnone size-full wp-image-2781\" src=\"https:\/\/chituvem.com\/wp-content\/uploads\/2024\/09\/Ice-cream-machine-11.jpg\" alt=\"\" width=\"790\" height=\"697\" srcset=\"https:\/\/chituvem.com\/wp-content\/uploads\/2024\/09\/Ice-cream-machine-11.jpg 790w, https:\/\/chituvem.com\/wp-content\/uploads\/2024\/09\/Ice-cream-machine-11-300x265.jpg 300w, https:\/\/chituvem.com\/wp-content\/uploads\/2024\/09\/Ice-cream-machine-11-768x678.jpg 768w, https:\/\/chituvem.com\/wp-content\/uploads\/2024\/09\/Ice-cream-machine-11-600x529.jpg 600w\" sizes=\"(max-width: 790px) 100vw, 790px\" \/> <a href=\"https:\/\/chituvem.com\/fr\/shop\/\"><img loading=\"lazy\" decoding=\"async\" class=\"alignnone wp-image-2785 size-full\" src=\"https:\/\/chituvem.com\/wp-content\/uploads\/2024\/09\/Ice-cream-machine-12.jpg\" alt=\"\" width=\"790\" height=\"1049\" srcset=\"https:\/\/chituvem.com\/wp-content\/uploads\/2024\/09\/Ice-cream-machine-12.jpg 790w, https:\/\/chituvem.com\/wp-content\/uploads\/2024\/09\/Ice-cream-machine-12-226x300.jpg 226w, https:\/\/chituvem.com\/wp-content\/uploads\/2024\/09\/Ice-cream-machine-12-771x1024.jpg 771w, https:\/\/chituvem.com\/wp-content\/uploads\/2024\/09\/Ice-cream-machine-12-768x1020.jpg 768w, https:\/\/chituvem.com\/wp-content\/uploads\/2024\/09\/Ice-cream-machine-12-600x797.jpg 600w\" sizes=\"(max-width: 790px) 100vw, 790px\" \/><\/a> <img loading=\"lazy\" decoding=\"async\" class=\"alignnone size-full wp-image-2789\" src=\"https:\/\/chituvem.com\/wp-content\/uploads\/2024\/09\/Ice-cream-machine-13.jpg\" alt=\"\" width=\"790\" height=\"1578\" srcset=\"https:\/\/chituvem.com\/wp-content\/uploads\/2024\/09\/Ice-cream-machine-13.jpg 790w, https:\/\/chituvem.com\/wp-content\/uploads\/2024\/09\/Ice-cream-machine-13-150x300.jpg 150w, https:\/\/chituvem.com\/wp-content\/uploads\/2024\/09\/Ice-cream-machine-13-513x1024.jpg 513w, https:\/\/chituvem.com\/wp-content\/uploads\/2024\/09\/Ice-cream-machine-13-768x1534.jpg 768w, https:\/\/chituvem.com\/wp-content\/uploads\/2024\/09\/Ice-cream-machine-13-769x1536.jpg 769w, https:\/\/chituvem.com\/wp-content\/uploads\/2024\/09\/Ice-cream-machine-13-600x1198.jpg 600w\" sizes=\"(max-width: 790px) 100vw, 790px\" \/> <img loading=\"lazy\" decoding=\"async\" class=\"alignnone size-full wp-image-2793\" src=\"https:\/\/chituvem.com\/wp-content\/uploads\/2024\/09\/Ice-cream-machine-14.jpg\" alt=\"\" width=\"790\" height=\"1067\" srcset=\"https:\/\/chituvem.com\/wp-content\/uploads\/2024\/09\/Ice-cream-machine-14.jpg 790w, https:\/\/chituvem.com\/wp-content\/uploads\/2024\/09\/Ice-cream-machine-14-222x300.jpg 222w, https:\/\/chituvem.com\/wp-content\/uploads\/2024\/09\/Ice-cream-machine-14-758x1024.jpg 758w, https:\/\/chituvem.com\/wp-content\/uploads\/2024\/09\/Ice-cream-machine-14-768x1037.jpg 768w, https:\/\/chituvem.com\/wp-content\/uploads\/2024\/09\/Ice-cream-machine-14-600x810.jpg 600w\" sizes=\"(max-width: 790px) 100vw, 790px\" \/><\/p>\n<p><img loading=\"lazy\" decoding=\"async\" class=\"alignnone size-full wp-image-2797\" src=\"https:\/\/chituvem.com\/wp-content\/uploads\/2024\/09\/h\u597d\u8bc4.jpg\" alt=\"\" width=\"750\" height=\"972\" srcset=\"https:\/\/chituvem.com\/wp-content\/uploads\/2024\/09\/h\u597d\u8bc4.jpg 750w, https:\/\/chituvem.com\/wp-content\/uploads\/2024\/09\/h\u597d\u8bc4-231x300.jpg 231w, https:\/\/chituvem.com\/wp-content\/uploads\/2024\/09\/h\u597d\u8bc4-600x778.jpg 600w\" sizes=\"(max-width: 750px) 100vw, 750px\" \/> <img loading=\"lazy\" decoding=\"async\" class=\"alignnone size-full wp-image-2801\" src=\"https:\/\/chituvem.com\/wp-content\/uploads\/2024\/09\/2_12.jpg\" alt=\"\" width=\"750\" height=\"2133\" srcset=\"https:\/\/chituvem.com\/wp-content\/uploads\/2024\/09\/2_12.jpg 750w, https:\/\/chituvem.com\/wp-content\/uploads\/2024\/09\/2_12-105x300.jpg 105w, https:\/\/chituvem.com\/wp-content\/uploads\/2024\/09\/2_12-360x1024.jpg 360w, https:\/\/chituvem.com\/wp-content\/uploads\/2024\/09\/2_12-540x1536.jpg 540w, https:\/\/chituvem.com\/wp-content\/uploads\/2024\/09\/2_12-720x2048.jpg 720w, https:\/\/chituvem.com\/wp-content\/uploads\/2024\/09\/2_12-600x1706.jpg 600w\" sizes=\"(max-width: 750px) 100vw, 750px\" \/><\/p>\n<\/div>\n<p>&nbsp;<\/p>","protected":false},"excerpt":{"rendered":"<p>Pourquoi choisir une machine \u00e0 glace commerciale Red Rabbit\uff1f Guangzhou Red Rabbit a \u00e9t\u00e9 fond\u00e9e en 2017, nous sommes engag\u00e9s dans l'industrie des distributeurs automatiques en libre-service depuis plus de 7 ans, Actuellement, il y a une machine \u00e0 barbe \u00e0 papa automatique, une machine \u00e0 cr\u00e8me glac\u00e9e, une machine \u00e0 fleur de glace de neige, une machine \u00e0 Slush et beaucoup d'autres produits Avec l'exp\u00e9rience de la vente \u00e0 [...]<\/p>","protected":false},"featured_media":2805,"comment_status":"open","ping_status":"closed","template":"","meta":{"_eb_attr":"","inline_featured_image":false},"product_brand":[],"product_cat":[80],"product_tag":[],"class_list":{"0":"post-2740","1":"product","2":"type-product","3":"status-publish","4":"has-post-thumbnail","6":"product_cat-ice-cream-vending-machine","8":"first","9":"instock","10":"shipping-taxable","11":"product-type-simple"},"_links":{"self":[{"href":"https:\/\/chituvem.com\/fr\/wp-json\/wp\/v2\/product\/2740","targetHints":{"allow":["GET"]}}],"collection":[{"href":"https:\/\/chituvem.com\/fr\/wp-json\/wp\/v2\/product"}],"about":[{"href":"https:\/\/chituvem.com\/fr\/wp-json\/wp\/v2\/types\/product"}],"replies":[{"embeddable":true,"href":"https:\/\/chituvem.com\/fr\/wp-json\/wp\/v2\/comments?post=2740"}],"version-history":[{"count":0,"href":"https:\/\/chituvem.com\/fr\/wp-json\/wp\/v2\/product\/2740\/revisions"}],"wp:featuredmedia":[{"embeddable":true,"href":"https:\/\/chituvem.com\/fr\/wp-json\/wp\/v2\/media\/2805"}],"wp:attachment":[{"href":"https:\/\/chituvem.com\/fr\/wp-json\/wp\/v2\/media?parent=2740"}],"wp:term":[{"taxonomy":"product_brand","embeddable":true,"href":"https:\/\/chituvem.com\/fr\/wp-json\/wp\/v2\/product_brand?post=2740"},{"taxonomy":"product_cat","embeddable":true,"href":"https:\/\/chituvem.com\/fr\/wp-json\/wp\/v2\/product_cat?post=2740"},{"taxonomy":"product_tag","embeddable":true,"href":"https:\/\/chituvem.com\/fr\/wp-json\/wp\/v2\/product_tag?post=2740"}],"curies":[{"name":"wp","href":"https:\/\/api.w.org\/{rel}","templated":true}]}}