{"id":2379,"date":"2024-06-07T08:44:11","date_gmt":"2024-06-07T08:44:11","guid":{"rendered":"https:\/\/chituvem.com\/?post_type=product&#038;p=2379"},"modified":"2024-10-19T04:01:02","modified_gmt":"2024-10-19T04:01:02","slug":"cotton-candy-vending-machine-6-flavors-and-colors-132-flower-patterns","status":"publish","type":"product","link":"https:\/\/chituvem.com\/fr\/produit\/distributeur-automatique-de-barbe-a-papa-6-parfums-et-couleurs-132-motifs-de-fleurs\/","title":{"rendered":"distributeur automatique de barbe \u00e0 papa 6 parfums et couleurs 132 motifs de fleurs"},"content":{"rendered":"<h2><a href=\"https:\/\/chituvem.com\/fr\/\">Pourquoi choisir la machine \u00e0 barbe \u00e0 papa enti\u00e8rement automatique Red Rabbit ?<\/a><\/h2>\n<ol>\n<li>Guangzhou Red Rabbit a \u00e9t\u00e9 fond\u00e9 en 2017, nous sommes engag\u00e9s dans l'industrie de la machine \u00e0 barbe \u00e0 papa depuis plus de 7 ans, et nous sommes le plus grand fabricant de machines \u00e0 barbe \u00e0 papa dans le monde.<\/li>\n<li>Notre soci\u00e9t\u00e9 a obtenu toutes sortes de certificats professionnels, tels que NAMA, CE, RoHS, FCC, IC, FDA, SAA, etc. et plus de 100 brevets, ce qui garantit que vous pouvez utiliser la machine dans n'importe quel endroit.<\/li>\n<li>Forts de notre exp\u00e9rience de vente \u00e0 plus de 10 000 clients dans le monde entier, nous pouvons vous donner des conseils professionnels pour vous permettre de gagner plus facilement de l'argent avec la machine \u00e0 barbe \u00e0 papa !<\/li>\n<li>La machine dispose d'un syst\u00e8me de contr\u00f4le \u00e0 distance en arri\u00e8re-plan, avec une minuterie, un rappel d'inventaire, des donn\u00e9es de vente, des coupons et d'autres fonctions, et elle peut \u00eatre mise \u00e0 niveau \u00e0 distance de la version du syst\u00e8me !<\/li>\n<li>Nous prenons en charge l'aspect personnalis\u00e9 de la machine, vous pouvez r\u00e9aliser vos id\u00e9es sur la machine, pour cr\u00e9er votre propre machine.<\/li>\n<\/ol>\n<p><img fetchpriority=\"high\" decoding=\"async\" class=\"alignnone size-full wp-image-1422\" src=\"https:\/\/chituvem.com\/wp-content\/uploads\/2024\/01\/2_03.jpg\" alt=\"Cas client @Cotton Candy Machine\" width=\"750\" height=\"631\" srcset=\"https:\/\/chituvem.com\/wp-content\/uploads\/2024\/01\/2_03.jpg 750w, https:\/\/chituvem.com\/wp-content\/uploads\/2024\/01\/2_03-300x252.jpg 300w, https:\/\/chituvem.com\/wp-content\/uploads\/2024\/01\/2_03-600x505.jpg 600w\" sizes=\"(max-width: 750px) 100vw, 750px\" \/> <img decoding=\"async\" class=\"alignnone size-full wp-image-1410\" src=\"https:\/\/chituvem.com\/wp-content\/uploads\/2024\/01\/2_02.jpg\" alt=\"\" width=\"750\" height=\"499\" srcset=\"https:\/\/chituvem.com\/wp-content\/uploads\/2024\/01\/2_02.jpg 750w, https:\/\/chituvem.com\/wp-content\/uploads\/2024\/01\/2_02-300x200.jpg 300w, https:\/\/chituvem.com\/wp-content\/uploads\/2024\/01\/2_02-600x399.jpg 600w\" sizes=\"(max-width: 750px) 100vw, 750px\" \/> <img decoding=\"async\" class=\"alignnone size-full wp-image-1406\" src=\"https:\/\/chituvem.com\/wp-content\/uploads\/2024\/01\/2_01.jpg\" alt=\"@Cotton Candy Machine \" width=\"750\" height=\"1124\" srcset=\"https:\/\/chituvem.com\/wp-content\/uploads\/2024\/01\/2_01.jpg 750w, https:\/\/chituvem.com\/wp-content\/uploads\/2024\/01\/2_01-200x300.jpg 200w, https:\/\/chituvem.com\/wp-content\/uploads\/2024\/01\/2_01-683x1024.jpg 683w, https:\/\/chituvem.com\/wp-content\/uploads\/2024\/01\/2_01-600x899.jpg 600w\" sizes=\"(max-width: 750px) 100vw, 750px\" \/> <img loading=\"lazy\" decoding=\"async\" class=\"alignnone size-full wp-image-1414\" src=\"https:\/\/chituvem.com\/wp-content\/uploads\/2024\/01\/2_04.jpg\" alt=\"\" width=\"750\" height=\"995\" srcset=\"https:\/\/chituvem.com\/wp-content\/uploads\/2024\/01\/2_04.jpg 750w, https:\/\/chituvem.com\/wp-content\/uploads\/2024\/01\/2_04-226x300.jpg 226w, https:\/\/chituvem.com\/wp-content\/uploads\/2024\/01\/2_04-600x796.jpg 600w\" sizes=\"(max-width: 750px) 100vw, 750px\" \/> <img loading=\"lazy\" decoding=\"async\" class=\"alignnone size-full wp-image-1418\" src=\"https:\/\/chituvem.com\/wp-content\/uploads\/2024\/01\/2_05.jpg\" alt=\"Machine \u00e0 barbe \u00e0 papa CT-606\" width=\"750\" height=\"768\" srcset=\"https:\/\/chituvem.com\/wp-content\/uploads\/2024\/01\/2_05.jpg 750w, https:\/\/chituvem.com\/wp-content\/uploads\/2024\/01\/2_05-293x300.jpg 293w, https:\/\/chituvem.com\/wp-content\/uploads\/2024\/01\/2_05-600x614.jpg 600w\" sizes=\"(max-width: 750px) 100vw, 750px\" \/><\/p>\n<table class=\"alignleft\" style=\"height: 423px;\" width=\"745\">\n<thead>\n<tr>\n<th>Num\u00e9ro de produit\uff1a<\/th>\n<th><span style=\"vertical-align: inherit;\">CT-606<\/span><\/th>\n<\/tr>\n<\/thead>\n<tbody>\n<tr>\n<td>taille\uff1a<\/td>\n<td>Hauteur 170CM sans panneau acrylique \/Top 35CM \/ Width 133CM \/ Depth 60CM<\/td>\n<\/tr>\n<tr>\n<td><span style=\"vertical-align: inherit;\">Puissance\uff1a<\/span><\/td>\n<td>700~2500w<\/td>\n<\/tr>\n<tr>\n<td><span style=\"vertical-align: inherit;\">Poids\uff1a<\/span><\/td>\n<td><span style=\"vertical-align: inherit;\">350KG<\/span><\/td>\n<\/tr>\n<tr>\n<td><span style=\"vertical-align: inherit;\">Style\uff1a<\/span><\/td>\n<td>36(en augmentation constante)<\/td>\n<\/tr>\n<tr>\n<td>Consommation de sucre\uff1a<\/td>\n<td>35 Sucre par 1kg<\/td>\n<\/tr>\n<tr>\n<td>Consommation d'eau\uff1a<\/td>\n<td>35 Sucre par 1kg<\/td>\n<\/tr>\n<tr>\n<td><span style=\"vertical-align: inherit;\">Capacit\u00e9 de la benne\uff1a<\/span><\/td>\n<td><span style=\"vertical-align: inherit;\">12L<\/span><\/td>\n<\/tr>\n<tr>\n<td><span style=\"vertical-align: inherit;\">Stockage du sucre\uff1a30<\/span><\/td>\n<td><span style=\"vertical-align: inherit;\">300<\/span><\/td>\n<\/tr>\n<tr>\n<td>Fonction de la poche \u00e0 yaourt\uff1a<\/td>\n<td>En option<\/td>\n<\/tr>\n<tr>\n<td><span style=\"vertical-align: inherit;\">mode de paiement\uff1a<\/span><\/td>\n<td>Cash\u3001Coin\u3001Pay By CaRD<\/td>\n<\/tr>\n<tr>\n<td><span style=\"vertical-align: inherit;\">Logistique Emballage\uff1a<\/span><\/td>\n<td><span style=\"vertical-align: inherit;\">CBM\uff1a2.2m\u00b2\uff0cDimensions de l'emballage\uff1a141CM\/78CM\/196CM<\/span><\/td>\n<\/tr>\n<\/tbody>\n<\/table>\n<p>&nbsp;<\/p>\n<p>&nbsp;<\/p>\n<p>&nbsp;<\/p>\n<p>&nbsp;<\/p>\n<p>&nbsp;<\/p>\n<p>&nbsp;<\/p>\n<p>&nbsp;<\/p>\n<p>&nbsp;<\/p>\n<p>&nbsp;<\/p>\n<p>&nbsp;<\/p>\n<p>&nbsp;<\/p>\n<p><img loading=\"lazy\" decoding=\"async\" class=\"alignnone size-full wp-image-1382\" src=\"https:\/\/chituvem.com\/wp-content\/uploads\/2024\/01\/2_07.jpg\" alt=\"\" width=\"750\" height=\"1132\" srcset=\"https:\/\/chituvem.com\/wp-content\/uploads\/2024\/01\/2_07.jpg 750w, https:\/\/chituvem.com\/wp-content\/uploads\/2024\/01\/2_07-199x300.jpg 199w, https:\/\/chituvem.com\/wp-content\/uploads\/2024\/01\/2_07-678x1024.jpg 678w, https:\/\/chituvem.com\/wp-content\/uploads\/2024\/01\/2_07-600x906.jpg 600w\" sizes=\"(max-width: 750px) 100vw, 750px\" \/> <img loading=\"lazy\" decoding=\"async\" class=\"alignnone size-full wp-image-1386\" src=\"https:\/\/chituvem.com\/wp-content\/uploads\/2024\/01\/2_08.jpg\" alt=\"\" width=\"750\" height=\"936\" srcset=\"https:\/\/chituvem.com\/wp-content\/uploads\/2024\/01\/2_08.jpg 750w, https:\/\/chituvem.com\/wp-content\/uploads\/2024\/01\/2_08-240x300.jpg 240w, https:\/\/chituvem.com\/wp-content\/uploads\/2024\/01\/2_08-600x749.jpg 600w\" sizes=\"(max-width: 750px) 100vw, 750px\" \/> <img loading=\"lazy\" decoding=\"async\" class=\"alignnone size-full wp-image-1390\" src=\"https:\/\/chituvem.com\/wp-content\/uploads\/2024\/01\/2_09.jpg\" alt=\"@Cotton Candy Machine \" width=\"750\" height=\"2413\" srcset=\"https:\/\/chituvem.com\/wp-content\/uploads\/2024\/01\/2_09.jpg 750w, https:\/\/chituvem.com\/wp-content\/uploads\/2024\/01\/2_09-93x300.jpg 93w, https:\/\/chituvem.com\/wp-content\/uploads\/2024\/01\/2_09-318x1024.jpg 318w, https:\/\/chituvem.com\/wp-content\/uploads\/2024\/01\/2_09-477x1536.jpg 477w, https:\/\/chituvem.com\/wp-content\/uploads\/2024\/01\/2_09-637x2048.jpg 637w, https:\/\/chituvem.com\/wp-content\/uploads\/2024\/01\/2_09-600x1930.jpg 600w\" sizes=\"(max-width: 750px) 100vw, 750px\" \/> <img loading=\"lazy\" decoding=\"async\" class=\"alignnone size-full wp-image-1394\" src=\"https:\/\/chituvem.com\/wp-content\/uploads\/2024\/01\/2_10.jpg\" alt=\"@Cotton Candy Machine \" width=\"750\" height=\"1001\" srcset=\"https:\/\/chituvem.com\/wp-content\/uploads\/2024\/01\/2_10.jpg 750w, https:\/\/chituvem.com\/wp-content\/uploads\/2024\/01\/2_10-225x300.jpg 225w, https:\/\/chituvem.com\/wp-content\/uploads\/2024\/01\/2_10-600x801.jpg 600w\" sizes=\"(max-width: 750px) 100vw, 750px\" \/> <img loading=\"lazy\" decoding=\"async\" class=\"alignnone size-full wp-image-1398\" src=\"https:\/\/chituvem.com\/wp-content\/uploads\/2024\/01\/2_11.jpg\" alt=\"@Cotton Candy Machine \" width=\"750\" height=\"1023\" srcset=\"https:\/\/chituvem.com\/wp-content\/uploads\/2024\/01\/2_11.jpg 750w, https:\/\/chituvem.com\/wp-content\/uploads\/2024\/01\/2_11-220x300.jpg 220w, https:\/\/chituvem.com\/wp-content\/uploads\/2024\/01\/2_11-600x818.jpg 600w\" sizes=\"(max-width: 750px) 100vw, 750px\" \/> <img loading=\"lazy\" decoding=\"async\" class=\"alignnone size-full wp-image-1402\" src=\"https:\/\/chituvem.com\/wp-content\/uploads\/2024\/01\/2_12.jpg\" alt=\"@Red Rabbit\" width=\"750\" height=\"2133\" srcset=\"https:\/\/chituvem.com\/wp-content\/uploads\/2024\/01\/2_12.jpg 750w, https:\/\/chituvem.com\/wp-content\/uploads\/2024\/01\/2_12-105x300.jpg 105w, https:\/\/chituvem.com\/wp-content\/uploads\/2024\/01\/2_12-360x1024.jpg 360w, https:\/\/chituvem.com\/wp-content\/uploads\/2024\/01\/2_12-540x1536.jpg 540w, https:\/\/chituvem.com\/wp-content\/uploads\/2024\/01\/2_12-720x2048.jpg 720w, https:\/\/chituvem.com\/wp-content\/uploads\/2024\/01\/2_12-600x1706.jpg 600w\" sizes=\"(max-width: 750px) 100vw, 750px\" \/> <img loading=\"lazy\" decoding=\"async\" class=\"alignnone size-full wp-image-2354\" src=\"https:\/\/chituvem.com\/wp-content\/uploads\/2024\/06\/Automatic-Slush-Machine-14.jpg\" alt=\"Machine \u00e0 barbe \u00e0 papa automatique -14\" width=\"750\" height=\"972\" srcset=\"https:\/\/chituvem.com\/wp-content\/uploads\/2024\/06\/Automatic-Slush-Machine-14.jpg 750w, https:\/\/chituvem.com\/wp-content\/uploads\/2024\/06\/Automatic-Slush-Machine-14-231x300.jpg 231w, https:\/\/chituvem.com\/wp-content\/uploads\/2024\/06\/Automatic-Slush-Machine-14-600x778.jpg 600w\" sizes=\"(max-width: 750px) 100vw, 750px\" \/><\/p>\n<h1>FQA<\/h1>\n<p>&nbsp;<\/p>","protected":false},"excerpt":{"rendered":"<p>Why Choose Red Rabbit Fully automatic cotton candy machine ? Guangzhou Red Rabbit was founded in 2017, we have been engaged in the cotton candy machine industry over 7 years, and we are the largest cotton candy machine manufacturer in the world Our company has got all kinds of professional certificates, such as NAMA, CE, [&hellip;]<\/p>","protected":false},"featured_media":2385,"comment_status":"open","ping_status":"closed","template":"","meta":{"_eb_attr":"","inline_featured_image":false},"product_brand":[],"product_cat":[34],"product_tag":[],"class_list":{"0":"post-2379","1":"product","2":"type-product","3":"status-publish","4":"has-post-thumbnail","6":"product_cat-cotton-candy-vending-machine","8":"first","9":"instock","10":"shipping-taxable","11":"product-type-simple"},"_links":{"self":[{"href":"https:\/\/chituvem.com\/fr\/wp-json\/wp\/v2\/product\/2379","targetHints":{"allow":["GET"]}}],"collection":[{"href":"https:\/\/chituvem.com\/fr\/wp-json\/wp\/v2\/product"}],"about":[{"href":"https:\/\/chituvem.com\/fr\/wp-json\/wp\/v2\/types\/product"}],"replies":[{"embeddable":true,"href":"https:\/\/chituvem.com\/fr\/wp-json\/wp\/v2\/comments?post=2379"}],"version-history":[{"count":0,"href":"https:\/\/chituvem.com\/fr\/wp-json\/wp\/v2\/product\/2379\/revisions"}],"wp:featuredmedia":[{"embeddable":true,"href":"https:\/\/chituvem.com\/fr\/wp-json\/wp\/v2\/media\/2385"}],"wp:attachment":[{"href":"https:\/\/chituvem.com\/fr\/wp-json\/wp\/v2\/media?parent=2379"}],"wp:term":[{"taxonomy":"product_brand","embeddable":true,"href":"https:\/\/chituvem.com\/fr\/wp-json\/wp\/v2\/product_brand?post=2379"},{"taxonomy":"product_cat","embeddable":true,"href":"https:\/\/chituvem.com\/fr\/wp-json\/wp\/v2\/product_cat?post=2379"},{"taxonomy":"product_tag","embeddable":true,"href":"https:\/\/chituvem.com\/fr\/wp-json\/wp\/v2\/product_tag?post=2379"}],"curies":[{"name":"wp","href":"https:\/\/api.w.org\/{rel}","templated":true}]}}