{"id":2229,"date":"2024-06-05T06:02:19","date_gmt":"2024-06-05T06:02:19","guid":{"rendered":"https:\/\/chituvem.com\/?post_type=product&#038;p=2229"},"modified":"2024-10-19T04:01:10","modified_gmt":"2024-10-19T04:01:10","slug":"red-rabbit-world-first-fully-automatic-slush-vending-machine-commercial","status":"publish","type":"product","link":"https:\/\/chituvem.com\/fr\/produit\/red-rabbit-world-first-fully-automatic-slush-vending-machine-commercial\/","title":{"rendered":"Red Rabbit Premier distributeur automatique de boissons gazeuses au monde Fabricant de distributeurs automatiques commerciaux"},"content":{"rendered":"<div class=\"lake-content\">\n<ul>\n<li><span class=\"ne-text\">Guangzhou Red Rabbit a \u00e9t\u00e9 fond\u00e9 en 2017, nous sommes engag\u00e9s dans l'industrie des distributeurs automatiques en libre-service depuis plus de 7 ans, Actuellement, il y a une machine \u00e0 barbe \u00e0 papa automatique, une machine \u00e0 cr\u00e8me glac\u00e9e, une machine \u00e0 fleur de neige, une machine \u00e0 Slush et beaucoup d'autres produits.<\/span><\/li>\n<li id=\"u79133437\" class=\"ne-p\"><span class=\"ne-text\">Avec l'exp\u00e9rience de la vente \u00e0 plus de <\/span><span style=\"color: #ff6600;\"><strong><span class=\"ne-text\">10 000 clients dans le monde entier<\/span><\/strong><\/span><span class=\"ne-text\">Nous pouvons vous donner des conseils professionnels pour vous permettre de gagner plus facilement de l'argent avec les machines de notre soci\u00e9t\u00e9.<\/span><\/li>\n<li class=\"lake-content\">\n<p id=\"u53495f2b\" class=\"ne-p\"><span class=\"ne-text\">La machine dispose d'un syst\u00e8me de contr\u00f4le \u00e0 distance en arri\u00e8re-plan, avec une minuterie, un rappel d'inventaire, des donn\u00e9es de vente, des coupons et d'autres fonctions, et elle peut \u00eatre mise \u00e0 niveau \u00e0 distance de la version du syst\u00e8me !<\/span><\/p>\n<\/li>\n<li class=\"lake-content\">\n<p id=\"u53495f2b\" class=\"ne-p\">Nous prenons en charge l'aspect personnalis\u00e9 de la machine, vous pouvez r\u00e9aliser vos id\u00e9es sur la machine, pour cr\u00e9er votre propre machine !<\/p>\n<\/li>\n<\/ul>\n<\/div>\n<p><img fetchpriority=\"high\" decoding=\"async\" class=\"alignnone size-full wp-image-2302\" src=\"https:\/\/chituvem.com\/wp-content\/uploads\/2024\/06\/Automatic-Slush-Machine-1.jpg\" alt=\"\" width=\"790\" height=\"1305\" srcset=\"https:\/\/chituvem.com\/wp-content\/uploads\/2024\/06\/Automatic-Slush-Machine-1.jpg 790w, https:\/\/chituvem.com\/wp-content\/uploads\/2024\/06\/Automatic-Slush-Machine-1-182x300.jpg 182w, https:\/\/chituvem.com\/wp-content\/uploads\/2024\/06\/Automatic-Slush-Machine-1-620x1024.jpg 620w, https:\/\/chituvem.com\/wp-content\/uploads\/2024\/06\/Automatic-Slush-Machine-1-768x1269.jpg 768w, https:\/\/chituvem.com\/wp-content\/uploads\/2024\/06\/Automatic-Slush-Machine-1-600x991.jpg 600w\" sizes=\"(max-width: 790px) 100vw, 790px\" \/> <img decoding=\"async\" class=\"alignnone size-full wp-image-2306\" src=\"https:\/\/chituvem.com\/wp-content\/uploads\/2024\/06\/Automatic-Slush-Machine-2.jpg\" alt=\"\" width=\"790\" height=\"589\" srcset=\"https:\/\/chituvem.com\/wp-content\/uploads\/2024\/06\/Automatic-Slush-Machine-2.jpg 790w, https:\/\/chituvem.com\/wp-content\/uploads\/2024\/06\/Automatic-Slush-Machine-2-300x224.jpg 300w, https:\/\/chituvem.com\/wp-content\/uploads\/2024\/06\/Automatic-Slush-Machine-2-768x573.jpg 768w, https:\/\/chituvem.com\/wp-content\/uploads\/2024\/06\/Automatic-Slush-Machine-2-600x447.jpg 600w\" sizes=\"(max-width: 790px) 100vw, 790px\" \/> <img decoding=\"async\" class=\"alignnone size-full wp-image-2310\" src=\"https:\/\/chituvem.com\/wp-content\/uploads\/2024\/06\/Automatic-Slush-Machine-3.jpg\" alt=\"\" width=\"790\" height=\"1148\" srcset=\"https:\/\/chituvem.com\/wp-content\/uploads\/2024\/06\/Automatic-Slush-Machine-3.jpg 790w, https:\/\/chituvem.com\/wp-content\/uploads\/2024\/06\/Automatic-Slush-Machine-3-206x300.jpg 206w, https:\/\/chituvem.com\/wp-content\/uploads\/2024\/06\/Automatic-Slush-Machine-3-705x1024.jpg 705w, https:\/\/chituvem.com\/wp-content\/uploads\/2024\/06\/Automatic-Slush-Machine-3-768x1116.jpg 768w, https:\/\/chituvem.com\/wp-content\/uploads\/2024\/06\/Automatic-Slush-Machine-3-600x872.jpg 600w\" sizes=\"(max-width: 790px) 100vw, 790px\" \/> <img loading=\"lazy\" decoding=\"async\" class=\"alignnone size-full wp-image-2314\" src=\"https:\/\/chituvem.com\/wp-content\/uploads\/2024\/06\/Automatic-Slush-Machine-4.jpg\" alt=\"\" width=\"790\" height=\"980\" srcset=\"https:\/\/chituvem.com\/wp-content\/uploads\/2024\/06\/Automatic-Slush-Machine-4.jpg 790w, https:\/\/chituvem.com\/wp-content\/uploads\/2024\/06\/Automatic-Slush-Machine-4-242x300.jpg 242w, https:\/\/chituvem.com\/wp-content\/uploads\/2024\/06\/Automatic-Slush-Machine-4-768x953.jpg 768w, https:\/\/chituvem.com\/wp-content\/uploads\/2024\/06\/Automatic-Slush-Machine-4-600x744.jpg 600w\" sizes=\"(max-width: 790px) 100vw, 790px\" \/> <img loading=\"lazy\" decoding=\"async\" class=\"alignnone size-full wp-image-2318\" src=\"https:\/\/chituvem.com\/wp-content\/uploads\/2024\/06\/Automatic-Slush-Machine-5.jpg\" alt=\"\" width=\"790\" height=\"1170\" srcset=\"https:\/\/chituvem.com\/wp-content\/uploads\/2024\/06\/Automatic-Slush-Machine-5.jpg 790w, https:\/\/chituvem.com\/wp-content\/uploads\/2024\/06\/Automatic-Slush-Machine-5-203x300.jpg 203w, https:\/\/chituvem.com\/wp-content\/uploads\/2024\/06\/Automatic-Slush-Machine-5-691x1024.jpg 691w, https:\/\/chituvem.com\/wp-content\/uploads\/2024\/06\/Automatic-Slush-Machine-5-768x1137.jpg 768w, https:\/\/chituvem.com\/wp-content\/uploads\/2024\/06\/Automatic-Slush-Machine-5-600x889.jpg 600w\" sizes=\"(max-width: 790px) 100vw, 790px\" \/> <img loading=\"lazy\" decoding=\"async\" class=\"alignnone size-full wp-image-2322\" src=\"https:\/\/chituvem.com\/wp-content\/uploads\/2024\/06\/Automatic-Slush-Machine-6.jpg\" alt=\"\" width=\"790\" height=\"2279\" srcset=\"https:\/\/chituvem.com\/wp-content\/uploads\/2024\/06\/Automatic-Slush-Machine-6.jpg 790w, https:\/\/chituvem.com\/wp-content\/uploads\/2024\/06\/Automatic-Slush-Machine-6-104x300.jpg 104w, https:\/\/chituvem.com\/wp-content\/uploads\/2024\/06\/Automatic-Slush-Machine-6-355x1024.jpg 355w, https:\/\/chituvem.com\/wp-content\/uploads\/2024\/06\/Automatic-Slush-Machine-6-768x2216.jpg 768w, https:\/\/chituvem.com\/wp-content\/uploads\/2024\/06\/Automatic-Slush-Machine-6-532x1536.jpg 532w, https:\/\/chituvem.com\/wp-content\/uploads\/2024\/06\/Automatic-Slush-Machine-6-710x2048.jpg 710w, https:\/\/chituvem.com\/wp-content\/uploads\/2024\/06\/Automatic-Slush-Machine-6-600x1731.jpg 600w\" sizes=\"(max-width: 790px) 100vw, 790px\" \/> <img loading=\"lazy\" decoding=\"async\" class=\"alignnone size-full wp-image-2326\" src=\"https:\/\/chituvem.com\/wp-content\/uploads\/2024\/06\/Automatic-Slush-Machine-7.jpg\" alt=\"\" width=\"790\" height=\"975\" srcset=\"https:\/\/chituvem.com\/wp-content\/uploads\/2024\/06\/Automatic-Slush-Machine-7.jpg 790w, https:\/\/chituvem.com\/wp-content\/uploads\/2024\/06\/Automatic-Slush-Machine-7-243x300.jpg 243w, https:\/\/chituvem.com\/wp-content\/uploads\/2024\/06\/Automatic-Slush-Machine-7-768x948.jpg 768w, https:\/\/chituvem.com\/wp-content\/uploads\/2024\/06\/Automatic-Slush-Machine-7-600x741.jpg 600w\" sizes=\"(max-width: 790px) 100vw, 790px\" \/> <img loading=\"lazy\" decoding=\"async\" class=\"alignnone size-full wp-image-2330\" src=\"https:\/\/chituvem.com\/wp-content\/uploads\/2024\/06\/Automatic-Slush-Machine-8.jpg\" alt=\"\" width=\"790\" height=\"1488\" srcset=\"https:\/\/chituvem.com\/wp-content\/uploads\/2024\/06\/Automatic-Slush-Machine-8.jpg 790w, https:\/\/chituvem.com\/wp-content\/uploads\/2024\/06\/Automatic-Slush-Machine-8-159x300.jpg 159w, https:\/\/chituvem.com\/wp-content\/uploads\/2024\/06\/Automatic-Slush-Machine-8-544x1024.jpg 544w, https:\/\/chituvem.com\/wp-content\/uploads\/2024\/06\/Automatic-Slush-Machine-8-768x1447.jpg 768w, https:\/\/chituvem.com\/wp-content\/uploads\/2024\/06\/Automatic-Slush-Machine-8-600x1130.jpg 600w\" sizes=\"(max-width: 790px) 100vw, 790px\" \/> <img loading=\"lazy\" decoding=\"async\" class=\"alignnone size-full wp-image-2334\" src=\"https:\/\/chituvem.com\/wp-content\/uploads\/2024\/06\/Automatic-Slush-Machine-9.jpg\" alt=\"\" width=\"790\" height=\"1619\" srcset=\"https:\/\/chituvem.com\/wp-content\/uploads\/2024\/06\/Automatic-Slush-Machine-9.jpg 790w, https:\/\/chituvem.com\/wp-content\/uploads\/2024\/06\/Automatic-Slush-Machine-9-146x300.jpg 146w, https:\/\/chituvem.com\/wp-content\/uploads\/2024\/06\/Automatic-Slush-Machine-9-500x1024.jpg 500w, https:\/\/chituvem.com\/wp-content\/uploads\/2024\/06\/Automatic-Slush-Machine-9-768x1574.jpg 768w, https:\/\/chituvem.com\/wp-content\/uploads\/2024\/06\/Automatic-Slush-Machine-9-749x1536.jpg 749w, https:\/\/chituvem.com\/wp-content\/uploads\/2024\/06\/Automatic-Slush-Machine-9-600x1230.jpg 600w\" sizes=\"(max-width: 790px) 100vw, 790px\" \/> <img loading=\"lazy\" decoding=\"async\" class=\"alignnone size-full wp-image-2338\" src=\"https:\/\/chituvem.com\/wp-content\/uploads\/2024\/06\/Automatic-Slush-Machine-10.jpg\" alt=\"\" width=\"790\" height=\"926\" srcset=\"https:\/\/chituvem.com\/wp-content\/uploads\/2024\/06\/Automatic-Slush-Machine-10.jpg 790w, https:\/\/chituvem.com\/wp-content\/uploads\/2024\/06\/Automatic-Slush-Machine-10-256x300.jpg 256w, https:\/\/chituvem.com\/wp-content\/uploads\/2024\/06\/Automatic-Slush-Machine-10-768x900.jpg 768w, https:\/\/chituvem.com\/wp-content\/uploads\/2024\/06\/Automatic-Slush-Machine-10-600x703.jpg 600w\" sizes=\"(max-width: 790px) 100vw, 790px\" \/> <img loading=\"lazy\" decoding=\"async\" class=\"alignnone size-full wp-image-2342\" src=\"https:\/\/chituvem.com\/wp-content\/uploads\/2024\/06\/Automatic-Slush-Machine-11.jpg\" alt=\"\" width=\"790\" height=\"867\" srcset=\"https:\/\/chituvem.com\/wp-content\/uploads\/2024\/06\/Automatic-Slush-Machine-11.jpg 790w, https:\/\/chituvem.com\/wp-content\/uploads\/2024\/06\/Automatic-Slush-Machine-11-273x300.jpg 273w, https:\/\/chituvem.com\/wp-content\/uploads\/2024\/06\/Automatic-Slush-Machine-11-768x843.jpg 768w, https:\/\/chituvem.com\/wp-content\/uploads\/2024\/06\/Automatic-Slush-Machine-11-600x658.jpg 600w\" sizes=\"(max-width: 790px) 100vw, 790px\" \/> \u00a0<img loading=\"lazy\" decoding=\"async\" class=\"alignnone size-full wp-image-2354\" src=\"https:\/\/chituvem.com\/wp-content\/uploads\/2024\/06\/Automatic-Slush-Machine-14.jpg\" alt=\"\" width=\"750\" height=\"972\" srcset=\"https:\/\/chituvem.com\/wp-content\/uploads\/2024\/06\/Automatic-Slush-Machine-14.jpg 750w, https:\/\/chituvem.com\/wp-content\/uploads\/2024\/06\/Automatic-Slush-Machine-14-231x300.jpg 231w, https:\/\/chituvem.com\/wp-content\/uploads\/2024\/06\/Automatic-Slush-Machine-14-600x778.jpg 600w\" sizes=\"(max-width: 750px) 100vw, 750px\" \/><img loading=\"lazy\" decoding=\"async\" class=\"alignnone size-full wp-image-2350\" src=\"https:\/\/chituvem.com\/wp-content\/uploads\/2024\/06\/Automatic-Slush-Machine-13.jpg\" alt=\"\" width=\"750\" height=\"2133\" srcset=\"https:\/\/chituvem.com\/wp-content\/uploads\/2024\/06\/Automatic-Slush-Machine-13.jpg 750w, https:\/\/chituvem.com\/wp-content\/uploads\/2024\/06\/Automatic-Slush-Machine-13-105x300.jpg 105w, https:\/\/chituvem.com\/wp-content\/uploads\/2024\/06\/Automatic-Slush-Machine-13-360x1024.jpg 360w, https:\/\/chituvem.com\/wp-content\/uploads\/2024\/06\/Automatic-Slush-Machine-13-540x1536.jpg 540w, https:\/\/chituvem.com\/wp-content\/uploads\/2024\/06\/Automatic-Slush-Machine-13-720x2048.jpg 720w, https:\/\/chituvem.com\/wp-content\/uploads\/2024\/06\/Automatic-Slush-Machine-13-600x1706.jpg 600w\" sizes=\"(max-width: 750px) 100vw, 750px\" \/><\/p>","protected":false},"excerpt":{"rendered":"<p>Guangzhou Red Rabbit was founded in 2017, we have been engaged in the self-service vending machine industry over 7 years, Currently there are automatic cotton candy machine, ice cream machine, snow ice flower machine, Slush machine and many other products With the experience of selling to more than 10,000 clients allover the world, we can [&hellip;]<\/p>","protected":false},"featured_media":2230,"comment_status":"open","ping_status":"closed","template":"","meta":{"_eb_attr":"","inline_featured_image":false},"product_brand":[],"product_cat":[93],"product_tag":[],"class_list":{"0":"post-2229","1":"product","2":"type-product","3":"status-publish","4":"has-post-thumbnail","6":"product_cat-slush-machine","8":"first","9":"instock","10":"shipping-taxable","11":"product-type-simple"},"_links":{"self":[{"href":"https:\/\/chituvem.com\/fr\/wp-json\/wp\/v2\/product\/2229","targetHints":{"allow":["GET"]}}],"collection":[{"href":"https:\/\/chituvem.com\/fr\/wp-json\/wp\/v2\/product"}],"about":[{"href":"https:\/\/chituvem.com\/fr\/wp-json\/wp\/v2\/types\/product"}],"replies":[{"embeddable":true,"href":"https:\/\/chituvem.com\/fr\/wp-json\/wp\/v2\/comments?post=2229"}],"version-history":[{"count":0,"href":"https:\/\/chituvem.com\/fr\/wp-json\/wp\/v2\/product\/2229\/revisions"}],"wp:featuredmedia":[{"embeddable":true,"href":"https:\/\/chituvem.com\/fr\/wp-json\/wp\/v2\/media\/2230"}],"wp:attachment":[{"href":"https:\/\/chituvem.com\/fr\/wp-json\/wp\/v2\/media?parent=2229"}],"wp:term":[{"taxonomy":"product_brand","embeddable":true,"href":"https:\/\/chituvem.com\/fr\/wp-json\/wp\/v2\/product_brand?post=2229"},{"taxonomy":"product_cat","embeddable":true,"href":"https:\/\/chituvem.com\/fr\/wp-json\/wp\/v2\/product_cat?post=2229"},{"taxonomy":"product_tag","embeddable":true,"href":"https:\/\/chituvem.com\/fr\/wp-json\/wp\/v2\/product_tag?post=2229"}],"curies":[{"name":"wp","href":"https:\/\/api.w.org\/{rel}","templated":true}]}}