{"id":1879,"date":"2024-04-16T02:44:14","date_gmt":"2024-04-16T02:44:14","guid":{"rendered":"https:\/\/chituvem.com\/?post_type=product&#038;p=1879"},"modified":"2024-10-19T03:59:24","modified_gmt":"2024-10-19T03:59:24","slug":"2024-new-automatic-snowflake-machine-ice-cream-vending-machine","status":"publish","type":"product","link":"https:\/\/chituvem.com\/fr\/produit\/2024-nouveau-distributeur-automatique-de-flocons-de-neige-distributeur-automatique-de-glaces\/","title":{"rendered":"2024 nouveau distributeur automatique de glace flocon de neige distributeur automatique de glaces"},"content":{"rendered":"<h2>Pourquoi choisir le distributeur automatique de flocons de neige\uff1f ?<\/h2>\n<ol>\n<li class=\"lake-content\"><span class=\"ne-text\">15S pr\u00e9paration rapide, go\u00fbt frais, saveurs multiples<\/span><\/li>\n<li class=\"lake-content\"><span class=\"ne-text\">Confiture et nappage personnalis\u00e9s, 2 nappages et 2 confitures, libre \u00e0 vous<\/span><span class=\"ne-text\">m\u00e9lange et assortiment, go\u00fbt riche et s\u00e9lection vari\u00e9e<\/span><\/li>\n<li class=\"lake-content\"><span class=\"ne-text\">Machines en libre-service 24 heures sur 24, t\u00e9l\u00e9command\u00e9es<\/span><\/li>\n<li class=\"lake-content\"><span class=\"ne-text\">Syst\u00e8me d'hibernation intelligent, faible consommation d'\u00e9nergie en mode veille, prolongeant la dur\u00e9e de vie de l'\u00e9quipement.<\/span><\/li>\n<li class=\"lake-content\"><span class=\"ne-text\">Conception anti-pincement<\/span><\/li>\n<li class=\"lake-content\"><span class=\"ne-text\">M\u00e9thodes de paiement accept\u00e9es : billets de banque, pi\u00e8ces de monnaie, cartes de cr\u00e9dit<\/span><\/li>\n<li class=\"lake-content\"><span class=\"ne-text\">Fournir des services \u00e0 l'\u00e9tranger, les mati\u00e8res premi\u00e8res peuvent \u00eatre achet\u00e9es localement \u00e0 l'\u00e9tranger.<\/span><\/li>\n<\/ol>\n<h2>Principales caract\u00e9ristiques de notre distributeur automatique de glace flocon de neige<br \/>\n<img fetchpriority=\"high\" decoding=\"async\" class=\"alignnone size-full wp-image-1904 aligncenter\" src=\"https:\/\/chituvem.com\/wp-content\/uploads\/2024\/04\/\u82f1\u6587-\u53d1\u5149\u5b57\u4fee\u6539\u7248_01.jpg\" alt=\"\" width=\"790\" height=\"1107\" srcset=\"https:\/\/chituvem.com\/wp-content\/uploads\/2024\/04\/\u82f1\u6587-\u53d1\u5149\u5b57\u4fee\u6539\u7248_01.jpg 790w, https:\/\/chituvem.com\/wp-content\/uploads\/2024\/04\/\u82f1\u6587-\u53d1\u5149\u5b57\u4fee\u6539\u7248_01-214x300.jpg 214w, https:\/\/chituvem.com\/wp-content\/uploads\/2024\/04\/\u82f1\u6587-\u53d1\u5149\u5b57\u4fee\u6539\u7248_01-731x1024.jpg 731w, https:\/\/chituvem.com\/wp-content\/uploads\/2024\/04\/\u82f1\u6587-\u53d1\u5149\u5b57\u4fee\u6539\u7248_01-768x1076.jpg 768w, https:\/\/chituvem.com\/wp-content\/uploads\/2024\/04\/\u82f1\u6587-\u53d1\u5149\u5b57\u4fee\u6539\u7248_01-600x841.jpg 600w\" sizes=\"(max-width: 790px) 100vw, 790px\" \/> <img decoding=\"async\" class=\"alignnone size-full wp-image-1908 aligncenter\" src=\"https:\/\/chituvem.com\/wp-content\/uploads\/2024\/04\/\u82f1\u6587-\u53d1\u5149\u5b57\u4fee\u6539\u7248_02.jpg\" alt=\"\" width=\"790\" height=\"566\" srcset=\"https:\/\/chituvem.com\/wp-content\/uploads\/2024\/04\/\u82f1\u6587-\u53d1\u5149\u5b57\u4fee\u6539\u7248_02.jpg 790w, https:\/\/chituvem.com\/wp-content\/uploads\/2024\/04\/\u82f1\u6587-\u53d1\u5149\u5b57\u4fee\u6539\u7248_02-300x215.jpg 300w, https:\/\/chituvem.com\/wp-content\/uploads\/2024\/04\/\u82f1\u6587-\u53d1\u5149\u5b57\u4fee\u6539\u7248_02-768x550.jpg 768w, https:\/\/chituvem.com\/wp-content\/uploads\/2024\/04\/\u82f1\u6587-\u53d1\u5149\u5b57\u4fee\u6539\u7248_02-600x430.jpg 600w\" sizes=\"(max-width: 790px) 100vw, 790px\" \/> <img decoding=\"async\" class=\"alignnone size-full wp-image-1912 aligncenter\" src=\"https:\/\/chituvem.com\/wp-content\/uploads\/2024\/04\/\u82f1\u6587-\u53d1\u5149\u5b57\u4fee\u6539\u7248_03.jpg\" alt=\"\" width=\"790\" height=\"977\" srcset=\"https:\/\/chituvem.com\/wp-content\/uploads\/2024\/04\/\u82f1\u6587-\u53d1\u5149\u5b57\u4fee\u6539\u7248_03.jpg 790w, https:\/\/chituvem.com\/wp-content\/uploads\/2024\/04\/\u82f1\u6587-\u53d1\u5149\u5b57\u4fee\u6539\u7248_03-243x300.jpg 243w, https:\/\/chituvem.com\/wp-content\/uploads\/2024\/04\/\u82f1\u6587-\u53d1\u5149\u5b57\u4fee\u6539\u7248_03-768x950.jpg 768w, https:\/\/chituvem.com\/wp-content\/uploads\/2024\/04\/\u82f1\u6587-\u53d1\u5149\u5b57\u4fee\u6539\u7248_03-600x742.jpg 600w\" sizes=\"(max-width: 790px) 100vw, 790px\" \/> <img loading=\"lazy\" decoding=\"async\" class=\"alignnone size-full wp-image-1916 aligncenter\" src=\"https:\/\/chituvem.com\/wp-content\/uploads\/2024\/04\/\u82f1\u6587-\u53d1\u5149\u5b57\u4fee\u6539\u7248_04-1.jpg\" alt=\"\" width=\"790\" height=\"1136\" srcset=\"https:\/\/chituvem.com\/wp-content\/uploads\/2024\/04\/\u82f1\u6587-\u53d1\u5149\u5b57\u4fee\u6539\u7248_04-1.jpg 790w, https:\/\/chituvem.com\/wp-content\/uploads\/2024\/04\/\u82f1\u6587-\u53d1\u5149\u5b57\u4fee\u6539\u7248_04-1-209x300.jpg 209w, https:\/\/chituvem.com\/wp-content\/uploads\/2024\/04\/\u82f1\u6587-\u53d1\u5149\u5b57\u4fee\u6539\u7248_04-1-712x1024.jpg 712w, https:\/\/chituvem.com\/wp-content\/uploads\/2024\/04\/\u82f1\u6587-\u53d1\u5149\u5b57\u4fee\u6539\u7248_04-1-768x1104.jpg 768w, https:\/\/chituvem.com\/wp-content\/uploads\/2024\/04\/\u82f1\u6587-\u53d1\u5149\u5b57\u4fee\u6539\u7248_04-1-600x863.jpg 600w\" sizes=\"(max-width: 790px) 100vw, 790px\" \/> <img loading=\"lazy\" decoding=\"async\" class=\"alignnone size-full wp-image-1920 aligncenter\" src=\"https:\/\/chituvem.com\/wp-content\/uploads\/2024\/04\/\u82f1\u6587-\u53d1\u5149\u5b57\u4fee\u6539\u7248_05.jpg\" alt=\"\" width=\"790\" height=\"1287\" srcset=\"https:\/\/chituvem.com\/wp-content\/uploads\/2024\/04\/\u82f1\u6587-\u53d1\u5149\u5b57\u4fee\u6539\u7248_05.jpg 790w, https:\/\/chituvem.com\/wp-content\/uploads\/2024\/04\/\u82f1\u6587-\u53d1\u5149\u5b57\u4fee\u6539\u7248_05-184x300.jpg 184w, https:\/\/chituvem.com\/wp-content\/uploads\/2024\/04\/\u82f1\u6587-\u53d1\u5149\u5b57\u4fee\u6539\u7248_05-629x1024.jpg 629w, https:\/\/chituvem.com\/wp-content\/uploads\/2024\/04\/\u82f1\u6587-\u53d1\u5149\u5b57\u4fee\u6539\u7248_05-768x1251.jpg 768w, https:\/\/chituvem.com\/wp-content\/uploads\/2024\/04\/\u82f1\u6587-\u53d1\u5149\u5b57\u4fee\u6539\u7248_05-600x977.jpg 600w\" sizes=\"(max-width: 790px) 100vw, 790px\" \/> <img loading=\"lazy\" decoding=\"async\" class=\"alignnone size-full wp-image-1924 aligncenter\" src=\"https:\/\/chituvem.com\/wp-content\/uploads\/2024\/04\/\u82f1\u6587-\u53d1\u5149\u5b57\u4fee\u6539\u7248_06.jpg\" alt=\"\" width=\"790\" height=\"379\" srcset=\"https:\/\/chituvem.com\/wp-content\/uploads\/2024\/04\/\u82f1\u6587-\u53d1\u5149\u5b57\u4fee\u6539\u7248_06.jpg 790w, https:\/\/chituvem.com\/wp-content\/uploads\/2024\/04\/\u82f1\u6587-\u53d1\u5149\u5b57\u4fee\u6539\u7248_06-300x144.jpg 300w, https:\/\/chituvem.com\/wp-content\/uploads\/2024\/04\/\u82f1\u6587-\u53d1\u5149\u5b57\u4fee\u6539\u7248_06-768x368.jpg 768w, https:\/\/chituvem.com\/wp-content\/uploads\/2024\/04\/\u82f1\u6587-\u53d1\u5149\u5b57\u4fee\u6539\u7248_06-600x288.jpg 600w\" sizes=\"(max-width: 790px) 100vw, 790px\" \/> <img loading=\"lazy\" decoding=\"async\" class=\"alignnone size-full wp-image-1928 aligncenter\" src=\"https:\/\/chituvem.com\/wp-content\/uploads\/2024\/04\/\u82f1\u6587-\u53d1\u5149\u5b57\u4fee\u6539\u7248_07.jpg\" alt=\"\" width=\"790\" height=\"1835\" srcset=\"https:\/\/chituvem.com\/wp-content\/uploads\/2024\/04\/\u82f1\u6587-\u53d1\u5149\u5b57\u4fee\u6539\u7248_07.jpg 790w, https:\/\/chituvem.com\/wp-content\/uploads\/2024\/04\/\u82f1\u6587-\u53d1\u5149\u5b57\u4fee\u6539\u7248_07-129x300.jpg 129w, https:\/\/chituvem.com\/wp-content\/uploads\/2024\/04\/\u82f1\u6587-\u53d1\u5149\u5b57\u4fee\u6539\u7248_07-441x1024.jpg 441w, https:\/\/chituvem.com\/wp-content\/uploads\/2024\/04\/\u82f1\u6587-\u53d1\u5149\u5b57\u4fee\u6539\u7248_07-768x1784.jpg 768w, https:\/\/chituvem.com\/wp-content\/uploads\/2024\/04\/\u82f1\u6587-\u53d1\u5149\u5b57\u4fee\u6539\u7248_07-661x1536.jpg 661w, https:\/\/chituvem.com\/wp-content\/uploads\/2024\/04\/\u82f1\u6587-\u53d1\u5149\u5b57\u4fee\u6539\u7248_07-600x1394.jpg 600w\" sizes=\"(max-width: 790px) 100vw, 790px\" \/> <img loading=\"lazy\" decoding=\"async\" class=\"alignnone size-full wp-image-1932 aligncenter\" src=\"https:\/\/chituvem.com\/wp-content\/uploads\/2024\/04\/\u82f1\u6587-\u53d1\u5149\u5b57\u4fee\u6539\u7248_08.jpg\" alt=\"\" width=\"790\" height=\"2072\" srcset=\"https:\/\/chituvem.com\/wp-content\/uploads\/2024\/04\/\u82f1\u6587-\u53d1\u5149\u5b57\u4fee\u6539\u7248_08.jpg 790w, https:\/\/chituvem.com\/wp-content\/uploads\/2024\/04\/\u82f1\u6587-\u53d1\u5149\u5b57\u4fee\u6539\u7248_08-114x300.jpg 114w, https:\/\/chituvem.com\/wp-content\/uploads\/2024\/04\/\u82f1\u6587-\u53d1\u5149\u5b57\u4fee\u6539\u7248_08-390x1024.jpg 390w, https:\/\/chituvem.com\/wp-content\/uploads\/2024\/04\/\u82f1\u6587-\u53d1\u5149\u5b57\u4fee\u6539\u7248_08-768x2014.jpg 768w, https:\/\/chituvem.com\/wp-content\/uploads\/2024\/04\/\u82f1\u6587-\u53d1\u5149\u5b57\u4fee\u6539\u7248_08-586x1536.jpg 586w, https:\/\/chituvem.com\/wp-content\/uploads\/2024\/04\/\u82f1\u6587-\u53d1\u5149\u5b57\u4fee\u6539\u7248_08-781x2048.jpg 781w, https:\/\/chituvem.com\/wp-content\/uploads\/2024\/04\/\u82f1\u6587-\u53d1\u5149\u5b57\u4fee\u6539\u7248_08-600x1574.jpg 600w\" sizes=\"(max-width: 790px) 100vw, 790px\" \/> <img loading=\"lazy\" decoding=\"async\" class=\"alignnone size-full wp-image-1936 aligncenter\" src=\"https:\/\/chituvem.com\/wp-content\/uploads\/2024\/04\/\u82f1\u6587-\u53d1\u5149\u5b57\u4fee\u6539\u7248_09.jpg\" alt=\"\" width=\"790\" height=\"1284\" srcset=\"https:\/\/chituvem.com\/wp-content\/uploads\/2024\/04\/\u82f1\u6587-\u53d1\u5149\u5b57\u4fee\u6539\u7248_09.jpg 790w, https:\/\/chituvem.com\/wp-content\/uploads\/2024\/04\/\u82f1\u6587-\u53d1\u5149\u5b57\u4fee\u6539\u7248_09-185x300.jpg 185w, https:\/\/chituvem.com\/wp-content\/uploads\/2024\/04\/\u82f1\u6587-\u53d1\u5149\u5b57\u4fee\u6539\u7248_09-630x1024.jpg 630w, https:\/\/chituvem.com\/wp-content\/uploads\/2024\/04\/\u82f1\u6587-\u53d1\u5149\u5b57\u4fee\u6539\u7248_09-768x1248.jpg 768w, https:\/\/chituvem.com\/wp-content\/uploads\/2024\/04\/\u82f1\u6587-\u53d1\u5149\u5b57\u4fee\u6539\u7248_09-600x975.jpg 600w\" sizes=\"(max-width: 790px) 100vw, 790px\" \/><\/h2>\n<h2><img loading=\"lazy\" decoding=\"async\" class=\"alignnone size-full wp-image-1940 aligncenter\" src=\"https:\/\/chituvem.com\/wp-content\/uploads\/2024\/04\/\u82f1\u6587-\u53d1\u5149\u5b57\u4fee\u6539\u7248_10.jpg\" alt=\"\" width=\"790\" height=\"799\" srcset=\"https:\/\/chituvem.com\/wp-content\/uploads\/2024\/04\/\u82f1\u6587-\u53d1\u5149\u5b57\u4fee\u6539\u7248_10.jpg 790w, https:\/\/chituvem.com\/wp-content\/uploads\/2024\/04\/\u82f1\u6587-\u53d1\u5149\u5b57\u4fee\u6539\u7248_10-297x300.jpg 297w, https:\/\/chituvem.com\/wp-content\/uploads\/2024\/04\/\u82f1\u6587-\u53d1\u5149\u5b57\u4fee\u6539\u7248_10-768x777.jpg 768w, https:\/\/chituvem.com\/wp-content\/uploads\/2024\/04\/\u82f1\u6587-\u53d1\u5149\u5b57\u4fee\u6539\u7248_10-600x607.jpg 600w, https:\/\/chituvem.com\/wp-content\/uploads\/2024\/04\/\u82f1\u6587-\u53d1\u5149\u5b57\u4fee\u6539\u7248_10-100x100.jpg 100w\" sizes=\"(max-width: 790px) 100vw, 790px\" \/> <img loading=\"lazy\" decoding=\"async\" class=\"alignnone size-full wp-image-1944 aligncenter\" src=\"https:\/\/chituvem.com\/wp-content\/uploads\/2024\/04\/\u82f1\u6587-\u53d1\u5149\u5b57\u4fee\u6539\u7248_11.jpg\" alt=\"\" width=\"790\" height=\"1378\" srcset=\"https:\/\/chituvem.com\/wp-content\/uploads\/2024\/04\/\u82f1\u6587-\u53d1\u5149\u5b57\u4fee\u6539\u7248_11.jpg 790w, https:\/\/chituvem.com\/wp-content\/uploads\/2024\/04\/\u82f1\u6587-\u53d1\u5149\u5b57\u4fee\u6539\u7248_11-172x300.jpg 172w, https:\/\/chituvem.com\/wp-content\/uploads\/2024\/04\/\u82f1\u6587-\u53d1\u5149\u5b57\u4fee\u6539\u7248_11-587x1024.jpg 587w, https:\/\/chituvem.com\/wp-content\/uploads\/2024\/04\/\u82f1\u6587-\u53d1\u5149\u5b57\u4fee\u6539\u7248_11-768x1340.jpg 768w, https:\/\/chituvem.com\/wp-content\/uploads\/2024\/04\/\u82f1\u6587-\u53d1\u5149\u5b57\u4fee\u6539\u7248_11-600x1047.jpg 600w\" sizes=\"(max-width: 790px) 100vw, 790px\" \/><\/h2>","protected":false},"excerpt":{"rendered":"<p>Why Choose the\u00a0 Automatic Snowflake Ice Vending Machine\uff1f 15S fast preparation, fresh taste, multiple flavors Customized jam and toppings, 2 toppings and 2 jams, free tomix and match, rich taste and diverse selection 24-hour self-service, remote-controlled machines Intelligent hibernation system, low standby power consumption, prolonging the service life of the equipment Anti-pinch design Support payment [&hellip;]<\/p>","protected":false},"featured_media":1880,"comment_status":"open","ping_status":"closed","template":"","meta":{"_eb_attr":"","inline_featured_image":false},"product_brand":[],"product_cat":[86],"product_tag":[],"class_list":{"0":"post-1879","1":"product","2":"type-product","3":"status-publish","4":"has-post-thumbnail","6":"product_cat-snowflake-ice-machine","8":"first","9":"instock","10":"shipping-taxable","11":"product-type-simple"},"_links":{"self":[{"href":"https:\/\/chituvem.com\/fr\/wp-json\/wp\/v2\/product\/1879","targetHints":{"allow":["GET"]}}],"collection":[{"href":"https:\/\/chituvem.com\/fr\/wp-json\/wp\/v2\/product"}],"about":[{"href":"https:\/\/chituvem.com\/fr\/wp-json\/wp\/v2\/types\/product"}],"replies":[{"embeddable":true,"href":"https:\/\/chituvem.com\/fr\/wp-json\/wp\/v2\/comments?post=1879"}],"version-history":[{"count":0,"href":"https:\/\/chituvem.com\/fr\/wp-json\/wp\/v2\/product\/1879\/revisions"}],"wp:featuredmedia":[{"embeddable":true,"href":"https:\/\/chituvem.com\/fr\/wp-json\/wp\/v2\/media\/1880"}],"wp:attachment":[{"href":"https:\/\/chituvem.com\/fr\/wp-json\/wp\/v2\/media?parent=1879"}],"wp:term":[{"taxonomy":"product_brand","embeddable":true,"href":"https:\/\/chituvem.com\/fr\/wp-json\/wp\/v2\/product_brand?post=1879"},{"taxonomy":"product_cat","embeddable":true,"href":"https:\/\/chituvem.com\/fr\/wp-json\/wp\/v2\/product_cat?post=1879"},{"taxonomy":"product_tag","embeddable":true,"href":"https:\/\/chituvem.com\/fr\/wp-json\/wp\/v2\/product_tag?post=1879"}],"curies":[{"name":"wp","href":"https:\/\/api.w.org\/{rel}","templated":true}]}}