{"id":1450,"date":"2024-01-18T09:10:30","date_gmt":"2024-01-18T09:10:30","guid":{"rendered":"https:\/\/chituvem.com\/?post_type=product&#038;p=1450"},"modified":"2024-10-19T03:59:40","modified_gmt":"2024-10-19T03:59:40","slug":"new-best-commercial-automatic-cotton-candy-making-machine-floss-cotton-candy-machine","status":"publish","type":"product","link":"https:\/\/chituvem.com\/fr\/produit\/nouvelle-meilleure-machine-commerciale-de-fabrication-de-barbe-a-papa-automatique-machine-a-barbe-a-papa-en-soie\/","title":{"rendered":"Nouvelle machine automatique de fabrication de barbe \u00e0 papa pour le commerce"},"content":{"rendered":"<div class=\"lake-content\">\n<h4 style=\"text-align: left;\">Pourquoi choisir la machine \u00e0 barbe \u00e0 papa automatique Red Rabbit ?<\/h4>\n<p id=\"u269a5892\" class=\"ne-p\" style=\"text-align: left;\"><span class=\"ne-text\">1<\/span><span class=\"ne-text\">Guangzhou Red Rabbit<\/span><span class=\"ne-text\"> a \u00e9t\u00e9 fond\u00e9e en 2017, nous sommes engag\u00e9s dans l'industrie de la machine \u00e0 barbe \u00e0 papa. <\/span><span class=\"ne-text\">plus<\/span><span class=\"ne-text\"> Depuis 7 ans, nous sommes le plus grand fabricant de machines \u00e0 barbe \u00e0 papa au monde.<\/span><\/p>\n<div class=\"lake-content\" style=\"text-align: center;\">\n<p id=\"u6435c0cf\" class=\"ne-p\" style=\"text-align: left;\"><span class=\"ne-text\">2. notre soci\u00e9t\u00e9 a <\/span><span class=\"ne-text\">a <\/span><span class=\"ne-text\">tous les types de<\/span>f certificats professionnels, tels que NAMA, CE, RoHS, FCC, IC, FDA, SAA, etc. et plus de 100 brevets.<span class=\"ne-text\">Les entreprises, qui peuvent s'assurer que vous avez la possibilit\u00e9 d'acheter des produits et des services de qualit\u00e9, sont en mesure d'offrir des services de qualit\u00e9. <\/span><span class=\"ne-text\">en cours d'ex\u00e9cution<\/span><span class=\"ne-text\"> la machine dans n'importe quel endroit.<\/span><\/p>\n<div class=\"lake-content\">\n<p id=\"u774195b4\" class=\"ne-p\" style=\"text-align: left;\"><span class=\"ne-text\">3. avec l'exp\u00e9rience de la vente<\/span>Avec plus de 10 000 clients dans le monde entier, nous pouvons vous donner des conseils professionnels pour vous permettre de gagner plus facilement de l'argent avec la machine \u00e0 barbe \u00e0 papa !<\/p>\n<div class=\"lake-content\">\n<p id=\"u0fd15096\" class=\"ne-p\" style=\"text-align: left;\"><span class=\"ne-text\">4. la machine dispose d'un syst\u00e8me de contr\u00f4le \u00e0 distance en arri\u00e8re-plan, avec une minuterie, un rappel d'inventaire, des donn\u00e9es de vente, des coupons et d'autres fonctions, et peut \u00eatre mise \u00e0 niveau \u00e0 distance de la version du syst\u00e8me !<\/span><\/p>\n<div class=\"lake-content\">\n<p id=\"u6ab19daa\" class=\"ne-p\" style=\"text-align: left;\"><span class=\"ne-text\">5. nous prenons en charge l'aspect personnalis\u00e9 de la machine, vous pouvez r\u00e9aliser vos id\u00e9es sur la machine, pour cr\u00e9er votre propre machine !<\/span><\/p>\n<p style=\"text-align: center;\"><img fetchpriority=\"high\" decoding=\"async\" class=\"alignnone size-full wp-image-1422 alignleft\" src=\"https:\/\/chituvem.com\/wp-content\/uploads\/2024\/01\/2_03.jpg\" alt=\"\" width=\"750\" height=\"631\" srcset=\"https:\/\/chituvem.com\/wp-content\/uploads\/2024\/01\/2_03.jpg 750w, https:\/\/chituvem.com\/wp-content\/uploads\/2024\/01\/2_03-300x252.jpg 300w, https:\/\/chituvem.com\/wp-content\/uploads\/2024\/01\/2_03-600x505.jpg 600w\" sizes=\"(max-width: 750px) 100vw, 750px\" \/> <img decoding=\"async\" class=\"alignnone size-full wp-image-1410 alignleft\" src=\"https:\/\/chituvem.com\/wp-content\/uploads\/2024\/01\/2_02.jpg\" alt=\"\" width=\"750\" height=\"499\" srcset=\"https:\/\/chituvem.com\/wp-content\/uploads\/2024\/01\/2_02.jpg 750w, https:\/\/chituvem.com\/wp-content\/uploads\/2024\/01\/2_02-300x200.jpg 300w, https:\/\/chituvem.com\/wp-content\/uploads\/2024\/01\/2_02-600x399.jpg 600w\" sizes=\"(max-width: 750px) 100vw, 750px\" \/> <img decoding=\"async\" class=\"wp-image-1471 size-full alignleft\" src=\"https:\/\/chituvem.com\/wp-content\/uploads\/2024\/01\/608.jpg\" alt=\"\" width=\"750\" height=\"1224\" srcset=\"https:\/\/chituvem.com\/wp-content\/uploads\/2024\/01\/608.jpg 750w, https:\/\/chituvem.com\/wp-content\/uploads\/2024\/01\/608-184x300.jpg 184w, https:\/\/chituvem.com\/wp-content\/uploads\/2024\/01\/608-627x1024.jpg 627w, https:\/\/chituvem.com\/wp-content\/uploads\/2024\/01\/608-600x979.jpg 600w\" sizes=\"(max-width: 750px) 100vw, 750px\" \/> <img loading=\"lazy\" decoding=\"async\" class=\"alignnone size-full wp-image-1414 alignleft\" src=\"https:\/\/chituvem.com\/wp-content\/uploads\/2024\/01\/2_04.jpg\" alt=\"\" width=\"750\" height=\"995\" srcset=\"https:\/\/chituvem.com\/wp-content\/uploads\/2024\/01\/2_04.jpg 750w, https:\/\/chituvem.com\/wp-content\/uploads\/2024\/01\/2_04-226x300.jpg 226w, https:\/\/chituvem.com\/wp-content\/uploads\/2024\/01\/2_04-600x796.jpg 600w\" sizes=\"(max-width: 750px) 100vw, 750px\" \/> <img loading=\"lazy\" decoding=\"async\" class=\"wp-image-1459 size-full alignleft\" src=\"https:\/\/chituvem.com\/wp-content\/uploads\/2024\/01\/608-1.jpg\" alt=\"\" width=\"750\" height=\"765\" srcset=\"https:\/\/chituvem.com\/wp-content\/uploads\/2024\/01\/608-1.jpg 750w, https:\/\/chituvem.com\/wp-content\/uploads\/2024\/01\/608-1-294x300.jpg 294w, https:\/\/chituvem.com\/wp-content\/uploads\/2024\/01\/608-1-600x612.jpg 600w\" sizes=\"(max-width: 750px) 100vw, 750px\" \/><\/p>\n<table class=\"alignleft\" style=\"height: 423px;\" width=\"745\">\n<thead>\n<tr>\n<th>Num\u00e9ro de produit\uff1a<\/th>\n<th><span style=\"vertical-align: inherit;\">CT-608<\/span><\/th>\n<\/tr>\n<\/thead>\n<tbody>\n<tr>\n<td>taille\uff1a<\/td>\n<td>Hauteur 290CM \/ Largeur 140CM \/ Profondeur 66CM<\/td>\n<\/tr>\n<tr>\n<td><span style=\"vertical-align: inherit;\">Puissance\uff1a<\/span><\/td>\n<td>400~2500w<\/td>\n<\/tr>\n<tr>\n<td><span style=\"vertical-align: inherit;\">Poids\uff1a<\/span><\/td>\n<td><span style=\"vertical-align: inherit;\">400KG<\/span><\/td>\n<\/tr>\n<tr>\n<td><span style=\"vertical-align: inherit;\">Style\uff1a<\/span><\/td>\n<td>144(en augmentation constante)<\/td>\n<\/tr>\n<tr>\n<td>Consommation de sucre\uff1a<\/td>\n<td>35 Sucre par 1kg<\/td>\n<\/tr>\n<tr>\n<td>Consommation d'eau\uff1a<\/td>\n<td>35 Sucre par 1kg<\/td>\n<\/tr>\n<tr>\n<td><span style=\"vertical-align: inherit;\">Capacit\u00e9 de la benne\uff1a<\/span><\/td>\n<td><span style=\"vertical-align: inherit;\">12L<\/span><\/td>\n<\/tr>\n<tr>\n<td><span style=\"vertical-align: inherit;\">Stockage du sucre\uff1a30<\/span><\/td>\n<td><span style=\"vertical-align: inherit;\">300<\/span><\/td>\n<\/tr>\n<tr>\n<td>Fonction de la poche \u00e0 yaourt\uff1a<\/td>\n<td>En option<\/td>\n<\/tr>\n<tr>\n<td><span style=\"vertical-align: inherit;\">mode de paiement\uff1a<\/span><\/td>\n<td>Cash\u3001Coin\u3001Pay By CaRD<\/td>\n<\/tr>\n<tr>\n<td><span style=\"vertical-align: inherit;\">Logistique Emballage\uff1a<\/span><\/td>\n<td><span style=\"vertical-align: inherit;\">CBM\uff1a2.2m\u00b2\uff0cDimensions de l'emballage\uff1a141CM\/78CM\/196CM<\/span><\/td>\n<\/tr>\n<\/tbody>\n<\/table>\n<p style=\"text-align: left;\"><img loading=\"lazy\" decoding=\"async\" class=\"alignnone size-full wp-image-1382\" src=\"https:\/\/chituvem.com\/wp-content\/uploads\/2024\/01\/2_07.jpg\" alt=\"\" width=\"750\" height=\"1132\" srcset=\"https:\/\/chituvem.com\/wp-content\/uploads\/2024\/01\/2_07.jpg 750w, https:\/\/chituvem.com\/wp-content\/uploads\/2024\/01\/2_07-199x300.jpg 199w, https:\/\/chituvem.com\/wp-content\/uploads\/2024\/01\/2_07-678x1024.jpg 678w, https:\/\/chituvem.com\/wp-content\/uploads\/2024\/01\/2_07-600x906.jpg 600w\" sizes=\"(max-width: 750px) 100vw, 750px\" \/> <img loading=\"lazy\" decoding=\"async\" class=\"alignnone wp-image-1463 size-full\" src=\"https:\/\/chituvem.com\/wp-content\/uploads\/2024\/01\/608-2.jpg\" alt=\"\" width=\"750\" height=\"937\" srcset=\"https:\/\/chituvem.com\/wp-content\/uploads\/2024\/01\/608-2.jpg 750w, https:\/\/chituvem.com\/wp-content\/uploads\/2024\/01\/608-2-240x300.jpg 240w, https:\/\/chituvem.com\/wp-content\/uploads\/2024\/01\/608-2-600x750.jpg 600w\" sizes=\"(max-width: 750px) 100vw, 750px\" \/> <img loading=\"lazy\" decoding=\"async\" class=\"alignnone size-full wp-image-1390\" src=\"https:\/\/chituvem.com\/wp-content\/uploads\/2024\/01\/2_09.jpg\" alt=\"\" width=\"750\" height=\"2413\" srcset=\"https:\/\/chituvem.com\/wp-content\/uploads\/2024\/01\/2_09.jpg 750w, https:\/\/chituvem.com\/wp-content\/uploads\/2024\/01\/2_09-93x300.jpg 93w, https:\/\/chituvem.com\/wp-content\/uploads\/2024\/01\/2_09-318x1024.jpg 318w, https:\/\/chituvem.com\/wp-content\/uploads\/2024\/01\/2_09-477x1536.jpg 477w, https:\/\/chituvem.com\/wp-content\/uploads\/2024\/01\/2_09-637x2048.jpg 637w, https:\/\/chituvem.com\/wp-content\/uploads\/2024\/01\/2_09-600x1930.jpg 600w\" sizes=\"(max-width: 750px) 100vw, 750px\" \/> <img loading=\"lazy\" decoding=\"async\" class=\"alignnone size-full wp-image-1394\" src=\"https:\/\/chituvem.com\/wp-content\/uploads\/2024\/01\/2_10.jpg\" alt=\"\" width=\"750\" height=\"1001\" srcset=\"https:\/\/chituvem.com\/wp-content\/uploads\/2024\/01\/2_10.jpg 750w, https:\/\/chituvem.com\/wp-content\/uploads\/2024\/01\/2_10-225x300.jpg 225w, https:\/\/chituvem.com\/wp-content\/uploads\/2024\/01\/2_10-600x801.jpg 600w\" sizes=\"(max-width: 750px) 100vw, 750px\" \/> <img loading=\"lazy\" decoding=\"async\" class=\"alignnone size-full wp-image-1398\" src=\"https:\/\/chituvem.com\/wp-content\/uploads\/2024\/01\/2_11.jpg\" alt=\"\" width=\"750\" height=\"1023\" srcset=\"https:\/\/chituvem.com\/wp-content\/uploads\/2024\/01\/2_11.jpg 750w, https:\/\/chituvem.com\/wp-content\/uploads\/2024\/01\/2_11-220x300.jpg 220w, https:\/\/chituvem.com\/wp-content\/uploads\/2024\/01\/2_11-600x818.jpg 600w\" sizes=\"(max-width: 750px) 100vw, 750px\" \/> <img loading=\"lazy\" decoding=\"async\" class=\"alignnone size-full wp-image-1402\" src=\"https:\/\/chituvem.com\/wp-content\/uploads\/2024\/01\/2_12.jpg\" alt=\"\" width=\"750\" height=\"2133\" srcset=\"https:\/\/chituvem.com\/wp-content\/uploads\/2024\/01\/2_12.jpg 750w, https:\/\/chituvem.com\/wp-content\/uploads\/2024\/01\/2_12-105x300.jpg 105w, https:\/\/chituvem.com\/wp-content\/uploads\/2024\/01\/2_12-360x1024.jpg 360w, https:\/\/chituvem.com\/wp-content\/uploads\/2024\/01\/2_12-540x1536.jpg 540w, https:\/\/chituvem.com\/wp-content\/uploads\/2024\/01\/2_12-720x2048.jpg 720w, https:\/\/chituvem.com\/wp-content\/uploads\/2024\/01\/2_12-600x1706.jpg 600w\" sizes=\"(max-width: 750px) 100vw, 750px\" \/><\/p>\n<p style=\"text-align: center;\">\n<\/div>\n<\/div>\n<\/div>\n<\/div>\n<\/div>","protected":false},"excerpt":{"rendered":"<p>Why Choose Red Rabbit Automatic Cotton Candy\u00a0 Machine? 1.Guangzhou Red Rabbit was founded in 2017, we have been engaged in the cotton candy machine industry over 7 years, and we are the largest cotton candy machine manufacturer in the world 2.Our company has got all kinds of professional certificates, such as NAMA, CE, RoHS, FCC, [&hellip;]<\/p>","protected":false},"featured_media":1475,"comment_status":"open","ping_status":"closed","template":"","meta":{"_eb_attr":"","inline_featured_image":false},"product_brand":[],"product_cat":[34],"product_tag":[],"class_list":{"0":"post-1450","1":"product","2":"type-product","3":"status-publish","4":"has-post-thumbnail","6":"product_cat-cotton-candy-vending-machine","8":"first","9":"instock","10":"shipping-taxable","11":"product-type-simple"},"_links":{"self":[{"href":"https:\/\/chituvem.com\/fr\/wp-json\/wp\/v2\/product\/1450","targetHints":{"allow":["GET"]}}],"collection":[{"href":"https:\/\/chituvem.com\/fr\/wp-json\/wp\/v2\/product"}],"about":[{"href":"https:\/\/chituvem.com\/fr\/wp-json\/wp\/v2\/types\/product"}],"replies":[{"embeddable":true,"href":"https:\/\/chituvem.com\/fr\/wp-json\/wp\/v2\/comments?post=1450"}],"version-history":[{"count":0,"href":"https:\/\/chituvem.com\/fr\/wp-json\/wp\/v2\/product\/1450\/revisions"}],"wp:featuredmedia":[{"embeddable":true,"href":"https:\/\/chituvem.com\/fr\/wp-json\/wp\/v2\/media\/1475"}],"wp:attachment":[{"href":"https:\/\/chituvem.com\/fr\/wp-json\/wp\/v2\/media?parent=1450"}],"wp:term":[{"taxonomy":"product_brand","embeddable":true,"href":"https:\/\/chituvem.com\/fr\/wp-json\/wp\/v2\/product_brand?post=1450"},{"taxonomy":"product_cat","embeddable":true,"href":"https:\/\/chituvem.com\/fr\/wp-json\/wp\/v2\/product_cat?post=1450"},{"taxonomy":"product_tag","embeddable":true,"href":"https:\/\/chituvem.com\/fr\/wp-json\/wp\/v2\/product_tag?post=1450"}],"curies":[{"name":"wp","href":"https:\/\/api.w.org\/{rel}","templated":true}]}}