{"id":392,"date":"2024-01-06T07:04:42","date_gmt":"2024-01-06T07:04:42","guid":{"rendered":"https:\/\/chitu.jzyseo.cn\/?post_type=product&#038;p=392"},"modified":"2024-10-19T03:59:47","modified_gmt":"2024-10-19T03:59:47","slug":"exclusive-diy-function-automatic-cotton-candy-vending-machine","status":"publish","type":"product","link":"https:\/\/chituvem.com\/es\/producto\/exclusive-diy-function-automatic-cotton-candy-vending-machine\/","title":{"rendered":"M\u00e1quina expendedora autom\u00e1tica de algod\u00f3n de az\u00facar con funci\u00f3n Diy exclusiva"},"content":{"rendered":"<div class=\"lake-content\">\n<h4 style=\"text-align: left;\">\u00bfPor qu\u00e9 elegir la m\u00e1quina autom\u00e1tica de algod\u00f3n de az\u00facar Red Rabbit?<\/h4>\n<p id=\"u269a5892\" class=\"ne-p\" style=\"text-align: left;\"><span class=\"ne-text\">1<\/span><span class=\"ne-text\">Conejo Rojo de Guangzhou<\/span><span class=\"ne-text\"> fue fundada en 2017, nos hemos dedicado a la industria de m\u00e1quinas de algod\u00f3n de az\u00facar <\/span><span class=\"ne-text\">en<\/span><span class=\"ne-text\"> 7 a\u00f1os, y somos el mayor fabricante de m\u00e1quinas de algod\u00f3n de az\u00facar del mundo<\/span><\/p>\n<div class=\"lake-content\" style=\"text-align: center;\">\n<p id=\"u6435c0cf\" class=\"ne-p\" style=\"text-align: left;\"><span class=\"ne-text\">2.Nuestra empresa cuenta con <\/span><span class=\"ne-text\">Tengo <\/span><span class=\"ne-text\">todo tipo de<\/span>f certificados profesionales, como NAMA, CE, RoHS, FCC, IC, FDA, SAA, etc. y m\u00e1s de 100 pat<span class=\"ne-text\">entes, lo que puede asegurarle <\/span><span class=\"ne-text\">corriendo<\/span><span class=\"ne-text\"> la m\u00e1quina en cualquier lugar.<\/span><\/p>\n<div class=\"lake-content\">\n<p id=\"u774195b4\" class=\"ne-p\" style=\"text-align: left;\"><span class=\"ne-text\">3.Con la experiencia de vender<\/span>Con m\u00e1s de 10.000 clientes en todo el mundo, podemos ofrecerle asesoramiento profesional para que le resulte m\u00e1s f\u00e1cil ganar dinero con la m\u00e1quina de algod\u00f3n de az\u00facar.<\/p>\n<div class=\"lake-content\">\n<p id=\"u0fd15096\" class=\"ne-p\" style=\"text-align: left;\"><span class=\"ne-text\">\u00a14.La m\u00e1quina tiene un sistema de control remoto de fondo, con interruptor temporizador, recordatorio de inventario, datos de ventas, cupones establecidos y otras funciones, y se puede actualizar a distancia la versi\u00f3n del sistema!<\/span><\/p>\n<div class=\"lake-content\">\n<p id=\"u6ab19daa\" class=\"ne-p\" style=\"text-align: left;\"><span class=\"ne-text\">5.\u00a1Apoyamos la apariencia personalizada de la m\u00e1quina, puede realizar sus ideas en la m\u00e1quina, para crear su propia m\u00e1quina!<\/span><\/p>\n<p style=\"text-align: center;\"><img fetchpriority=\"high\" decoding=\"async\" class=\"alignnone size-full wp-image-1422 alignleft\" src=\"https:\/\/chituvem.com\/wp-content\/uploads\/2024\/01\/2_03.jpg\" alt=\"\" width=\"750\" height=\"631\" srcset=\"https:\/\/chituvem.com\/wp-content\/uploads\/2024\/01\/2_03.jpg 750w, https:\/\/chituvem.com\/wp-content\/uploads\/2024\/01\/2_03-300x252.jpg 300w, https:\/\/chituvem.com\/wp-content\/uploads\/2024\/01\/2_03-600x505.jpg 600w\" sizes=\"(max-width: 750px) 100vw, 750px\" \/> <img decoding=\"async\" class=\"alignnone size-full wp-image-1410 alignleft\" src=\"https:\/\/chituvem.com\/wp-content\/uploads\/2024\/01\/2_02.jpg\" alt=\"\" width=\"750\" height=\"499\" srcset=\"https:\/\/chituvem.com\/wp-content\/uploads\/2024\/01\/2_02.jpg 750w, https:\/\/chituvem.com\/wp-content\/uploads\/2024\/01\/2_02-300x200.jpg 300w, https:\/\/chituvem.com\/wp-content\/uploads\/2024\/01\/2_02-600x399.jpg 600w\" sizes=\"(max-width: 750px) 100vw, 750px\" \/> <img decoding=\"async\" class=\"wp-image-1467 size-full alignleft\" src=\"https:\/\/chituvem.com\/wp-content\/uploads\/2024\/01\/503-3.jpg\" alt=\"\" width=\"750\" height=\"1224\" srcset=\"https:\/\/chituvem.com\/wp-content\/uploads\/2024\/01\/503-3.jpg 750w, https:\/\/chituvem.com\/wp-content\/uploads\/2024\/01\/503-3-184x300.jpg 184w, https:\/\/chituvem.com\/wp-content\/uploads\/2024\/01\/503-3-627x1024.jpg 627w, https:\/\/chituvem.com\/wp-content\/uploads\/2024\/01\/503-3-600x979.jpg 600w\" sizes=\"(max-width: 750px) 100vw, 750px\" \/> <img loading=\"lazy\" decoding=\"async\" class=\"alignnone size-full wp-image-1414 alignleft\" src=\"https:\/\/chituvem.com\/wp-content\/uploads\/2024\/01\/2_04.jpg\" alt=\"\" width=\"750\" height=\"995\" srcset=\"https:\/\/chituvem.com\/wp-content\/uploads\/2024\/01\/2_04.jpg 750w, https:\/\/chituvem.com\/wp-content\/uploads\/2024\/01\/2_04-226x300.jpg 226w, https:\/\/chituvem.com\/wp-content\/uploads\/2024\/01\/2_04-600x796.jpg 600w\" sizes=\"(max-width: 750px) 100vw, 750px\" \/> <img loading=\"lazy\" decoding=\"async\" class=\"wp-image-1451 size-full alignleft\" src=\"https:\/\/chituvem.com\/wp-content\/uploads\/2024\/01\/503-1.jpg\" alt=\"\" width=\"750\" height=\"766\" srcset=\"https:\/\/chituvem.com\/wp-content\/uploads\/2024\/01\/503-1.jpg 750w, https:\/\/chituvem.com\/wp-content\/uploads\/2024\/01\/503-1-294x300.jpg 294w, https:\/\/chituvem.com\/wp-content\/uploads\/2024\/01\/503-1-600x613.jpg 600w\" sizes=\"(max-width: 750px) 100vw, 750px\" \/><\/p>\n<table class=\"alignleft\" style=\"height: 423px;\" width=\"745\">\n<thead>\n<tr>\n<th>N\u00famero de producto\uff1a<\/th>\n<th><span style=\"vertical-align: inherit;\">CT-503<\/span><\/th>\n<\/tr>\n<\/thead>\n<tbody>\n<tr>\n<td>tama\u00f1o\uff1a<\/td>\n<td>Altura 200CM \/ Anchura 133CM \/ Profundidad 66CM<\/td>\n<\/tr>\n<tr>\n<td><span style=\"vertical-align: inherit;\">Poder\uff1a<\/span><\/td>\n<td>400~2500w<\/td>\n<\/tr>\n<tr>\n<td><span style=\"vertical-align: inherit;\">Peso\uff1a<\/span><\/td>\n<td><span style=\"vertical-align: inherit;\">400KG<\/span><\/td>\n<\/tr>\n<tr>\n<td><span style=\"vertical-align: inherit;\">Estilo\uff1a<\/span><\/td>\n<td>144(Aumento continuo)<\/td>\n<\/tr>\n<tr>\n<td>Consumo de az\u00facar\uff1a<\/td>\n<td>35 Az\u00facar por 1 kg<\/td>\n<\/tr>\n<tr>\n<td>Consumo de agua\uff1a<\/td>\n<td>35 Az\u00facar por 1 kg<\/td>\n<\/tr>\n<tr>\n<td><span style=\"vertical-align: inherit;\">Capacidad del cubo\uff1a<\/span><\/td>\n<td><span style=\"vertical-align: inherit;\">12L<\/span><\/td>\n<\/tr>\n<tr>\n<td><span style=\"vertical-align: inherit;\">Almacenamiento de az\u00facar\uff1a30<\/span><\/td>\n<td><span style=\"vertical-align: inherit;\">300<\/span><\/td>\n<\/tr>\n<tr>\n<td>Funci\u00f3n de vertedor de yogur\uff1a<\/td>\n<td>Opcional<\/td>\n<\/tr>\n<tr>\n<td><span style=\"vertical-align: inherit;\">forma de pago\uff1a<\/span><\/td>\n<td>Cash\u3001Coin\u3001Pago por CaRD<\/td>\n<\/tr>\n<tr>\n<td><span style=\"vertical-align: inherit;\">Log\u00edstica de envases\uff1a<\/span><\/td>\n<td><span style=\"vertical-align: inherit;\">CBM\uff1a2.2m\u00b2\uff0cDimensiones del paquete\uff1a141CM\/78CM\/196CM<\/span><\/td>\n<\/tr>\n<\/tbody>\n<\/table>\n<p style=\"text-align: left;\"><img loading=\"lazy\" decoding=\"async\" class=\"alignnone size-full wp-image-1382\" src=\"https:\/\/chituvem.com\/wp-content\/uploads\/2024\/01\/2_07.jpg\" alt=\"\" width=\"750\" height=\"1132\" srcset=\"https:\/\/chituvem.com\/wp-content\/uploads\/2024\/01\/2_07.jpg 750w, https:\/\/chituvem.com\/wp-content\/uploads\/2024\/01\/2_07-199x300.jpg 199w, https:\/\/chituvem.com\/wp-content\/uploads\/2024\/01\/2_07-678x1024.jpg 678w, https:\/\/chituvem.com\/wp-content\/uploads\/2024\/01\/2_07-600x906.jpg 600w\" sizes=\"(max-width: 750px) 100vw, 750px\" \/> <img loading=\"lazy\" decoding=\"async\" class=\"wp-image-1455 size-full alignleft\" src=\"https:\/\/chituvem.com\/wp-content\/uploads\/2024\/01\/503-2.jpg\" alt=\"\" width=\"750\" height=\"937\" srcset=\"https:\/\/chituvem.com\/wp-content\/uploads\/2024\/01\/503-2.jpg 750w, https:\/\/chituvem.com\/wp-content\/uploads\/2024\/01\/503-2-240x300.jpg 240w, https:\/\/chituvem.com\/wp-content\/uploads\/2024\/01\/503-2-600x750.jpg 600w\" sizes=\"(max-width: 750px) 100vw, 750px\" \/> <img loading=\"lazy\" decoding=\"async\" class=\"alignnone size-full wp-image-1390\" src=\"https:\/\/chituvem.com\/wp-content\/uploads\/2024\/01\/2_09.jpg\" alt=\"\" width=\"750\" height=\"2413\" srcset=\"https:\/\/chituvem.com\/wp-content\/uploads\/2024\/01\/2_09.jpg 750w, https:\/\/chituvem.com\/wp-content\/uploads\/2024\/01\/2_09-93x300.jpg 93w, https:\/\/chituvem.com\/wp-content\/uploads\/2024\/01\/2_09-318x1024.jpg 318w, https:\/\/chituvem.com\/wp-content\/uploads\/2024\/01\/2_09-477x1536.jpg 477w, https:\/\/chituvem.com\/wp-content\/uploads\/2024\/01\/2_09-637x2048.jpg 637w, https:\/\/chituvem.com\/wp-content\/uploads\/2024\/01\/2_09-600x1930.jpg 600w\" sizes=\"(max-width: 750px) 100vw, 750px\" \/> <img loading=\"lazy\" decoding=\"async\" class=\"alignnone size-full wp-image-1394\" src=\"https:\/\/chituvem.com\/wp-content\/uploads\/2024\/01\/2_10.jpg\" alt=\"\" width=\"750\" height=\"1001\" srcset=\"https:\/\/chituvem.com\/wp-content\/uploads\/2024\/01\/2_10.jpg 750w, https:\/\/chituvem.com\/wp-content\/uploads\/2024\/01\/2_10-225x300.jpg 225w, https:\/\/chituvem.com\/wp-content\/uploads\/2024\/01\/2_10-600x801.jpg 600w\" sizes=\"(max-width: 750px) 100vw, 750px\" \/> <img loading=\"lazy\" decoding=\"async\" class=\"alignnone size-full wp-image-1398\" src=\"https:\/\/chituvem.com\/wp-content\/uploads\/2024\/01\/2_11.jpg\" alt=\"\" width=\"750\" height=\"1023\" srcset=\"https:\/\/chituvem.com\/wp-content\/uploads\/2024\/01\/2_11.jpg 750w, https:\/\/chituvem.com\/wp-content\/uploads\/2024\/01\/2_11-220x300.jpg 220w, https:\/\/chituvem.com\/wp-content\/uploads\/2024\/01\/2_11-600x818.jpg 600w\" sizes=\"(max-width: 750px) 100vw, 750px\" \/> <img loading=\"lazy\" decoding=\"async\" class=\"alignnone size-full wp-image-1402\" src=\"https:\/\/chituvem.com\/wp-content\/uploads\/2024\/01\/2_12.jpg\" alt=\"\" width=\"750\" height=\"2133\" srcset=\"https:\/\/chituvem.com\/wp-content\/uploads\/2024\/01\/2_12.jpg 750w, https:\/\/chituvem.com\/wp-content\/uploads\/2024\/01\/2_12-105x300.jpg 105w, https:\/\/chituvem.com\/wp-content\/uploads\/2024\/01\/2_12-360x1024.jpg 360w, https:\/\/chituvem.com\/wp-content\/uploads\/2024\/01\/2_12-540x1536.jpg 540w, https:\/\/chituvem.com\/wp-content\/uploads\/2024\/01\/2_12-720x2048.jpg 720w, https:\/\/chituvem.com\/wp-content\/uploads\/2024\/01\/2_12-600x1706.jpg 600w\" sizes=\"(max-width: 750px) 100vw, 750px\" \/><\/p>\n<p style=\"text-align: center;\">\u00a0<img loading=\"lazy\" decoding=\"async\" class=\"alignnone size-full wp-image-375 alignleft\" src=\"http:\/\/chitu.jzyseo.cn\/wp-content\/uploads\/2024\/01\/s_10.jpg\" alt=\"\" width=\"750\" height=\"633\" srcset=\"https:\/\/chituvem.com\/wp-content\/uploads\/2024\/01\/s_10.jpg 750w, https:\/\/chituvem.com\/wp-content\/uploads\/2024\/01\/s_10-300x253.jpg 300w, https:\/\/chituvem.com\/wp-content\/uploads\/2024\/01\/s_10-600x506.jpg 600w\" sizes=\"(max-width: 750px) 100vw, 750px\" \/><\/p>\n<\/div>\n<\/div>\n<\/div>\n<\/div>\n<\/div>","protected":false},"excerpt":{"rendered":"<p>M\u00e1quina autom\u00e1tica de algod\u00f3n de az\u00facar<\/p>","protected":false},"featured_media":1480,"comment_status":"open","ping_status":"closed","template":"","meta":{"_eb_attr":"","inline_featured_image":false},"product_brand":[],"product_cat":[34],"product_tag":[],"class_list":{"0":"post-392","1":"product","2":"type-product","3":"status-publish","4":"has-post-thumbnail","6":"product_cat-cotton-candy-vending-machine","8":"first","9":"instock","10":"shipping-taxable","11":"product-type-simple"},"_links":{"self":[{"href":"https:\/\/chituvem.com\/es\/wp-json\/wp\/v2\/product\/392","targetHints":{"allow":["GET"]}}],"collection":[{"href":"https:\/\/chituvem.com\/es\/wp-json\/wp\/v2\/product"}],"about":[{"href":"https:\/\/chituvem.com\/es\/wp-json\/wp\/v2\/types\/product"}],"replies":[{"embeddable":true,"href":"https:\/\/chituvem.com\/es\/wp-json\/wp\/v2\/comments?post=392"}],"version-history":[{"count":0,"href":"https:\/\/chituvem.com\/es\/wp-json\/wp\/v2\/product\/392\/revisions"}],"wp:featuredmedia":[{"embeddable":true,"href":"https:\/\/chituvem.com\/es\/wp-json\/wp\/v2\/media\/1480"}],"wp:attachment":[{"href":"https:\/\/chituvem.com\/es\/wp-json\/wp\/v2\/media?parent=392"}],"wp:term":[{"taxonomy":"product_brand","embeddable":true,"href":"https:\/\/chituvem.com\/es\/wp-json\/wp\/v2\/product_brand?post=392"},{"taxonomy":"product_cat","embeddable":true,"href":"https:\/\/chituvem.com\/es\/wp-json\/wp\/v2\/product_cat?post=392"},{"taxonomy":"product_tag","embeddable":true,"href":"https:\/\/chituvem.com\/es\/wp-json\/wp\/v2\/product_tag?post=392"}],"curies":[{"name":"wp","href":"https:\/\/api.w.org\/{rel}","templated":true}]}}