{"id":357,"date":"2024-01-06T06:35:13","date_gmt":"2024-01-06T06:35:13","guid":{"rendered":"https:\/\/chitu.jzyseo.cn\/?post_type=product&#038;p=357"},"modified":"2024-10-19T03:59:56","modified_gmt":"2024-10-19T03:59:56","slug":"gold-semi-automatic-commercial-cotton-candy-vending-machine-floss-cotton-candy-maker","status":"publish","type":"product","link":"https:\/\/chituvem.com\/es\/producto\/gold-semi-automatic-commercial-cotton-candy-vending-machine-floss-cotton-candy-maker\/","title":{"rendered":"oro semiautom\u00e1tica comercial de algod\u00f3n de az\u00facar m\u00e1quina expendedora hilo dental fabricante de algod\u00f3n de az\u00facar"},"content":{"rendered":"<table style=\"font-size: 16px; height: 368px;\" width=\"746\">\n<thead>\n<tr>\n<th>N\u00famero de producto\uff1a<\/th>\n<th><span style=\"vertical-align: inherit;\">CT-101<\/span><\/th>\n<\/tr>\n<\/thead>\n<tbody>\n<tr>\n<td>Talla<\/td>\n<td>altura 160CM sin tablero acr\u00edlico \/ Top 20CM \/ Anchura 7CM\/profundidad 62CM<\/td>\n<\/tr>\n<tr>\n<td>Potencia<\/td>\n<td>600~2500W<\/td>\n<\/tr>\n<tr>\n<td>Peso<\/td>\n<td>150KG<\/td>\n<\/tr>\n<tr>\n<td>Estilo<\/td>\n<td>12(en continuo aumento)<\/td>\n<\/tr>\n<tr>\n<td>Consumo de az\u00facar<\/td>\n<td>30Az\u00facar por 1 kg<\/td>\n<\/tr>\n<tr>\n<td>Consumo de agua<\/td>\n<td>30 Az\u00facar por 1 kg<\/td>\n<\/tr>\n<tr>\n<td>Capacidad de la cuchara<\/td>\n<td>5L<\/td>\n<\/tr>\n<tr>\n<td>Almacenamiento de az\u00facar<\/td>\n<td>150<\/td>\n<\/tr>\n<tr>\n<td>m\u00e9todo de pago<\/td>\n<td>Cash\u3001Coin\u3001Pago por CaRD<\/td>\n<\/tr>\n<tr>\n<td>Log\u00edstica de envases<\/td>\n<td>CBM\uff1a1.3m\u00b2\uff0cDimensiones del paquete\uff1a86CM\/75CM\/193CM<\/td>\n<\/tr>\n<\/tbody>\n<\/table>\n<p><img fetchpriority=\"high\" decoding=\"async\" class=\"alignnone wp-image-368 size-full\" src=\"http:\/\/chitu.jzyseo.cn\/wp-content\/uploads\/2024\/01\/s_02-2.jpg\" alt=\"\" width=\"750\" height=\"1830\" srcset=\"https:\/\/chituvem.com\/wp-content\/uploads\/2024\/01\/s_02-2.jpg 750w, https:\/\/chituvem.com\/wp-content\/uploads\/2024\/01\/s_02-2-123x300.jpg 123w, https:\/\/chituvem.com\/wp-content\/uploads\/2024\/01\/s_02-2-420x1024.jpg 420w, https:\/\/chituvem.com\/wp-content\/uploads\/2024\/01\/s_02-2-630x1536.jpg 630w, https:\/\/chituvem.com\/wp-content\/uploads\/2024\/01\/s_02-2-600x1464.jpg 600w\" sizes=\"(max-width: 750px) 100vw, 750px\" \/><img decoding=\"async\" class=\"alignnone wp-image-369 size-full\" src=\"http:\/\/chitu.jzyseo.cn\/wp-content\/uploads\/2024\/01\/s_03-2.jpg\" alt=\"\" width=\"750\" height=\"1000\" srcset=\"https:\/\/chituvem.com\/wp-content\/uploads\/2024\/01\/s_03-2.jpg 750w, https:\/\/chituvem.com\/wp-content\/uploads\/2024\/01\/s_03-2-225x300.jpg 225w, https:\/\/chituvem.com\/wp-content\/uploads\/2024\/01\/s_03-2-600x800.jpg 600w\" sizes=\"(max-width: 750px) 100vw, 750px\" \/><img decoding=\"async\" class=\"alignnone wp-image-370 size-full\" src=\"http:\/\/chitu.jzyseo.cn\/wp-content\/uploads\/2024\/01\/s_04.jpg\" alt=\"\" width=\"750\" height=\"1529\" srcset=\"https:\/\/chituvem.com\/wp-content\/uploads\/2024\/01\/s_04.jpg 750w, https:\/\/chituvem.com\/wp-content\/uploads\/2024\/01\/s_04-147x300.jpg 147w, https:\/\/chituvem.com\/wp-content\/uploads\/2024\/01\/s_04-502x1024.jpg 502w, https:\/\/chituvem.com\/wp-content\/uploads\/2024\/01\/s_04-600x1223.jpg 600w\" sizes=\"(max-width: 750px) 100vw, 750px\" \/><img loading=\"lazy\" decoding=\"async\" class=\"alignnone wp-image-371 size-full\" src=\"http:\/\/chitu.jzyseo.cn\/wp-content\/uploads\/2024\/01\/s_05-2.jpg\" alt=\"\" width=\"750\" height=\"682\" srcset=\"https:\/\/chituvem.com\/wp-content\/uploads\/2024\/01\/s_05-2.jpg 750w, https:\/\/chituvem.com\/wp-content\/uploads\/2024\/01\/s_05-2-300x273.jpg 300w, https:\/\/chituvem.com\/wp-content\/uploads\/2024\/01\/s_05-2-600x546.jpg 600w\" sizes=\"(max-width: 750px) 100vw, 750px\" \/> <img loading=\"lazy\" decoding=\"async\" class=\"alignnone wp-image-372 size-full\" src=\"http:\/\/chitu.jzyseo.cn\/wp-content\/uploads\/2024\/01\/s_06.jpg\" alt=\"\" width=\"750\" height=\"959\" srcset=\"https:\/\/chituvem.com\/wp-content\/uploads\/2024\/01\/s_06.jpg 750w, https:\/\/chituvem.com\/wp-content\/uploads\/2024\/01\/s_06-235x300.jpg 235w, https:\/\/chituvem.com\/wp-content\/uploads\/2024\/01\/s_06-600x767.jpg 600w\" sizes=\"(max-width: 750px) 100vw, 750px\" \/> <img loading=\"lazy\" decoding=\"async\" class=\"alignnone wp-image-373 size-full\" src=\"http:\/\/chitu.jzyseo.cn\/wp-content\/uploads\/2024\/01\/s_07.jpg\" alt=\"\" width=\"750\" height=\"1014\" srcset=\"https:\/\/chituvem.com\/wp-content\/uploads\/2024\/01\/s_07.jpg 750w, https:\/\/chituvem.com\/wp-content\/uploads\/2024\/01\/s_07-222x300.jpg 222w, https:\/\/chituvem.com\/wp-content\/uploads\/2024\/01\/s_07-600x811.jpg 600w\" sizes=\"(max-width: 750px) 100vw, 750px\" \/> <img loading=\"lazy\" decoding=\"async\" class=\"alignnone wp-image-374 size-full\" src=\"http:\/\/chitu.jzyseo.cn\/wp-content\/uploads\/2024\/01\/s_09.jpg\" alt=\"\" width=\"750\" height=\"635\" srcset=\"https:\/\/chituvem.com\/wp-content\/uploads\/2024\/01\/s_09.jpg 750w, https:\/\/chituvem.com\/wp-content\/uploads\/2024\/01\/s_09-300x254.jpg 300w, https:\/\/chituvem.com\/wp-content\/uploads\/2024\/01\/s_09-600x508.jpg 600w\" sizes=\"(max-width: 750px) 100vw, 750px\" \/> <img loading=\"lazy\" decoding=\"async\" class=\"alignnone wp-image-375 size-full\" src=\"http:\/\/chitu.jzyseo.cn\/wp-content\/uploads\/2024\/01\/s_10.jpg\" alt=\"\" width=\"750\" height=\"633\" srcset=\"https:\/\/chituvem.com\/wp-content\/uploads\/2024\/01\/s_10.jpg 750w, https:\/\/chituvem.com\/wp-content\/uploads\/2024\/01\/s_10-300x253.jpg 300w, https:\/\/chituvem.com\/wp-content\/uploads\/2024\/01\/s_10-600x506.jpg 600w\" sizes=\"(max-width: 750px) 100vw, 750px\" \/><img loading=\"lazy\" decoding=\"async\" class=\"alignnone wp-image-367 size-full\" src=\"http:\/\/chitu.jzyseo.cn\/wp-content\/uploads\/2024\/01\/s_11.jpg\" alt=\"\" width=\"750\" height=\"464\" srcset=\"https:\/\/chituvem.com\/wp-content\/uploads\/2024\/01\/s_11.jpg 750w, https:\/\/chituvem.com\/wp-content\/uploads\/2024\/01\/s_11-300x186.jpg 300w, https:\/\/chituvem.com\/wp-content\/uploads\/2024\/01\/s_11-600x371.jpg 600w\" sizes=\"(max-width: 750px) 100vw, 750px\" \/><\/p>","protected":false},"excerpt":{"rendered":"<p>M\u00e1quina semiautom\u00e1tica de algod\u00f3n de az\u00facar<\/p>","protected":false},"featured_media":360,"comment_status":"open","ping_status":"closed","template":"","meta":{"_eb_attr":"","inline_featured_image":false},"product_brand":[],"product_cat":[34],"product_tag":[],"class_list":{"0":"post-357","1":"product","2":"type-product","3":"status-publish","4":"has-post-thumbnail","6":"product_cat-cotton-candy-vending-machine","8":"first","9":"instock","10":"shipping-taxable","11":"product-type-simple"},"_links":{"self":[{"href":"https:\/\/chituvem.com\/es\/wp-json\/wp\/v2\/product\/357","targetHints":{"allow":["GET"]}}],"collection":[{"href":"https:\/\/chituvem.com\/es\/wp-json\/wp\/v2\/product"}],"about":[{"href":"https:\/\/chituvem.com\/es\/wp-json\/wp\/v2\/types\/product"}],"replies":[{"embeddable":true,"href":"https:\/\/chituvem.com\/es\/wp-json\/wp\/v2\/comments?post=357"}],"version-history":[{"count":0,"href":"https:\/\/chituvem.com\/es\/wp-json\/wp\/v2\/product\/357\/revisions"}],"wp:featuredmedia":[{"embeddable":true,"href":"https:\/\/chituvem.com\/es\/wp-json\/wp\/v2\/media\/360"}],"wp:attachment":[{"href":"https:\/\/chituvem.com\/es\/wp-json\/wp\/v2\/media?parent=357"}],"wp:term":[{"taxonomy":"product_brand","embeddable":true,"href":"https:\/\/chituvem.com\/es\/wp-json\/wp\/v2\/product_brand?post=357"},{"taxonomy":"product_cat","embeddable":true,"href":"https:\/\/chituvem.com\/es\/wp-json\/wp\/v2\/product_cat?post=357"},{"taxonomy":"product_tag","embeddable":true,"href":"https:\/\/chituvem.com\/es\/wp-json\/wp\/v2\/product_tag?post=357"}],"curies":[{"name":"wp","href":"https:\/\/api.w.org\/{rel}","templated":true}]}}