{"id":2412,"date":"2024-06-11T07:26:04","date_gmt":"2024-06-11T07:26:04","guid":{"rendered":"https:\/\/chituvem.com\/?post_type=product&#038;p=2412"},"modified":"2024-10-19T03:59:06","modified_gmt":"2024-10-19T03:59:06","slug":"best-automatic-cotton-candy-machine-2024-hot-selling-high-return-easy-money","status":"publish","type":"product","link":"https:\/\/chituvem.com\/es\/producto\/mejor-maquina-automatica-de-algodon-de-azucar-2024-venta-caliente-alto-rendimiento-dinero-facil\/","title":{"rendered":"Mejor m\u00e1quina autom\u00e1tica de algod\u00f3n de az\u00facar 2024 Venta caliente"},"content":{"rendered":"<h2><a href=\"https:\/\/chituvem.com\/es\/\">\u00bfPor qu\u00e9 elegir la m\u00e1quina expendedora de algod\u00f3n de az\u00facar totalmente autom\u00e1tica Red Rabbit?<\/a><\/h2>\n<div>1.Guangzhou Red Rabbit fue fundada en 2017, nos hemos dedicado a la industria de la m\u00e1quina de algod\u00f3n de az\u00facar m\u00e1s de 7 a\u00f1os, y somos el mayor fabricante de m\u00e1quinas de algod\u00f3n de az\u00facar en el mundo 2.Nuestra empresa tiene todo tipo de certificados profesionales, como NAMA, CE, RoHS, FCC, IC, FDA, SAA, etc. y m\u00e1s de 100 patentes, que pueden asegurarse de que puede ejecutar la m\u00e1quina en cualquier lugar.<\/div>\n<div>3.\u00a1Con la experiencia de vender a m\u00e1s de 10.000 clientes en todo el mundo, podemos darle consejos profesionales para que le sea m\u00e1s f\u00e1cil ganar dinero con la m\u00e1quina de algod\u00f3n de az\u00facar! 4. La m\u00e1quina tiene un sistema de control remoto de fondo, con temporizador, recordatorio de inventario, datos de ventas, cupones y otras funciones, y se puede actualizar a distancia la versi\u00f3n del sistema. 5.We apoyar la apariencia personalizada de la m\u00e1quina, usted puede realizar sus ideas en la m\u00e1quina, para crear su propia m\u00e1quina calurosamente la bienvenida a la orden de nosotros, siempre hemos estado aqu\u00ed.<\/div>\n<div>\n<p><iframe title=\"El mayor fabricante mundial de m\u00e1quinas de algod\u00f3n de az\u00facar\" width=\"800\" height=\"450\" src=\"https:\/\/www.youtube.com\/embed\/bXafq9dk5tA?feature=oembed\" frameborder=\"0\" allow=\"accelerometer; autoplay; clipboard-write; encrypted-media; gyroscope; picture-in-picture; web-share\" referrerpolicy=\"strict-origin-when-cross-origin\" allowfullscreen><\/iframe><\/p>\n<\/div>\n<div><img fetchpriority=\"high\" decoding=\"async\" class=\"alignnone size-full wp-image-1422\" src=\"https:\/\/chituvem.com\/wp-content\/uploads\/2024\/01\/2_03.jpg\" alt=\"Caso de cliente de @M\u00e1quina de algod\u00f3n de az\u00facar\" width=\"750\" height=\"631\" srcset=\"https:\/\/chituvem.com\/wp-content\/uploads\/2024\/01\/2_03.jpg 750w, https:\/\/chituvem.com\/wp-content\/uploads\/2024\/01\/2_03-300x252.jpg 300w, https:\/\/chituvem.com\/wp-content\/uploads\/2024\/01\/2_03-600x505.jpg 600w\" sizes=\"(max-width: 750px) 100vw, 750px\" \/> <img decoding=\"async\" class=\"alignnone size-full wp-image-1410\" src=\"https:\/\/chituvem.com\/wp-content\/uploads\/2024\/01\/2_02.jpg\" alt=\"\" width=\"750\" height=\"499\" srcset=\"https:\/\/chituvem.com\/wp-content\/uploads\/2024\/01\/2_02.jpg 750w, https:\/\/chituvem.com\/wp-content\/uploads\/2024\/01\/2_02-300x200.jpg 300w, https:\/\/chituvem.com\/wp-content\/uploads\/2024\/01\/2_02-600x399.jpg 600w\" sizes=\"(max-width: 750px) 100vw, 750px\" \/> <img decoding=\"async\" class=\"alignnone size-full wp-image-1471\" src=\"https:\/\/chituvem.com\/wp-content\/uploads\/2024\/01\/608.jpg\" alt=\"@m\u00e1quina de algod\u00f3n de az\u00facar\" width=\"750\" height=\"1224\" srcset=\"https:\/\/chituvem.com\/wp-content\/uploads\/2024\/01\/608.jpg 750w, https:\/\/chituvem.com\/wp-content\/uploads\/2024\/01\/608-184x300.jpg 184w, https:\/\/chituvem.com\/wp-content\/uploads\/2024\/01\/608-627x1024.jpg 627w, https:\/\/chituvem.com\/wp-content\/uploads\/2024\/01\/608-600x979.jpg 600w\" sizes=\"(max-width: 750px) 100vw, 750px\" \/> <img loading=\"lazy\" decoding=\"async\" class=\"alignnone size-full wp-image-1414\" src=\"https:\/\/chituvem.com\/wp-content\/uploads\/2024\/01\/2_04.jpg\" alt=\"\" width=\"750\" height=\"995\" srcset=\"https:\/\/chituvem.com\/wp-content\/uploads\/2024\/01\/2_04.jpg 750w, https:\/\/chituvem.com\/wp-content\/uploads\/2024\/01\/2_04-226x300.jpg 226w, https:\/\/chituvem.com\/wp-content\/uploads\/2024\/01\/2_04-600x796.jpg 600w\" sizes=\"(max-width: 750px) 100vw, 750px\" \/> <img loading=\"lazy\" decoding=\"async\" class=\"alignnone size-full wp-image-1459\" src=\"https:\/\/chituvem.com\/wp-content\/uploads\/2024\/01\/608-1.jpg\" alt=\"\" width=\"750\" height=\"765\" srcset=\"https:\/\/chituvem.com\/wp-content\/uploads\/2024\/01\/608-1.jpg 750w, https:\/\/chituvem.com\/wp-content\/uploads\/2024\/01\/608-1-294x300.jpg 294w, https:\/\/chituvem.com\/wp-content\/uploads\/2024\/01\/608-1-600x612.jpg 600w\" sizes=\"(max-width: 750px) 100vw, 750px\" \/><\/div>\n<table class=\"alignleft\" style=\"height: 423px;\" width=\"745\">\n<thead>\n<tr>\n<th>N\u00famero de producto\uff1a<\/th>\n<th><span style=\"vertical-align: inherit;\">CT-608<\/span><\/th>\n<\/tr>\n<\/thead>\n<tbody>\n<tr>\n<td>tama\u00f1o\uff1a<\/td>\n<td>Altura 290CM \/ Anchura 140CM \/ Profundidad 66CM<\/td>\n<\/tr>\n<tr>\n<td><span style=\"vertical-align: inherit;\">Poder\uff1a<\/span><\/td>\n<td>400~2500w<\/td>\n<\/tr>\n<tr>\n<td><span style=\"vertical-align: inherit;\">Peso\uff1a<\/span><\/td>\n<td><span style=\"vertical-align: inherit;\">400KG<\/span><\/td>\n<\/tr>\n<tr>\n<td><span style=\"vertical-align: inherit;\">Estilo\uff1a<\/span><\/td>\n<td>144(Aumento continuo)<\/td>\n<\/tr>\n<tr>\n<td>Consumo de az\u00facar\uff1a<\/td>\n<td>35 Az\u00facar por 1 kg<\/td>\n<\/tr>\n<tr>\n<td>Consumo de agua\uff1a<\/td>\n<td>35 Az\u00facar por 1 kg<\/td>\n<\/tr>\n<tr>\n<td><span style=\"vertical-align: inherit;\">Capacidad del cubo\uff1a<\/span><\/td>\n<td><span style=\"vertical-align: inherit;\">12L<\/span><\/td>\n<\/tr>\n<tr>\n<td><span style=\"vertical-align: inherit;\">Almacenamiento de az\u00facar\uff1a30<\/span><\/td>\n<td><span style=\"vertical-align: inherit;\">300<\/span><\/td>\n<\/tr>\n<tr>\n<td>Funci\u00f3n de vertedor de yogur\uff1a<\/td>\n<td>Opcional<\/td>\n<\/tr>\n<tr>\n<td><span style=\"vertical-align: inherit;\">forma de pago\uff1a<\/span><\/td>\n<td>Cash\u3001Coin\u3001Pago por CaRD<\/td>\n<\/tr>\n<tr>\n<td><span style=\"vertical-align: inherit;\">Log\u00edstica de envases\uff1a<\/span><\/td>\n<td><span style=\"vertical-align: inherit;\">CBM\uff1a2.2m\u00b2\uff0cDimensiones del paquete\uff1a141CM\/78CM\/196CM<\/span><\/td>\n<\/tr>\n<\/tbody>\n<\/table>\n<p>&nbsp;<\/p>\n<p>&nbsp;<\/p>\n<p>&nbsp;<\/p>\n<p>&nbsp;<\/p>\n<p>&nbsp;<\/p>\n<p>&nbsp;<\/p>\n<p>&nbsp;<\/p>\n<p>&nbsp;<\/p>\n<p>&nbsp;<\/p>\n<p>&nbsp;<\/p>\n<p>&nbsp;<\/p>\n<p><img loading=\"lazy\" decoding=\"async\" class=\"alignnone size-full wp-image-1382\" src=\"https:\/\/chituvem.com\/wp-content\/uploads\/2024\/01\/2_07.jpg\" alt=\"@m\u00e1quina de algod\u00f3n de az\u00facar\" width=\"750\" height=\"1132\" srcset=\"https:\/\/chituvem.com\/wp-content\/uploads\/2024\/01\/2_07.jpg 750w, https:\/\/chituvem.com\/wp-content\/uploads\/2024\/01\/2_07-199x300.jpg 199w, https:\/\/chituvem.com\/wp-content\/uploads\/2024\/01\/2_07-678x1024.jpg 678w, https:\/\/chituvem.com\/wp-content\/uploads\/2024\/01\/2_07-600x906.jpg 600w\" sizes=\"(max-width: 750px) 100vw, 750px\" \/> <img loading=\"lazy\" decoding=\"async\" class=\"alignnone size-full wp-image-1463\" src=\"https:\/\/chituvem.com\/wp-content\/uploads\/2024\/01\/608-2.jpg\" alt=\"@@m\u00e1quina de algod\u00f3n de az\u00facar 608\" width=\"750\" height=\"937\" srcset=\"https:\/\/chituvem.com\/wp-content\/uploads\/2024\/01\/608-2.jpg 750w, https:\/\/chituvem.com\/wp-content\/uploads\/2024\/01\/608-2-240x300.jpg 240w, https:\/\/chituvem.com\/wp-content\/uploads\/2024\/01\/608-2-600x750.jpg 600w\" sizes=\"(max-width: 750px) 100vw, 750px\" \/> <img loading=\"lazy\" decoding=\"async\" class=\"alignnone size-full wp-image-1390\" src=\"https:\/\/chituvem.com\/wp-content\/uploads\/2024\/01\/2_09.jpg\" alt=\"@M\u00e1quina de algod\u00f3n de az\u00facar\" width=\"750\" height=\"2413\" srcset=\"https:\/\/chituvem.com\/wp-content\/uploads\/2024\/01\/2_09.jpg 750w, https:\/\/chituvem.com\/wp-content\/uploads\/2024\/01\/2_09-93x300.jpg 93w, https:\/\/chituvem.com\/wp-content\/uploads\/2024\/01\/2_09-318x1024.jpg 318w, https:\/\/chituvem.com\/wp-content\/uploads\/2024\/01\/2_09-477x1536.jpg 477w, https:\/\/chituvem.com\/wp-content\/uploads\/2024\/01\/2_09-637x2048.jpg 637w, https:\/\/chituvem.com\/wp-content\/uploads\/2024\/01\/2_09-600x1930.jpg 600w\" sizes=\"(max-width: 750px) 100vw, 750px\" \/> <img loading=\"lazy\" decoding=\"async\" class=\"alignnone size-full wp-image-1394\" src=\"https:\/\/chituvem.com\/wp-content\/uploads\/2024\/01\/2_10.jpg\" alt=\"@M\u00e1quina de algod\u00f3n de az\u00facar\" width=\"750\" height=\"1001\" srcset=\"https:\/\/chituvem.com\/wp-content\/uploads\/2024\/01\/2_10.jpg 750w, https:\/\/chituvem.com\/wp-content\/uploads\/2024\/01\/2_10-225x300.jpg 225w, https:\/\/chituvem.com\/wp-content\/uploads\/2024\/01\/2_10-600x801.jpg 600w\" sizes=\"(max-width: 750px) 100vw, 750px\" \/> <img loading=\"lazy\" decoding=\"async\" class=\"alignnone size-full wp-image-1398\" src=\"https:\/\/chituvem.com\/wp-content\/uploads\/2024\/01\/2_11.jpg\" alt=\"@M\u00e1quina de algod\u00f3n de az\u00facar\" width=\"750\" height=\"1023\" srcset=\"https:\/\/chituvem.com\/wp-content\/uploads\/2024\/01\/2_11.jpg 750w, https:\/\/chituvem.com\/wp-content\/uploads\/2024\/01\/2_11-220x300.jpg 220w, https:\/\/chituvem.com\/wp-content\/uploads\/2024\/01\/2_11-600x818.jpg 600w\" sizes=\"(max-width: 750px) 100vw, 750px\" \/> <img loading=\"lazy\" decoding=\"async\" class=\"alignnone size-full wp-image-1402\" src=\"https:\/\/chituvem.com\/wp-content\/uploads\/2024\/01\/2_12.jpg\" alt=\"@Red Rabbit\" width=\"750\" height=\"2133\" srcset=\"https:\/\/chituvem.com\/wp-content\/uploads\/2024\/01\/2_12.jpg 750w, https:\/\/chituvem.com\/wp-content\/uploads\/2024\/01\/2_12-105x300.jpg 105w, https:\/\/chituvem.com\/wp-content\/uploads\/2024\/01\/2_12-360x1024.jpg 360w, https:\/\/chituvem.com\/wp-content\/uploads\/2024\/01\/2_12-540x1536.jpg 540w, https:\/\/chituvem.com\/wp-content\/uploads\/2024\/01\/2_12-720x2048.jpg 720w, https:\/\/chituvem.com\/wp-content\/uploads\/2024\/01\/2_12-600x1706.jpg 600w\" sizes=\"(max-width: 750px) 100vw, 750px\" \/><\/p>\n<h2>M\u00e1s recomendaciones de productos para m\u00e1quinas expendedoras<\/h2>\n<h3><a href=\"https:\/\/chituvem.com\/es\/producto\/2024-new-automatic-snowflake-machine-ice-cream-vending-machine\/\">M\u00e1quina expendedora de hielo en copos de nieve<\/a>,<a href=\"https:\/\/chituvem.com\/es\/producto\/conejo-rojo-de-alta-calidad-comercial-totalmente-automatica-maquina-expendedora-de-helados-snack-maquina-expendedora-de-autoservicio\/\">M\u00e1quina expendedora de helados,<\/a><a href=\"https:\/\/chituvem.com\/es\/producto\/la-primera-granizadora-del-mundo-granizadora-comercial-de-cocteles\/\">M\u00e1quina expendedora de granizados<\/a><\/h3>\n<p>&nbsp;<\/p>","protected":false},"excerpt":{"rendered":"<p>Why Choose Red Rabbit Fully automatic cotton candy vending machine ? 1.Guangzhou Red Rabbit was founded in 2017, we have been engaged in the cotton candy machine industry over 7 years, and we are the largest cotton candy machine manufacturer in the world 2.Our company has got all kinds of professional certificates, such as NAMA, [&hellip;]<\/p>","protected":false},"featured_media":2417,"comment_status":"open","ping_status":"closed","template":"","meta":{"_eb_attr":"","inline_featured_image":false},"product_brand":[],"product_cat":[34],"product_tag":[],"class_list":{"0":"post-2412","1":"product","2":"type-product","3":"status-publish","4":"has-post-thumbnail","6":"product_cat-cotton-candy-vending-machine","8":"first","9":"instock","10":"shipping-taxable","11":"product-type-simple"},"_links":{"self":[{"href":"https:\/\/chituvem.com\/es\/wp-json\/wp\/v2\/product\/2412","targetHints":{"allow":["GET"]}}],"collection":[{"href":"https:\/\/chituvem.com\/es\/wp-json\/wp\/v2\/product"}],"about":[{"href":"https:\/\/chituvem.com\/es\/wp-json\/wp\/v2\/types\/product"}],"replies":[{"embeddable":true,"href":"https:\/\/chituvem.com\/es\/wp-json\/wp\/v2\/comments?post=2412"}],"version-history":[{"count":0,"href":"https:\/\/chituvem.com\/es\/wp-json\/wp\/v2\/product\/2412\/revisions"}],"wp:featuredmedia":[{"embeddable":true,"href":"https:\/\/chituvem.com\/es\/wp-json\/wp\/v2\/media\/2417"}],"wp:attachment":[{"href":"https:\/\/chituvem.com\/es\/wp-json\/wp\/v2\/media?parent=2412"}],"wp:term":[{"taxonomy":"product_brand","embeddable":true,"href":"https:\/\/chituvem.com\/es\/wp-json\/wp\/v2\/product_brand?post=2412"},{"taxonomy":"product_cat","embeddable":true,"href":"https:\/\/chituvem.com\/es\/wp-json\/wp\/v2\/product_cat?post=2412"},{"taxonomy":"product_tag","embeddable":true,"href":"https:\/\/chituvem.com\/es\/wp-json\/wp\/v2\/product_tag?post=2412"}],"curies":[{"name":"wp","href":"https:\/\/api.w.org\/{rel}","templated":true}]}}