{"id":2400,"date":"2024-06-08T06:33:13","date_gmt":"2024-06-08T06:33:13","guid":{"rendered":"https:\/\/chituvem.com\/?post_type=product&#038;p=2400"},"modified":"2024-10-21T08:57:30","modified_gmt":"2024-10-21T08:57:30","slug":"the-worlds-first-slush-vending-machine-commercial-cocktail-slush-machine","status":"publish","type":"product","link":"https:\/\/chituvem.com\/es\/producto\/la-primera-granizadora-del-mundo-granizadora-comercial-de-cocteles\/","title":{"rendered":"La primera m\u00e1quina expendedora de granizados del mundo granizadora comercial de c\u00f3cteles"},"content":{"rendered":"<h2><a href=\"https:\/\/chituvem.com\/es\/\">\u00bfPor qu\u00e9 elegir la m\u00e1quina expendedora autom\u00e1tica de granizados Red Rabbit?<\/a><\/h2>\n<ol>\n<li>Red Rabbi se fund\u00f3 en 2017 y lleva m\u00e1s de 7 a\u00f1os en el sector de las m\u00e1quinas expendedoras.<\/li>\n<li>Es uno de los mayores productores de m\u00e1quinas expendedoras del mundo. Con la experiencia de haber vendido a m\u00e1s de 10.000 clientes en todo el mundo, podemos ofrecerle asesoramiento profesional para que le resulte m\u00e1s f\u00e1cil ganar dinero con la m\u00e1quina de algod\u00f3n de az\u00facar. .<\/li>\n<li>\u00a1La m\u00e1quina tiene un sistema de control remoto de fondo, con interruptor temporizador, recordatorio de inventario, datos de ventas, cupones establecidos y otras funciones, y se puede actualizar a distancia la versi\u00f3n del sistema!<\/li>\n<li>Apoyamos apariencia personalizada de la m\u00e1quina, puede realizar sus ideas en la m\u00e1quina, para crear su propio<\/li>\n<\/ol>\n<p><img fetchpriority=\"high\" decoding=\"async\" class=\"alignnone size-full wp-image-2302\" src=\"https:\/\/chituvem.com\/wp-content\/uploads\/2024\/06\/Automatic-Slush-Machine-1.jpg\" alt=\"@Granizadora autom\u00e1tica -1\" width=\"790\" height=\"1305\" srcset=\"https:\/\/chituvem.com\/wp-content\/uploads\/2024\/06\/Automatic-Slush-Machine-1.jpg 790w, https:\/\/chituvem.com\/wp-content\/uploads\/2024\/06\/Automatic-Slush-Machine-1-182x300.jpg 182w, https:\/\/chituvem.com\/wp-content\/uploads\/2024\/06\/Automatic-Slush-Machine-1-620x1024.jpg 620w, https:\/\/chituvem.com\/wp-content\/uploads\/2024\/06\/Automatic-Slush-Machine-1-768x1269.jpg 768w, https:\/\/chituvem.com\/wp-content\/uploads\/2024\/06\/Automatic-Slush-Machine-1-600x991.jpg 600w\" sizes=\"(max-width: 790px) 100vw, 790px\" \/> <img decoding=\"async\" class=\"alignnone size-full wp-image-2306\" src=\"https:\/\/chituvem.com\/wp-content\/uploads\/2024\/06\/Automatic-Slush-Machine-2.jpg\" alt=\"\" width=\"790\" height=\"589\" srcset=\"https:\/\/chituvem.com\/wp-content\/uploads\/2024\/06\/Automatic-Slush-Machine-2.jpg 790w, https:\/\/chituvem.com\/wp-content\/uploads\/2024\/06\/Automatic-Slush-Machine-2-300x224.jpg 300w, https:\/\/chituvem.com\/wp-content\/uploads\/2024\/06\/Automatic-Slush-Machine-2-768x573.jpg 768w, https:\/\/chituvem.com\/wp-content\/uploads\/2024\/06\/Automatic-Slush-Machine-2-600x447.jpg 600w\" sizes=\"(max-width: 790px) 100vw, 790px\" \/> <img decoding=\"async\" class=\"alignnone size-full wp-image-2310\" src=\"https:\/\/chituvem.com\/wp-content\/uploads\/2024\/06\/Automatic-Slush-Machine-3.jpg\" alt=\"\" width=\"790\" height=\"1148\" srcset=\"https:\/\/chituvem.com\/wp-content\/uploads\/2024\/06\/Automatic-Slush-Machine-3.jpg 790w, https:\/\/chituvem.com\/wp-content\/uploads\/2024\/06\/Automatic-Slush-Machine-3-206x300.jpg 206w, https:\/\/chituvem.com\/wp-content\/uploads\/2024\/06\/Automatic-Slush-Machine-3-705x1024.jpg 705w, https:\/\/chituvem.com\/wp-content\/uploads\/2024\/06\/Automatic-Slush-Machine-3-768x1116.jpg 768w, https:\/\/chituvem.com\/wp-content\/uploads\/2024\/06\/Automatic-Slush-Machine-3-600x872.jpg 600w\" sizes=\"(max-width: 790px) 100vw, 790px\" \/> <img loading=\"lazy\" decoding=\"async\" class=\"alignnone size-full wp-image-2314\" src=\"https:\/\/chituvem.com\/wp-content\/uploads\/2024\/06\/Automatic-Slush-Machine-4.jpg\" alt=\"\" width=\"790\" height=\"980\" srcset=\"https:\/\/chituvem.com\/wp-content\/uploads\/2024\/06\/Automatic-Slush-Machine-4.jpg 790w, https:\/\/chituvem.com\/wp-content\/uploads\/2024\/06\/Automatic-Slush-Machine-4-242x300.jpg 242w, https:\/\/chituvem.com\/wp-content\/uploads\/2024\/06\/Automatic-Slush-Machine-4-768x953.jpg 768w, https:\/\/chituvem.com\/wp-content\/uploads\/2024\/06\/Automatic-Slush-Machine-4-600x744.jpg 600w\" sizes=\"(max-width: 790px) 100vw, 790px\" \/> <img loading=\"lazy\" decoding=\"async\" class=\"alignnone size-full wp-image-2318\" src=\"https:\/\/chituvem.com\/wp-content\/uploads\/2024\/06\/Automatic-Slush-Machine-5.jpg\" alt=\"\" width=\"790\" height=\"1170\" srcset=\"https:\/\/chituvem.com\/wp-content\/uploads\/2024\/06\/Automatic-Slush-Machine-5.jpg 790w, https:\/\/chituvem.com\/wp-content\/uploads\/2024\/06\/Automatic-Slush-Machine-5-203x300.jpg 203w, https:\/\/chituvem.com\/wp-content\/uploads\/2024\/06\/Automatic-Slush-Machine-5-691x1024.jpg 691w, https:\/\/chituvem.com\/wp-content\/uploads\/2024\/06\/Automatic-Slush-Machine-5-768x1137.jpg 768w, https:\/\/chituvem.com\/wp-content\/uploads\/2024\/06\/Automatic-Slush-Machine-5-600x889.jpg 600w\" sizes=\"(max-width: 790px) 100vw, 790px\" \/> <img loading=\"lazy\" decoding=\"async\" class=\"alignnone size-full wp-image-2322\" src=\"https:\/\/chituvem.com\/wp-content\/uploads\/2024\/06\/Automatic-Slush-Machine-6.jpg\" alt=\"\" width=\"790\" height=\"2279\" srcset=\"https:\/\/chituvem.com\/wp-content\/uploads\/2024\/06\/Automatic-Slush-Machine-6.jpg 790w, https:\/\/chituvem.com\/wp-content\/uploads\/2024\/06\/Automatic-Slush-Machine-6-104x300.jpg 104w, https:\/\/chituvem.com\/wp-content\/uploads\/2024\/06\/Automatic-Slush-Machine-6-355x1024.jpg 355w, https:\/\/chituvem.com\/wp-content\/uploads\/2024\/06\/Automatic-Slush-Machine-6-768x2216.jpg 768w, https:\/\/chituvem.com\/wp-content\/uploads\/2024\/06\/Automatic-Slush-Machine-6-532x1536.jpg 532w, https:\/\/chituvem.com\/wp-content\/uploads\/2024\/06\/Automatic-Slush-Machine-6-710x2048.jpg 710w, https:\/\/chituvem.com\/wp-content\/uploads\/2024\/06\/Automatic-Slush-Machine-6-600x1731.jpg 600w\" sizes=\"(max-width: 790px) 100vw, 790px\" \/> <img loading=\"lazy\" decoding=\"async\" class=\"alignnone size-full wp-image-2326\" src=\"https:\/\/chituvem.com\/wp-content\/uploads\/2024\/06\/Automatic-Slush-Machine-7.jpg\" alt=\"\" width=\"790\" height=\"975\" srcset=\"https:\/\/chituvem.com\/wp-content\/uploads\/2024\/06\/Automatic-Slush-Machine-7.jpg 790w, https:\/\/chituvem.com\/wp-content\/uploads\/2024\/06\/Automatic-Slush-Machine-7-243x300.jpg 243w, https:\/\/chituvem.com\/wp-content\/uploads\/2024\/06\/Automatic-Slush-Machine-7-768x948.jpg 768w, https:\/\/chituvem.com\/wp-content\/uploads\/2024\/06\/Automatic-Slush-Machine-7-600x741.jpg 600w\" sizes=\"(max-width: 790px) 100vw, 790px\" \/> <img loading=\"lazy\" decoding=\"async\" class=\"alignnone size-full wp-image-2330\" src=\"https:\/\/chituvem.com\/wp-content\/uploads\/2024\/06\/Automatic-Slush-Machine-8.jpg\" alt=\"\" width=\"790\" height=\"1488\" srcset=\"https:\/\/chituvem.com\/wp-content\/uploads\/2024\/06\/Automatic-Slush-Machine-8.jpg 790w, https:\/\/chituvem.com\/wp-content\/uploads\/2024\/06\/Automatic-Slush-Machine-8-159x300.jpg 159w, https:\/\/chituvem.com\/wp-content\/uploads\/2024\/06\/Automatic-Slush-Machine-8-544x1024.jpg 544w, https:\/\/chituvem.com\/wp-content\/uploads\/2024\/06\/Automatic-Slush-Machine-8-768x1447.jpg 768w, https:\/\/chituvem.com\/wp-content\/uploads\/2024\/06\/Automatic-Slush-Machine-8-600x1130.jpg 600w\" sizes=\"(max-width: 790px) 100vw, 790px\" \/> <img loading=\"lazy\" decoding=\"async\" class=\"alignnone size-full wp-image-2334\" src=\"https:\/\/chituvem.com\/wp-content\/uploads\/2024\/06\/Automatic-Slush-Machine-9.jpg\" alt=\"\" width=\"790\" height=\"1619\" srcset=\"https:\/\/chituvem.com\/wp-content\/uploads\/2024\/06\/Automatic-Slush-Machine-9.jpg 790w, https:\/\/chituvem.com\/wp-content\/uploads\/2024\/06\/Automatic-Slush-Machine-9-146x300.jpg 146w, https:\/\/chituvem.com\/wp-content\/uploads\/2024\/06\/Automatic-Slush-Machine-9-500x1024.jpg 500w, https:\/\/chituvem.com\/wp-content\/uploads\/2024\/06\/Automatic-Slush-Machine-9-768x1574.jpg 768w, https:\/\/chituvem.com\/wp-content\/uploads\/2024\/06\/Automatic-Slush-Machine-9-749x1536.jpg 749w, https:\/\/chituvem.com\/wp-content\/uploads\/2024\/06\/Automatic-Slush-Machine-9-600x1230.jpg 600w\" sizes=\"(max-width: 790px) 100vw, 790px\" \/> <img loading=\"lazy\" decoding=\"async\" class=\"alignnone size-full wp-image-2338\" src=\"https:\/\/chituvem.com\/wp-content\/uploads\/2024\/06\/Automatic-Slush-Machine-10.jpg\" alt=\"\" width=\"790\" height=\"926\" srcset=\"https:\/\/chituvem.com\/wp-content\/uploads\/2024\/06\/Automatic-Slush-Machine-10.jpg 790w, https:\/\/chituvem.com\/wp-content\/uploads\/2024\/06\/Automatic-Slush-Machine-10-256x300.jpg 256w, https:\/\/chituvem.com\/wp-content\/uploads\/2024\/06\/Automatic-Slush-Machine-10-768x900.jpg 768w, https:\/\/chituvem.com\/wp-content\/uploads\/2024\/06\/Automatic-Slush-Machine-10-600x703.jpg 600w\" sizes=\"(max-width: 790px) 100vw, 790px\" \/> <img loading=\"lazy\" decoding=\"async\" class=\"alignnone size-full wp-image-2342\" src=\"https:\/\/chituvem.com\/wp-content\/uploads\/2024\/06\/Automatic-Slush-Machine-11.jpg\" alt=\"\" width=\"790\" height=\"867\" srcset=\"https:\/\/chituvem.com\/wp-content\/uploads\/2024\/06\/Automatic-Slush-Machine-11.jpg 790w, https:\/\/chituvem.com\/wp-content\/uploads\/2024\/06\/Automatic-Slush-Machine-11-273x300.jpg 273w, https:\/\/chituvem.com\/wp-content\/uploads\/2024\/06\/Automatic-Slush-Machine-11-768x843.jpg 768w, https:\/\/chituvem.com\/wp-content\/uploads\/2024\/06\/Automatic-Slush-Machine-11-600x658.jpg 600w\" sizes=\"(max-width: 790px) 100vw, 790px\" \/> <img loading=\"lazy\" decoding=\"async\" class=\"alignnone size-full wp-image-2350\" src=\"https:\/\/chituvem.com\/wp-content\/uploads\/2024\/06\/Automatic-Slush-Machine-13.jpg\" alt=\"\" width=\"750\" height=\"2133\" srcset=\"https:\/\/chituvem.com\/wp-content\/uploads\/2024\/06\/Automatic-Slush-Machine-13.jpg 750w, https:\/\/chituvem.com\/wp-content\/uploads\/2024\/06\/Automatic-Slush-Machine-13-105x300.jpg 105w, https:\/\/chituvem.com\/wp-content\/uploads\/2024\/06\/Automatic-Slush-Machine-13-360x1024.jpg 360w, https:\/\/chituvem.com\/wp-content\/uploads\/2024\/06\/Automatic-Slush-Machine-13-540x1536.jpg 540w, https:\/\/chituvem.com\/wp-content\/uploads\/2024\/06\/Automatic-Slush-Machine-13-720x2048.jpg 720w, https:\/\/chituvem.com\/wp-content\/uploads\/2024\/06\/Automatic-Slush-Machine-13-600x1706.jpg 600w\" sizes=\"(max-width: 750px) 100vw, 750px\" \/> <img loading=\"lazy\" decoding=\"async\" class=\"alignnone size-full wp-image-2354\" src=\"https:\/\/chituvem.com\/wp-content\/uploads\/2024\/06\/Automatic-Slush-Machine-14.jpg\" alt=\"M\u00e1quina autom\u00e1tica de algod\u00f3n de az\u00facar -14\" width=\"750\" height=\"972\" srcset=\"https:\/\/chituvem.com\/wp-content\/uploads\/2024\/06\/Automatic-Slush-Machine-14.jpg 750w, https:\/\/chituvem.com\/wp-content\/uploads\/2024\/06\/Automatic-Slush-Machine-14-231x300.jpg 231w, https:\/\/chituvem.com\/wp-content\/uploads\/2024\/06\/Automatic-Slush-Machine-14-600x778.jpg 600w\" sizes=\"(max-width: 750px) 100vw, 750px\" \/><\/p>\n<h2>M\u00e1s recomendaciones de productos<\/h2>\n<div><a href=\"https:\/\/chituvem.com\/es\/producto\/132-patrones-de-tipo-totalmente-automatico-de-algodon-de-azucar-maquinas-expendedoras-comerciales-ugar-flor-hacer\/\">M\u00e1quina expendedora de algod\u00f3n de az\u00facar<\/a>, <a href=\"https:\/\/chituvem.com\/es\/producto\/2024-new-automatic-snowflake-machine-ice-cream-vending-machine\/\">M\u00e1quina expendedora de hielo en copos de nieve<\/a>, <a href=\"https:\/\/chituvem.com\/es\/producto\/conejo-rojo-de-alta-calidad-comercial-totalmente-automatica-maquina-expendedora-de-helados-snack-maquina-expendedora-de-autoservicio\/\">M\u00e1quina expendedora de helados<\/a><\/div>\n<h2>Contacto<\/h2>\n<p>M\u00e1s informaci\u00f3n<\/p>\n<p>correo electr\u00f3nico\uff1aandy@red-rabbit-intelligent.com<\/p>\n<p><a href=\"https:\/\/wa.me\/8616624667463\/?text=Hello%2C%20friend%2C%20please%20contact%20me%20to%20get%20Red%20Rabbit%20product%20information\" target=\"_blank\" rel=\"noopener\">WhatsApp\uff1a+86 16624667463<\/a><\/p>","protected":false},"excerpt":{"rendered":"<p>Why Choose Red Rabbit automatic slush vending machine? Red Rabbi was established in 2017 and has been involved in the vending machine sector for over 7 years. It is among the world&#8217;s largest vending machine producers. With the experience of selling to more than 10,000 clients allover the world, we can give you professional advice [&hellip;]<\/p>","protected":false},"featured_media":2401,"comment_status":"open","ping_status":"closed","template":"","meta":{"_eb_attr":"","inline_featured_image":false},"product_brand":[],"product_cat":[93],"product_tag":[],"class_list":{"0":"post-2400","1":"product","2":"type-product","3":"status-publish","4":"has-post-thumbnail","6":"product_cat-slush-machine","8":"first","9":"instock","10":"shipping-taxable","11":"product-type-simple"},"_links":{"self":[{"href":"https:\/\/chituvem.com\/es\/wp-json\/wp\/v2\/product\/2400","targetHints":{"allow":["GET"]}}],"collection":[{"href":"https:\/\/chituvem.com\/es\/wp-json\/wp\/v2\/product"}],"about":[{"href":"https:\/\/chituvem.com\/es\/wp-json\/wp\/v2\/types\/product"}],"replies":[{"embeddable":true,"href":"https:\/\/chituvem.com\/es\/wp-json\/wp\/v2\/comments?post=2400"}],"version-history":[{"count":0,"href":"https:\/\/chituvem.com\/es\/wp-json\/wp\/v2\/product\/2400\/revisions"}],"wp:featuredmedia":[{"embeddable":true,"href":"https:\/\/chituvem.com\/es\/wp-json\/wp\/v2\/media\/2401"}],"wp:attachment":[{"href":"https:\/\/chituvem.com\/es\/wp-json\/wp\/v2\/media?parent=2400"}],"wp:term":[{"taxonomy":"product_brand","embeddable":true,"href":"https:\/\/chituvem.com\/es\/wp-json\/wp\/v2\/product_brand?post=2400"},{"taxonomy":"product_cat","embeddable":true,"href":"https:\/\/chituvem.com\/es\/wp-json\/wp\/v2\/product_cat?post=2400"},{"taxonomy":"product_tag","embeddable":true,"href":"https:\/\/chituvem.com\/es\/wp-json\/wp\/v2\/product_tag?post=2400"}],"curies":[{"name":"wp","href":"https:\/\/api.w.org\/{rel}","templated":true}]}}