{"id":2379,"date":"2024-06-07T08:44:11","date_gmt":"2024-06-07T08:44:11","guid":{"rendered":"https:\/\/chituvem.com\/?post_type=product&#038;p=2379"},"modified":"2024-10-19T04:01:02","modified_gmt":"2024-10-19T04:01:02","slug":"cotton-candy-vending-machine-6-flavors-and-colors-132-flower-patterns","status":"publish","type":"product","link":"https:\/\/chituvem.com\/es\/producto\/maquina-expendedora-de-algodon-de-azucar-6-sabores-y-colores-132-motivos-florales\/","title":{"rendered":"m\u00e1quina expendedora de algod\u00f3n de az\u00facar 6 sabores y colores 132 motivos florales"},"content":{"rendered":"<h2><a href=\"https:\/\/chituvem.com\/es\/\">\u00bfPor qu\u00e9 elegir la m\u00e1quina de algod\u00f3n de az\u00facar totalmente autom\u00e1tica Red Rabbit?<\/a><\/h2>\n<ol>\n<li>Guangzhou Red Rabbit fue fundada en 2017, nos hemos dedicado a la industria de m\u00e1quinas de algod\u00f3n de az\u00facar m\u00e1s de 7 a\u00f1os, y somos el mayor fabricante de m\u00e1quinas de algod\u00f3n de az\u00facar en el mundo<\/li>\n<li>Nuestra empresa cuenta con todo tipo de certificados profesionales, como NAMA, CE, RoHS, FCC, IC, FDA, SAA, etc. y m\u00e1s de 100 patentes, lo que garantiza que la m\u00e1quina pueda funcionar en cualquier lugar.<\/li>\n<li>Con la experiencia de haber vendido a m\u00e1s de 10.000 clientes en todo el mundo, podemos ofrecerle asesoramiento profesional para que le resulte m\u00e1s f\u00e1cil ganar dinero con la m\u00e1quina de algod\u00f3n de az\u00facar.<\/li>\n<li>\u00a1La m\u00e1quina tiene un sistema de control remoto de fondo, con interruptor temporizador, recordatorio de inventario, datos de ventas, cupones establecidos y otras funciones, y se puede actualizar a distancia la versi\u00f3n del sistema!<\/li>\n<li>Apoyamos apariencia personalizada de la m\u00e1quina, puede realizar sus ideas en la m\u00e1quina, para crear su propio<\/li>\n<\/ol>\n<p><img fetchpriority=\"high\" decoding=\"async\" class=\"alignnone size-full wp-image-1422\" src=\"https:\/\/chituvem.com\/wp-content\/uploads\/2024\/01\/2_03.jpg\" alt=\"Caso de cliente de @M\u00e1quina de algod\u00f3n de az\u00facar\" width=\"750\" height=\"631\" srcset=\"https:\/\/chituvem.com\/wp-content\/uploads\/2024\/01\/2_03.jpg 750w, https:\/\/chituvem.com\/wp-content\/uploads\/2024\/01\/2_03-300x252.jpg 300w, https:\/\/chituvem.com\/wp-content\/uploads\/2024\/01\/2_03-600x505.jpg 600w\" sizes=\"(max-width: 750px) 100vw, 750px\" \/> <img decoding=\"async\" class=\"alignnone size-full wp-image-1410\" src=\"https:\/\/chituvem.com\/wp-content\/uploads\/2024\/01\/2_02.jpg\" alt=\"\" width=\"750\" height=\"499\" srcset=\"https:\/\/chituvem.com\/wp-content\/uploads\/2024\/01\/2_02.jpg 750w, https:\/\/chituvem.com\/wp-content\/uploads\/2024\/01\/2_02-300x200.jpg 300w, https:\/\/chituvem.com\/wp-content\/uploads\/2024\/01\/2_02-600x399.jpg 600w\" sizes=\"(max-width: 750px) 100vw, 750px\" \/> <img decoding=\"async\" class=\"alignnone size-full wp-image-1406\" src=\"https:\/\/chituvem.com\/wp-content\/uploads\/2024\/01\/2_01.jpg\" alt=\"@M\u00e1quina de algod\u00f3n de az\u00facar \" width=\"750\" height=\"1124\" srcset=\"https:\/\/chituvem.com\/wp-content\/uploads\/2024\/01\/2_01.jpg 750w, https:\/\/chituvem.com\/wp-content\/uploads\/2024\/01\/2_01-200x300.jpg 200w, https:\/\/chituvem.com\/wp-content\/uploads\/2024\/01\/2_01-683x1024.jpg 683w, https:\/\/chituvem.com\/wp-content\/uploads\/2024\/01\/2_01-600x899.jpg 600w\" sizes=\"(max-width: 750px) 100vw, 750px\" \/> <img loading=\"lazy\" decoding=\"async\" class=\"alignnone size-full wp-image-1414\" src=\"https:\/\/chituvem.com\/wp-content\/uploads\/2024\/01\/2_04.jpg\" alt=\"\" width=\"750\" height=\"995\" srcset=\"https:\/\/chituvem.com\/wp-content\/uploads\/2024\/01\/2_04.jpg 750w, https:\/\/chituvem.com\/wp-content\/uploads\/2024\/01\/2_04-226x300.jpg 226w, https:\/\/chituvem.com\/wp-content\/uploads\/2024\/01\/2_04-600x796.jpg 600w\" sizes=\"(max-width: 750px) 100vw, 750px\" \/> <img loading=\"lazy\" decoding=\"async\" class=\"alignnone size-full wp-image-1418\" src=\"https:\/\/chituvem.com\/wp-content\/uploads\/2024\/01\/2_05.jpg\" alt=\"M\u00e1quina de algod\u00f3n de az\u00facar CT-606\" width=\"750\" height=\"768\" srcset=\"https:\/\/chituvem.com\/wp-content\/uploads\/2024\/01\/2_05.jpg 750w, https:\/\/chituvem.com\/wp-content\/uploads\/2024\/01\/2_05-293x300.jpg 293w, https:\/\/chituvem.com\/wp-content\/uploads\/2024\/01\/2_05-600x614.jpg 600w\" sizes=\"(max-width: 750px) 100vw, 750px\" \/><\/p>\n<table class=\"alignleft\" style=\"height: 423px;\" width=\"745\">\n<thead>\n<tr>\n<th>N\u00famero de producto\uff1a<\/th>\n<th><span style=\"vertical-align: inherit;\">CT-606<\/span><\/th>\n<\/tr>\n<\/thead>\n<tbody>\n<tr>\n<td>tama\u00f1o\uff1a<\/td>\n<td>Altura 170CM sin tablero acr\u00edlico \/Top 35CM \/ Anchura 133CM \/ Profundidad 60CM<\/td>\n<\/tr>\n<tr>\n<td><span style=\"vertical-align: inherit;\">Poder\uff1a<\/span><\/td>\n<td>700~2500w<\/td>\n<\/tr>\n<tr>\n<td><span style=\"vertical-align: inherit;\">Peso\uff1a<\/span><\/td>\n<td><span style=\"vertical-align: inherit;\">350KG<\/span><\/td>\n<\/tr>\n<tr>\n<td><span style=\"vertical-align: inherit;\">Estilo\uff1a<\/span><\/td>\n<td>36(Aumento continuo)<\/td>\n<\/tr>\n<tr>\n<td>Consumo de az\u00facar\uff1a<\/td>\n<td>35 Az\u00facar por 1 kg<\/td>\n<\/tr>\n<tr>\n<td>Consumo de agua\uff1a<\/td>\n<td>35 Az\u00facar por 1 kg<\/td>\n<\/tr>\n<tr>\n<td><span style=\"vertical-align: inherit;\">Capacidad del cubo\uff1a<\/span><\/td>\n<td><span style=\"vertical-align: inherit;\">12L<\/span><\/td>\n<\/tr>\n<tr>\n<td><span style=\"vertical-align: inherit;\">Almacenamiento de az\u00facar\uff1a30<\/span><\/td>\n<td><span style=\"vertical-align: inherit;\">300<\/span><\/td>\n<\/tr>\n<tr>\n<td>Funci\u00f3n de vertedor de yogur\uff1a<\/td>\n<td>Opcional<\/td>\n<\/tr>\n<tr>\n<td><span style=\"vertical-align: inherit;\">forma de pago\uff1a<\/span><\/td>\n<td>Cash\u3001Coin\u3001Pago por CaRD<\/td>\n<\/tr>\n<tr>\n<td><span style=\"vertical-align: inherit;\">Log\u00edstica de envases\uff1a<\/span><\/td>\n<td><span style=\"vertical-align: inherit;\">CBM\uff1a2.2m\u00b2\uff0cDimensiones del paquete\uff1a141CM\/78CM\/196CM<\/span><\/td>\n<\/tr>\n<\/tbody>\n<\/table>\n<p>&nbsp;<\/p>\n<p>&nbsp;<\/p>\n<p>&nbsp;<\/p>\n<p>&nbsp;<\/p>\n<p>&nbsp;<\/p>\n<p>&nbsp;<\/p>\n<p>&nbsp;<\/p>\n<p>&nbsp;<\/p>\n<p>&nbsp;<\/p>\n<p>&nbsp;<\/p>\n<p>&nbsp;<\/p>\n<p><img loading=\"lazy\" decoding=\"async\" class=\"alignnone size-full wp-image-1382\" src=\"https:\/\/chituvem.com\/wp-content\/uploads\/2024\/01\/2_07.jpg\" alt=\"\" width=\"750\" height=\"1132\" srcset=\"https:\/\/chituvem.com\/wp-content\/uploads\/2024\/01\/2_07.jpg 750w, https:\/\/chituvem.com\/wp-content\/uploads\/2024\/01\/2_07-199x300.jpg 199w, https:\/\/chituvem.com\/wp-content\/uploads\/2024\/01\/2_07-678x1024.jpg 678w, https:\/\/chituvem.com\/wp-content\/uploads\/2024\/01\/2_07-600x906.jpg 600w\" sizes=\"(max-width: 750px) 100vw, 750px\" \/> <img loading=\"lazy\" decoding=\"async\" class=\"alignnone size-full wp-image-1386\" src=\"https:\/\/chituvem.com\/wp-content\/uploads\/2024\/01\/2_08.jpg\" alt=\"\" width=\"750\" height=\"936\" srcset=\"https:\/\/chituvem.com\/wp-content\/uploads\/2024\/01\/2_08.jpg 750w, https:\/\/chituvem.com\/wp-content\/uploads\/2024\/01\/2_08-240x300.jpg 240w, https:\/\/chituvem.com\/wp-content\/uploads\/2024\/01\/2_08-600x749.jpg 600w\" sizes=\"(max-width: 750px) 100vw, 750px\" \/> <img loading=\"lazy\" decoding=\"async\" class=\"alignnone size-full wp-image-1390\" src=\"https:\/\/chituvem.com\/wp-content\/uploads\/2024\/01\/2_09.jpg\" alt=\"@M\u00e1quina de algod\u00f3n de az\u00facar \" width=\"750\" height=\"2413\" srcset=\"https:\/\/chituvem.com\/wp-content\/uploads\/2024\/01\/2_09.jpg 750w, https:\/\/chituvem.com\/wp-content\/uploads\/2024\/01\/2_09-93x300.jpg 93w, https:\/\/chituvem.com\/wp-content\/uploads\/2024\/01\/2_09-318x1024.jpg 318w, https:\/\/chituvem.com\/wp-content\/uploads\/2024\/01\/2_09-477x1536.jpg 477w, https:\/\/chituvem.com\/wp-content\/uploads\/2024\/01\/2_09-637x2048.jpg 637w, https:\/\/chituvem.com\/wp-content\/uploads\/2024\/01\/2_09-600x1930.jpg 600w\" sizes=\"(max-width: 750px) 100vw, 750px\" \/> <img loading=\"lazy\" decoding=\"async\" class=\"alignnone size-full wp-image-1394\" src=\"https:\/\/chituvem.com\/wp-content\/uploads\/2024\/01\/2_10.jpg\" alt=\"@M\u00e1quina de algod\u00f3n de az\u00facar \" width=\"750\" height=\"1001\" srcset=\"https:\/\/chituvem.com\/wp-content\/uploads\/2024\/01\/2_10.jpg 750w, https:\/\/chituvem.com\/wp-content\/uploads\/2024\/01\/2_10-225x300.jpg 225w, https:\/\/chituvem.com\/wp-content\/uploads\/2024\/01\/2_10-600x801.jpg 600w\" sizes=\"(max-width: 750px) 100vw, 750px\" \/> <img loading=\"lazy\" decoding=\"async\" class=\"alignnone size-full wp-image-1398\" src=\"https:\/\/chituvem.com\/wp-content\/uploads\/2024\/01\/2_11.jpg\" alt=\"@M\u00e1quina de algod\u00f3n de az\u00facar \" width=\"750\" height=\"1023\" srcset=\"https:\/\/chituvem.com\/wp-content\/uploads\/2024\/01\/2_11.jpg 750w, https:\/\/chituvem.com\/wp-content\/uploads\/2024\/01\/2_11-220x300.jpg 220w, https:\/\/chituvem.com\/wp-content\/uploads\/2024\/01\/2_11-600x818.jpg 600w\" sizes=\"(max-width: 750px) 100vw, 750px\" \/> <img loading=\"lazy\" decoding=\"async\" class=\"alignnone size-full wp-image-1402\" src=\"https:\/\/chituvem.com\/wp-content\/uploads\/2024\/01\/2_12.jpg\" alt=\"@Red Rabbit\" width=\"750\" height=\"2133\" srcset=\"https:\/\/chituvem.com\/wp-content\/uploads\/2024\/01\/2_12.jpg 750w, https:\/\/chituvem.com\/wp-content\/uploads\/2024\/01\/2_12-105x300.jpg 105w, https:\/\/chituvem.com\/wp-content\/uploads\/2024\/01\/2_12-360x1024.jpg 360w, https:\/\/chituvem.com\/wp-content\/uploads\/2024\/01\/2_12-540x1536.jpg 540w, https:\/\/chituvem.com\/wp-content\/uploads\/2024\/01\/2_12-720x2048.jpg 720w, https:\/\/chituvem.com\/wp-content\/uploads\/2024\/01\/2_12-600x1706.jpg 600w\" sizes=\"(max-width: 750px) 100vw, 750px\" \/> <img loading=\"lazy\" decoding=\"async\" class=\"alignnone size-full wp-image-2354\" src=\"https:\/\/chituvem.com\/wp-content\/uploads\/2024\/06\/Automatic-Slush-Machine-14.jpg\" alt=\"M\u00e1quina autom\u00e1tica de algod\u00f3n de az\u00facar -14\" width=\"750\" height=\"972\" srcset=\"https:\/\/chituvem.com\/wp-content\/uploads\/2024\/06\/Automatic-Slush-Machine-14.jpg 750w, https:\/\/chituvem.com\/wp-content\/uploads\/2024\/06\/Automatic-Slush-Machine-14-231x300.jpg 231w, https:\/\/chituvem.com\/wp-content\/uploads\/2024\/06\/Automatic-Slush-Machine-14-600x778.jpg 600w\" sizes=\"(max-width: 750px) 100vw, 750px\" \/><\/p>\n<h1>FQA<\/h1>\n<p>&nbsp;<\/p>","protected":false},"excerpt":{"rendered":"<p>Why Choose Red Rabbit Fully automatic cotton candy machine ? Guangzhou Red Rabbit was founded in 2017, we have been engaged in the cotton candy machine industry over 7 years, and we are the largest cotton candy machine manufacturer in the world Our company has got all kinds of professional certificates, such as NAMA, CE, [&hellip;]<\/p>","protected":false},"featured_media":2385,"comment_status":"open","ping_status":"closed","template":"","meta":{"_eb_attr":"","inline_featured_image":false},"product_brand":[],"product_cat":[34],"product_tag":[],"class_list":{"0":"post-2379","1":"product","2":"type-product","3":"status-publish","4":"has-post-thumbnail","6":"product_cat-cotton-candy-vending-machine","8":"first","9":"instock","10":"shipping-taxable","11":"product-type-simple"},"_links":{"self":[{"href":"https:\/\/chituvem.com\/es\/wp-json\/wp\/v2\/product\/2379","targetHints":{"allow":["GET"]}}],"collection":[{"href":"https:\/\/chituvem.com\/es\/wp-json\/wp\/v2\/product"}],"about":[{"href":"https:\/\/chituvem.com\/es\/wp-json\/wp\/v2\/types\/product"}],"replies":[{"embeddable":true,"href":"https:\/\/chituvem.com\/es\/wp-json\/wp\/v2\/comments?post=2379"}],"version-history":[{"count":0,"href":"https:\/\/chituvem.com\/es\/wp-json\/wp\/v2\/product\/2379\/revisions"}],"wp:featuredmedia":[{"embeddable":true,"href":"https:\/\/chituvem.com\/es\/wp-json\/wp\/v2\/media\/2385"}],"wp:attachment":[{"href":"https:\/\/chituvem.com\/es\/wp-json\/wp\/v2\/media?parent=2379"}],"wp:term":[{"taxonomy":"product_brand","embeddable":true,"href":"https:\/\/chituvem.com\/es\/wp-json\/wp\/v2\/product_brand?post=2379"},{"taxonomy":"product_cat","embeddable":true,"href":"https:\/\/chituvem.com\/es\/wp-json\/wp\/v2\/product_cat?post=2379"},{"taxonomy":"product_tag","embeddable":true,"href":"https:\/\/chituvem.com\/es\/wp-json\/wp\/v2\/product_tag?post=2379"}],"curies":[{"name":"wp","href":"https:\/\/api.w.org\/{rel}","templated":true}]}}