{"id":1484,"date":"2024-01-18T09:49:24","date_gmt":"2024-01-18T09:49:24","guid":{"rendered":"https:\/\/chituvem.com\/?post_type=product&#038;p=1484"},"modified":"2024-10-19T03:59:33","modified_gmt":"2024-10-19T03:59:33","slug":"red-rabbit-high-quality-commercial-fully-automatic-ice-cream-vending-machine-snack-self-service-vending-machine","status":"publish","type":"product","link":"https:\/\/chituvem.com\/es\/producto\/conejo-rojo-de-alta-calidad-comercial-totalmente-automatica-maquina-expendedora-de-helados-snack-maquina-expendedora-de-autoservicio\/","title":{"rendered":"Red Rabbit Alta Calidad Comercial Totalmente Autom\u00e1tica M\u00e1quina expendedora de helados snack M\u00e1quina expendedora de autoservicio"},"content":{"rendered":"<div class=\"lake-content\">\n<h2 id=\"u3f8a6221\" class=\"ne-p\"><strong><span class=\"ne-text\">M\u00e1quina expendedora de helados Red Rabbit Multiple Flavors Fully Automatic Soft Service Ice Cream Vending Machine<\/span><\/strong><\/h2>\n<p id=\"u21dffab6\" class=\"ne-p\"><strong><span class=\"ne-text\">1\uff0915S preparaci\u00f3n r\u00e1pida, sabor fresco, m\u00faltiples sabores<\/span><\/strong><\/p>\n<p id=\"u5cbf2e09\" class=\"ne-p\"><strong><span class=\"ne-text\">2\uff09Mermeladas y coberturas personalizadas, 2 tipos de coberturas y 2 tipos de mermeladas, mezcla y combina libremente, rico sabor y variedad de opciones.<\/span><\/strong><\/p>\n<p id=\"u7fb1cf1b\" class=\"ne-p\"><strong><span class=\"ne-text\">3\uff09M\u00e1quinas de autoservicio con mando a distancia 24 horas<\/span><\/strong><\/p>\n<p id=\"u717ebede\" class=\"ne-p\"><strong><span class=\"ne-text\">4\uff09Sistema de hibernaci\u00f3n inteligente, bajo consumo de energ\u00eda en espera, prolongando la vida \u00fatil del equipo.<\/span><\/strong><\/p>\n<p id=\"u97b5fb45\" class=\"ne-p\"><strong><span class=\"ne-text\">5\uff09<\/span><span class=\"ne-text\">Dise\u00f1o antipinzamiento<\/span><\/strong><\/p>\n<p id=\"u017d8e32\" class=\"ne-p\"><strong><span class=\"ne-text\">6\uff09<\/span><span class=\"ne-text\">M\u00e9todos de pago admitidos: billetes, monedas y tarjetas de cr\u00e9dito.<\/span><\/strong><\/p>\n<p id=\"ua1cdb635\" class=\"ne-p\"><strong><span class=\"ne-text\">7\uff09Proporcionar servicios en el extranjero, las materias primas se pueden comprar localmente en el extranjero.<\/span><\/strong><\/p>\n<p><iframe title=\"M\u00e1quina expendedora de helados Red Rabbit: La revoluci\u00f3n de los dulces\" width=\"800\" height=\"450\" src=\"https:\/\/www.youtube.com\/embed\/msG36vyLc4A?feature=oembed\" frameborder=\"0\" allow=\"accelerometer; autoplay; clipboard-write; encrypted-media; gyroscope; picture-in-picture; web-share\" referrerpolicy=\"strict-origin-when-cross-origin\" allowfullscreen><\/iframe><\/p>\n<\/div>\n<p><img fetchpriority=\"high\" decoding=\"async\" class=\"alignnone size-full wp-image-1410\" src=\"https:\/\/chituvem.com\/wp-content\/uploads\/2024\/01\/2_02.jpg\" alt=\"\" width=\"750\" height=\"499\" srcset=\"https:\/\/chituvem.com\/wp-content\/uploads\/2024\/01\/2_02.jpg 750w, https:\/\/chituvem.com\/wp-content\/uploads\/2024\/01\/2_02-300x200.jpg 300w, https:\/\/chituvem.com\/wp-content\/uploads\/2024\/01\/2_02-600x399.jpg 600w\" sizes=\"(max-width: 750px) 100vw, 750px\" \/> <img decoding=\"async\" class=\"alignnone size-full wp-image-2723\" src=\"https:\/\/chituvem.com\/wp-content\/uploads\/2024\/01\/Ice-cream-vending-machine-0.jpg\" alt=\"M\u00e1quina expendedora de helados-0\" width=\"750\" height=\"1095\" srcset=\"https:\/\/chituvem.com\/wp-content\/uploads\/2024\/01\/Ice-cream-vending-machine-0.jpg 750w, https:\/\/chituvem.com\/wp-content\/uploads\/2024\/01\/Ice-cream-vending-machine-0-205x300.jpg 205w, https:\/\/chituvem.com\/wp-content\/uploads\/2024\/01\/Ice-cream-vending-machine-0-701x1024.jpg 701w, https:\/\/chituvem.com\/wp-content\/uploads\/2024\/01\/Ice-cream-vending-machine-0-600x876.jpg 600w\" sizes=\"(max-width: 750px) 100vw, 750px\" \/><img decoding=\"async\" class=\"alignnone size-full wp-image-1493\" src=\"https:\/\/chituvem.com\/wp-content\/uploads\/2024\/01\/\u65b0\u7248\u82f1\u6587_02.jpg\" alt=\"\" width=\"750\" height=\"579\" srcset=\"https:\/\/chituvem.com\/wp-content\/uploads\/2024\/01\/\u65b0\u7248\u82f1\u6587_02.jpg 750w, https:\/\/chituvem.com\/wp-content\/uploads\/2024\/01\/\u65b0\u7248\u82f1\u6587_02-300x232.jpg 300w, https:\/\/chituvem.com\/wp-content\/uploads\/2024\/01\/\u65b0\u7248\u82f1\u6587_02-600x463.jpg 600w\" sizes=\"(max-width: 750px) 100vw, 750px\" \/> <img loading=\"lazy\" decoding=\"async\" class=\"alignnone size-full wp-image-2727\" src=\"https:\/\/chituvem.com\/wp-content\/uploads\/2024\/01\/Ice-cream-vending-machine-01.jpg\" alt=\"M\u00e1quina expendedora de helados\" width=\"750\" height=\"1340\" srcset=\"https:\/\/chituvem.com\/wp-content\/uploads\/2024\/01\/Ice-cream-vending-machine-01.jpg 750w, https:\/\/chituvem.com\/wp-content\/uploads\/2024\/01\/Ice-cream-vending-machine-01-168x300.jpg 168w, https:\/\/chituvem.com\/wp-content\/uploads\/2024\/01\/Ice-cream-vending-machine-01-573x1024.jpg 573w, https:\/\/chituvem.com\/wp-content\/uploads\/2024\/01\/Ice-cream-vending-machine-01-600x1072.jpg 600w\" sizes=\"(max-width: 750px) 100vw, 750px\" \/><img loading=\"lazy\" decoding=\"async\" class=\"alignnone size-full wp-image-1501\" src=\"https:\/\/chituvem.com\/wp-content\/uploads\/2024\/01\/\u65b0\u7248\u82f1\u6587_05.jpg\" alt=\"\" width=\"750\" height=\"1399\" srcset=\"https:\/\/chituvem.com\/wp-content\/uploads\/2024\/01\/\u65b0\u7248\u82f1\u6587_05.jpg 750w, https:\/\/chituvem.com\/wp-content\/uploads\/2024\/01\/\u65b0\u7248\u82f1\u6587_05-161x300.jpg 161w, https:\/\/chituvem.com\/wp-content\/uploads\/2024\/01\/\u65b0\u7248\u82f1\u6587_05-549x1024.jpg 549w, https:\/\/chituvem.com\/wp-content\/uploads\/2024\/01\/\u65b0\u7248\u82f1\u6587_05-600x1119.jpg 600w\" sizes=\"(max-width: 750px) 100vw, 750px\" \/> <img loading=\"lazy\" decoding=\"async\" class=\"alignnone size-full wp-image-2735\" src=\"https:\/\/chituvem.com\/wp-content\/uploads\/2024\/01\/Ice-cream-vending-machine-06.jpg\" alt=\"M\u00e1quina expendedora de helados\" width=\"750\" height=\"1915\" srcset=\"https:\/\/chituvem.com\/wp-content\/uploads\/2024\/01\/Ice-cream-vending-machine-06.jpg 750w, https:\/\/chituvem.com\/wp-content\/uploads\/2024\/01\/Ice-cream-vending-machine-06-117x300.jpg 117w, https:\/\/chituvem.com\/wp-content\/uploads\/2024\/01\/Ice-cream-vending-machine-06-401x1024.jpg 401w, https:\/\/chituvem.com\/wp-content\/uploads\/2024\/01\/Ice-cream-vending-machine-06-602x1536.jpg 602w, https:\/\/chituvem.com\/wp-content\/uploads\/2024\/01\/Ice-cream-vending-machine-06-600x1532.jpg 600w\" sizes=\"(max-width: 750px) 100vw, 750px\" \/>\u00a0<img loading=\"lazy\" decoding=\"async\" class=\"alignnone size-full wp-image-1509\" src=\"https:\/\/chituvem.com\/wp-content\/uploads\/2024\/01\/\u65b0\u7248\u82f1\u6587_07.jpg\" alt=\"\" width=\"750\" height=\"949\" srcset=\"https:\/\/chituvem.com\/wp-content\/uploads\/2024\/01\/\u65b0\u7248\u82f1\u6587_07.jpg 750w, https:\/\/chituvem.com\/wp-content\/uploads\/2024\/01\/\u65b0\u7248\u82f1\u6587_07-237x300.jpg 237w, https:\/\/chituvem.com\/wp-content\/uploads\/2024\/01\/\u65b0\u7248\u82f1\u6587_07-600x759.jpg 600w\" sizes=\"(max-width: 750px) 100vw, 750px\" \/> <img loading=\"lazy\" decoding=\"async\" class=\"alignnone size-full wp-image-1513\" src=\"https:\/\/chituvem.com\/wp-content\/uploads\/2024\/01\/\u65b0\u7248\u82f1\u6587_08.jpg\" alt=\"\" width=\"750\" height=\"1294\" srcset=\"https:\/\/chituvem.com\/wp-content\/uploads\/2024\/01\/\u65b0\u7248\u82f1\u6587_08.jpg 750w, https:\/\/chituvem.com\/wp-content\/uploads\/2024\/01\/\u65b0\u7248\u82f1\u6587_08-174x300.jpg 174w, https:\/\/chituvem.com\/wp-content\/uploads\/2024\/01\/\u65b0\u7248\u82f1\u6587_08-594x1024.jpg 594w, https:\/\/chituvem.com\/wp-content\/uploads\/2024\/01\/\u65b0\u7248\u82f1\u6587_08-600x1035.jpg 600w\" sizes=\"(max-width: 750px) 100vw, 750px\" \/><img loading=\"lazy\" decoding=\"async\" class=\"alignnone wp-image-1525\" src=\"https:\/\/chituvem.com\/wp-content\/uploads\/2024\/01\/\u65b0\u7248\u82f1\u6587_09-2-1024x913.png\" alt=\"\" width=\"750\" height=\"669\" srcset=\"https:\/\/chituvem.com\/wp-content\/uploads\/2024\/01\/\u65b0\u7248\u82f1\u6587_09-2-1024x913.png 1024w, https:\/\/chituvem.com\/wp-content\/uploads\/2024\/01\/\u65b0\u7248\u82f1\u6587_09-2-300x267.png 300w, https:\/\/chituvem.com\/wp-content\/uploads\/2024\/01\/\u65b0\u7248\u82f1\u6587_09-2-768x685.png 768w, https:\/\/chituvem.com\/wp-content\/uploads\/2024\/01\/\u65b0\u7248\u82f1\u6587_09-2-600x535.png 600w, https:\/\/chituvem.com\/wp-content\/uploads\/2024\/01\/\u65b0\u7248\u82f1\u6587_09-2.png 1050w\" sizes=\"(max-width: 750px) 100vw, 750px\" \/><\/p>\n<p><img loading=\"lazy\" decoding=\"async\" class=\"alignnone size-full wp-image-1402\" src=\"https:\/\/chituvem.com\/wp-content\/uploads\/2024\/01\/2_12.jpg\" alt=\"\" width=\"750\" height=\"2133\" srcset=\"https:\/\/chituvem.com\/wp-content\/uploads\/2024\/01\/2_12.jpg 750w, https:\/\/chituvem.com\/wp-content\/uploads\/2024\/01\/2_12-105x300.jpg 105w, https:\/\/chituvem.com\/wp-content\/uploads\/2024\/01\/2_12-360x1024.jpg 360w, https:\/\/chituvem.com\/wp-content\/uploads\/2024\/01\/2_12-540x1536.jpg 540w, https:\/\/chituvem.com\/wp-content\/uploads\/2024\/01\/2_12-720x2048.jpg 720w, https:\/\/chituvem.com\/wp-content\/uploads\/2024\/01\/2_12-600x1706.jpg 600w\" sizes=\"(max-width: 750px) 100vw, 750px\" \/> <img loading=\"lazy\" decoding=\"async\" class=\"alignnone size-full wp-image-375\" src=\"https:\/\/chituvem.com\/wp-content\/uploads\/2024\/01\/s_10.jpg\" alt=\"\" width=\"750\" height=\"633\" srcset=\"https:\/\/chituvem.com\/wp-content\/uploads\/2024\/01\/s_10.jpg 750w, https:\/\/chituvem.com\/wp-content\/uploads\/2024\/01\/s_10-300x253.jpg 300w, https:\/\/chituvem.com\/wp-content\/uploads\/2024\/01\/s_10-600x506.jpg 600w\" sizes=\"(max-width: 750px) 100vw, 750px\" \/><\/p>","protected":false},"excerpt":{"rendered":"<p>Red Rabbit Multiple Flavors Fully Automatic Soft Service Ice Cream Vending Machine 1\uff0915S fast preparation, fresh taste, multiple flavors 2\uff09Customized jams and toppings, 2 types of toppings and 2 types of jams, freely mix and match, rich taste and variety of choices 3\uff0924-hour self-service, remote-controlled machines 4\uff09Intelligent hibernation system, low standby power consumption, prolonging the [&hellip;]<\/p>","protected":false},"featured_media":2526,"comment_status":"open","ping_status":"closed","template":"","meta":{"_eb_attr":"","inline_featured_image":false},"product_brand":[],"product_cat":[80],"product_tag":[],"class_list":{"0":"post-1484","1":"product","2":"type-product","3":"status-publish","4":"has-post-thumbnail","6":"product_cat-ice-cream-vending-machine","8":"first","9":"instock","10":"shipping-taxable","11":"product-type-simple"},"_links":{"self":[{"href":"https:\/\/chituvem.com\/es\/wp-json\/wp\/v2\/product\/1484","targetHints":{"allow":["GET"]}}],"collection":[{"href":"https:\/\/chituvem.com\/es\/wp-json\/wp\/v2\/product"}],"about":[{"href":"https:\/\/chituvem.com\/es\/wp-json\/wp\/v2\/types\/product"}],"replies":[{"embeddable":true,"href":"https:\/\/chituvem.com\/es\/wp-json\/wp\/v2\/comments?post=1484"}],"version-history":[{"count":0,"href":"https:\/\/chituvem.com\/es\/wp-json\/wp\/v2\/product\/1484\/revisions"}],"wp:featuredmedia":[{"embeddable":true,"href":"https:\/\/chituvem.com\/es\/wp-json\/wp\/v2\/media\/2526"}],"wp:attachment":[{"href":"https:\/\/chituvem.com\/es\/wp-json\/wp\/v2\/media?parent=1484"}],"wp:term":[{"taxonomy":"product_brand","embeddable":true,"href":"https:\/\/chituvem.com\/es\/wp-json\/wp\/v2\/product_brand?post=1484"},{"taxonomy":"product_cat","embeddable":true,"href":"https:\/\/chituvem.com\/es\/wp-json\/wp\/v2\/product_cat?post=1484"},{"taxonomy":"product_tag","embeddable":true,"href":"https:\/\/chituvem.com\/es\/wp-json\/wp\/v2\/product_tag?post=1484"}],"curies":[{"name":"wp","href":"https:\/\/api.w.org\/{rel}","templated":true}]}}