{"id":392,"date":"2024-01-06T07:04:42","date_gmt":"2024-01-06T07:04:42","guid":{"rendered":"https:\/\/chitu.jzyseo.cn\/?post_type=product&#038;p=392"},"modified":"2024-10-19T03:59:47","modified_gmt":"2024-10-19T03:59:47","slug":"exclusive-diy-function-automatic-cotton-candy-vending-machine","status":"publish","type":"product","link":"https:\/\/chituvem.com\/de\/produkt\/exclusive-diy-function-automatic-cotton-candy-vending-machine\/","title":{"rendered":"Exklusive Diy Funktion Automatische Zuckerwatte-Automat Hersteller"},"content":{"rendered":"<div class=\"lake-content\">\n<h4 style=\"text-align: left;\">Why Choose Red Rabbit Automatic Cotton Candy Machine?<\/h4>\n<p id=\"u269a5892\" class=\"ne-p\" style=\"text-align: left;\"><span class=\"ne-text\">1<\/span><span class=\"ne-text\">.guangzhou rotes Kaninchen<\/span><span class=\"ne-text\"> wurde 2017 gegr\u00fcndet und ist seither in der Zuckerwattemaschinenindustrie t\u00e4tig. <\/span><span class=\"ne-text\">\u00fcber<\/span><span class=\"ne-text\"> 7 Jahre, und wir sind der gr\u00f6\u00dfte Hersteller von Zuckerwattemaschinen in der Welt<\/span><\/p>\n<div class=\"lake-content\" style=\"text-align: center;\">\n<p id=\"u6435c0cf\" class=\"ne-p\" style=\"text-align: left;\"><span class=\"ne-text\">2. unser Unternehmen hat <\/span><span class=\"ne-text\">hat <\/span><span class=\"ne-text\">alle Arten von<\/span>f professionelle Zertifikate wie NAMA, CE, RoHS, FCC, IC, FDA, SAA, etc. und mehr als 100 Pat<span class=\"ne-text\">die daf\u00fcr sorgen k\u00f6nnen, dass Sie <\/span><span class=\"ne-text\">l\u00e4uft<\/span><span class=\"ne-text\"> die Maschine an einem beliebigen Ort.<\/span><\/p>\n<div class=\"lake-content\">\n<p id=\"u774195b4\" class=\"ne-p\" style=\"text-align: left;\"><span class=\"ne-text\">3. mit der Erfahrung des Verkaufs<\/span>\u00fcr mehr als 10.000 Kunden auf der ganzen Welt k\u00f6nnen wir Sie professionell beraten, damit Sie mit der Zuckerwattemaschine leichter Geld verdienen k\u00f6nnen!<\/p>\n<div class=\"lake-content\">\n<p id=\"u0fd15096\" class=\"ne-p\" style=\"text-align: left;\"><span class=\"ne-text\">4. die Maschine verf\u00fcgt \u00fcber eine Remote-Hintergrund-Steuerung, mit Zeitschaltuhr, Inventar-Erinnerung, Verkaufsdaten, setzen Coupons und andere Funktionen, und kann aus der Ferne aktualisiert werden System-Version!<\/span><\/p>\n<div class=\"lake-content\">\n<p id=\"u6ab19daa\" class=\"ne-p\" style=\"text-align: left;\"><span class=\"ne-text\">5. wir unterst\u00fctzen kundenspezifische Aussehen der Maschine, k\u00f6nnen Sie Ihre Ideen auf der Maschine zu realisieren, um Ihre eigene Maschine zu schaffen!<\/span><\/p>\n<p style=\"text-align: center;\"><img fetchpriority=\"high\" decoding=\"async\" class=\"alignnone size-full wp-image-1422 alignleft\" src=\"https:\/\/chituvem.com\/wp-content\/uploads\/2024\/01\/2_03.jpg\" alt=\"\" width=\"750\" height=\"631\" srcset=\"https:\/\/chituvem.com\/wp-content\/uploads\/2024\/01\/2_03.jpg 750w, https:\/\/chituvem.com\/wp-content\/uploads\/2024\/01\/2_03-300x252.jpg 300w, https:\/\/chituvem.com\/wp-content\/uploads\/2024\/01\/2_03-600x505.jpg 600w\" sizes=\"(max-width: 750px) 100vw, 750px\" \/> <img decoding=\"async\" class=\"alignnone size-full wp-image-1410 alignleft\" src=\"https:\/\/chituvem.com\/wp-content\/uploads\/2024\/01\/2_02.jpg\" alt=\"\" width=\"750\" height=\"499\" srcset=\"https:\/\/chituvem.com\/wp-content\/uploads\/2024\/01\/2_02.jpg 750w, https:\/\/chituvem.com\/wp-content\/uploads\/2024\/01\/2_02-300x200.jpg 300w, https:\/\/chituvem.com\/wp-content\/uploads\/2024\/01\/2_02-600x399.jpg 600w\" sizes=\"(max-width: 750px) 100vw, 750px\" \/> <img decoding=\"async\" class=\"wp-image-1467 size-full alignleft\" src=\"https:\/\/chituvem.com\/wp-content\/uploads\/2024\/01\/503-3.jpg\" alt=\"\" width=\"750\" height=\"1224\" srcset=\"https:\/\/chituvem.com\/wp-content\/uploads\/2024\/01\/503-3.jpg 750w, https:\/\/chituvem.com\/wp-content\/uploads\/2024\/01\/503-3-184x300.jpg 184w, https:\/\/chituvem.com\/wp-content\/uploads\/2024\/01\/503-3-627x1024.jpg 627w, https:\/\/chituvem.com\/wp-content\/uploads\/2024\/01\/503-3-600x979.jpg 600w\" sizes=\"(max-width: 750px) 100vw, 750px\" \/> <img loading=\"lazy\" decoding=\"async\" class=\"alignnone size-full wp-image-1414 alignleft\" src=\"https:\/\/chituvem.com\/wp-content\/uploads\/2024\/01\/2_04.jpg\" alt=\"\" width=\"750\" height=\"995\" srcset=\"https:\/\/chituvem.com\/wp-content\/uploads\/2024\/01\/2_04.jpg 750w, https:\/\/chituvem.com\/wp-content\/uploads\/2024\/01\/2_04-226x300.jpg 226w, https:\/\/chituvem.com\/wp-content\/uploads\/2024\/01\/2_04-600x796.jpg 600w\" sizes=\"(max-width: 750px) 100vw, 750px\" \/> <img loading=\"lazy\" decoding=\"async\" class=\"wp-image-1451 size-full alignleft\" src=\"https:\/\/chituvem.com\/wp-content\/uploads\/2024\/01\/503-1.jpg\" alt=\"\" width=\"750\" height=\"766\" srcset=\"https:\/\/chituvem.com\/wp-content\/uploads\/2024\/01\/503-1.jpg 750w, https:\/\/chituvem.com\/wp-content\/uploads\/2024\/01\/503-1-294x300.jpg 294w, https:\/\/chituvem.com\/wp-content\/uploads\/2024\/01\/503-1-600x613.jpg 600w\" sizes=\"(max-width: 750px) 100vw, 750px\" \/><\/p>\n<table class=\"alignleft\" style=\"height: 423px;\" width=\"745\">\n<thead>\n<tr>\n<th>Produktnummer\uff1a<\/th>\n<th><span style=\"vertical-align: inherit;\">CT-503<\/span><\/th>\n<\/tr>\n<\/thead>\n<tbody>\n<tr>\n<td>Gr\u00f6\u00dfe\uff1a<\/td>\n<td>Height 200CM \/ Width 133CM \/ Depth 66CM<\/td>\n<\/tr>\n<tr>\n<td><span style=\"vertical-align: inherit;\">Macht\uff1a<\/span><\/td>\n<td>400~2500w<\/td>\n<\/tr>\n<tr>\n<td><span style=\"vertical-align: inherit;\">Gewicht\uff1a<\/span><\/td>\n<td><span style=\"vertical-align: inherit;\">400KG<\/span><\/td>\n<\/tr>\n<tr>\n<td><span style=\"vertical-align: inherit;\">Stil\uff1a<\/span><\/td>\n<td>144(Kontinuierlich steigend)<\/td>\n<\/tr>\n<tr>\n<td>Zuckerverbrauch\uff1a<\/td>\n<td>35 Zucker pro 1kg<\/td>\n<\/tr>\n<tr>\n<td>Wasserverbrauch\uff1a<\/td>\n<td>35 Zucker pro 1kg<\/td>\n<\/tr>\n<tr>\n<td><span style=\"vertical-align: inherit;\">Fassungsverm\u00f6gen der Schaufel\uff1a<\/span><\/td>\n<td><span style=\"vertical-align: inherit;\">12L<\/span><\/td>\n<\/tr>\n<tr>\n<td><span style=\"vertical-align: inherit;\">Lagerung von Zucker\uff1a30<\/span><\/td>\n<td><span style=\"vertical-align: inherit;\">300<\/span><\/td>\n<\/tr>\n<tr>\n<td>Joghurt-Pulver-Funktion\uff1a<\/td>\n<td>Optional<\/td>\n<\/tr>\n<tr>\n<td><span style=\"vertical-align: inherit;\">Zahlungsmethode\uff1a<\/span><\/td>\n<td>Bargeld\u3001M\u00fcnzen\u3001Bezahlen per CaRD<\/td>\n<\/tr>\n<tr>\n<td><span style=\"vertical-align: inherit;\">Logistik-Verpackung\uff1a<\/span><\/td>\n<td><span style=\"vertical-align: inherit;\">CBM\uff1a2.2m\u00b2\uff0cPackungsabmessungen\uff1a141CM\/78CM\/196CM<\/span><\/td>\n<\/tr>\n<\/tbody>\n<\/table>\n<p style=\"text-align: left;\"><img loading=\"lazy\" decoding=\"async\" class=\"alignnone size-full wp-image-1382\" src=\"https:\/\/chituvem.com\/wp-content\/uploads\/2024\/01\/2_07.jpg\" alt=\"\" width=\"750\" height=\"1132\" srcset=\"https:\/\/chituvem.com\/wp-content\/uploads\/2024\/01\/2_07.jpg 750w, https:\/\/chituvem.com\/wp-content\/uploads\/2024\/01\/2_07-199x300.jpg 199w, https:\/\/chituvem.com\/wp-content\/uploads\/2024\/01\/2_07-678x1024.jpg 678w, https:\/\/chituvem.com\/wp-content\/uploads\/2024\/01\/2_07-600x906.jpg 600w\" sizes=\"(max-width: 750px) 100vw, 750px\" \/> <img loading=\"lazy\" decoding=\"async\" class=\"wp-image-1455 size-full alignleft\" src=\"https:\/\/chituvem.com\/wp-content\/uploads\/2024\/01\/503-2.jpg\" alt=\"\" width=\"750\" height=\"937\" srcset=\"https:\/\/chituvem.com\/wp-content\/uploads\/2024\/01\/503-2.jpg 750w, https:\/\/chituvem.com\/wp-content\/uploads\/2024\/01\/503-2-240x300.jpg 240w, https:\/\/chituvem.com\/wp-content\/uploads\/2024\/01\/503-2-600x750.jpg 600w\" sizes=\"(max-width: 750px) 100vw, 750px\" \/> <img loading=\"lazy\" decoding=\"async\" class=\"alignnone size-full wp-image-1390\" src=\"https:\/\/chituvem.com\/wp-content\/uploads\/2024\/01\/2_09.jpg\" alt=\"\" width=\"750\" height=\"2413\" srcset=\"https:\/\/chituvem.com\/wp-content\/uploads\/2024\/01\/2_09.jpg 750w, https:\/\/chituvem.com\/wp-content\/uploads\/2024\/01\/2_09-93x300.jpg 93w, https:\/\/chituvem.com\/wp-content\/uploads\/2024\/01\/2_09-318x1024.jpg 318w, https:\/\/chituvem.com\/wp-content\/uploads\/2024\/01\/2_09-477x1536.jpg 477w, https:\/\/chituvem.com\/wp-content\/uploads\/2024\/01\/2_09-637x2048.jpg 637w, https:\/\/chituvem.com\/wp-content\/uploads\/2024\/01\/2_09-600x1930.jpg 600w\" sizes=\"(max-width: 750px) 100vw, 750px\" \/> <img loading=\"lazy\" decoding=\"async\" class=\"alignnone size-full wp-image-1394\" src=\"https:\/\/chituvem.com\/wp-content\/uploads\/2024\/01\/2_10.jpg\" alt=\"\" width=\"750\" height=\"1001\" srcset=\"https:\/\/chituvem.com\/wp-content\/uploads\/2024\/01\/2_10.jpg 750w, https:\/\/chituvem.com\/wp-content\/uploads\/2024\/01\/2_10-225x300.jpg 225w, https:\/\/chituvem.com\/wp-content\/uploads\/2024\/01\/2_10-600x801.jpg 600w\" sizes=\"(max-width: 750px) 100vw, 750px\" \/> <img loading=\"lazy\" decoding=\"async\" class=\"alignnone size-full wp-image-1398\" src=\"https:\/\/chituvem.com\/wp-content\/uploads\/2024\/01\/2_11.jpg\" alt=\"\" width=\"750\" height=\"1023\" srcset=\"https:\/\/chituvem.com\/wp-content\/uploads\/2024\/01\/2_11.jpg 750w, https:\/\/chituvem.com\/wp-content\/uploads\/2024\/01\/2_11-220x300.jpg 220w, https:\/\/chituvem.com\/wp-content\/uploads\/2024\/01\/2_11-600x818.jpg 600w\" sizes=\"(max-width: 750px) 100vw, 750px\" \/> <img loading=\"lazy\" decoding=\"async\" class=\"alignnone size-full wp-image-1402\" src=\"https:\/\/chituvem.com\/wp-content\/uploads\/2024\/01\/2_12.jpg\" alt=\"\" width=\"750\" height=\"2133\" srcset=\"https:\/\/chituvem.com\/wp-content\/uploads\/2024\/01\/2_12.jpg 750w, https:\/\/chituvem.com\/wp-content\/uploads\/2024\/01\/2_12-105x300.jpg 105w, https:\/\/chituvem.com\/wp-content\/uploads\/2024\/01\/2_12-360x1024.jpg 360w, https:\/\/chituvem.com\/wp-content\/uploads\/2024\/01\/2_12-540x1536.jpg 540w, https:\/\/chituvem.com\/wp-content\/uploads\/2024\/01\/2_12-720x2048.jpg 720w, https:\/\/chituvem.com\/wp-content\/uploads\/2024\/01\/2_12-600x1706.jpg 600w\" sizes=\"(max-width: 750px) 100vw, 750px\" \/><\/p>\n<p style=\"text-align: center;\">\u00a0<img loading=\"lazy\" decoding=\"async\" class=\"alignnone size-full wp-image-375 alignleft\" src=\"http:\/\/chitu.jzyseo.cn\/wp-content\/uploads\/2024\/01\/s_10.jpg\" alt=\"\" width=\"750\" height=\"633\" srcset=\"https:\/\/chituvem.com\/wp-content\/uploads\/2024\/01\/s_10.jpg 750w, https:\/\/chituvem.com\/wp-content\/uploads\/2024\/01\/s_10-300x253.jpg 300w, https:\/\/chituvem.com\/wp-content\/uploads\/2024\/01\/s_10-600x506.jpg 600w\" sizes=\"(max-width: 750px) 100vw, 750px\" \/><\/p>\n<\/div>\n<\/div>\n<\/div>\n<\/div>\n<\/div>","protected":false},"excerpt":{"rendered":"<p>Automatische Zuckerwattemaschine<\/p>","protected":false},"featured_media":1480,"comment_status":"open","ping_status":"closed","template":"","meta":{"_eb_attr":"","inline_featured_image":false},"product_brand":[],"product_cat":[34],"product_tag":[],"class_list":{"0":"post-392","1":"product","2":"type-product","3":"status-publish","4":"has-post-thumbnail","6":"product_cat-cotton-candy-vending-machine","8":"first","9":"instock","10":"shipping-taxable","11":"product-type-simple"},"_links":{"self":[{"href":"https:\/\/chituvem.com\/de\/wp-json\/wp\/v2\/product\/392","targetHints":{"allow":["GET"]}}],"collection":[{"href":"https:\/\/chituvem.com\/de\/wp-json\/wp\/v2\/product"}],"about":[{"href":"https:\/\/chituvem.com\/de\/wp-json\/wp\/v2\/types\/product"}],"replies":[{"embeddable":true,"href":"https:\/\/chituvem.com\/de\/wp-json\/wp\/v2\/comments?post=392"}],"version-history":[{"count":0,"href":"https:\/\/chituvem.com\/de\/wp-json\/wp\/v2\/product\/392\/revisions"}],"wp:featuredmedia":[{"embeddable":true,"href":"https:\/\/chituvem.com\/de\/wp-json\/wp\/v2\/media\/1480"}],"wp:attachment":[{"href":"https:\/\/chituvem.com\/de\/wp-json\/wp\/v2\/media?parent=392"}],"wp:term":[{"taxonomy":"product_brand","embeddable":true,"href":"https:\/\/chituvem.com\/de\/wp-json\/wp\/v2\/product_brand?post=392"},{"taxonomy":"product_cat","embeddable":true,"href":"https:\/\/chituvem.com\/de\/wp-json\/wp\/v2\/product_cat?post=392"},{"taxonomy":"product_tag","embeddable":true,"href":"https:\/\/chituvem.com\/de\/wp-json\/wp\/v2\/product_tag?post=392"}],"curies":[{"name":"wp","href":"https:\/\/api.w.org\/{rel}","templated":true}]}}