{"id":2412,"date":"2024-06-11T07:26:04","date_gmt":"2024-06-11T07:26:04","guid":{"rendered":"https:\/\/chituvem.com\/?post_type=product&#038;p=2412"},"modified":"2024-10-19T03:59:06","modified_gmt":"2024-10-19T03:59:06","slug":"best-automatic-cotton-candy-machine-2024-hot-selling-high-return-easy-money","status":"publish","type":"product","link":"https:\/\/chituvem.com\/de\/produkt\/best-automatic-cotton-candy-machine-2024-hot-selling-high-return-easy-money\/","title":{"rendered":"Beste automatische Zuckerwattemaschine 2024 Hot Selling"},"content":{"rendered":"<h2><a href=\"https:\/\/chituvem.com\/de\/\">Warum sollten Sie sich f\u00fcr einen vollautomatischen Zuckerwatte-Automaten von Red Rabbit entscheiden?<\/a><\/h2>\n<div>1.Guangzhou Red Rabbit wurde 2017 gegr\u00fcndet, wir sind seit \u00fcber 7 Jahren in der Zuckerwattemaschinenindustrie t\u00e4tig, und wir sind der gr\u00f6\u00dfte Hersteller von Zuckerwattemaschinen in der Welt 2.Unser Unternehmen hat alle Arten von professionellen Zertifikaten, wie NAMA, CE, RoHS, FCC, IC, FDA, SAA, etc. und mehr als 100 Patente, die sicherstellen k\u00f6nnen, dass Sie die Maschine an jedem Ort betreiben k\u00f6nnen.<\/div>\n<div>3. mit der Erfahrung des Verkaufs an mehr als 10.000 Kunden auf der ganzen Welt, k\u00f6nnen wir Ihnen professionelle Beratung, um es einfacher f\u00fcr Sie, um Geld mit der Zuckerwatte-Maschine zu machen! 4. die Maschine verf\u00fcgt \u00fcber eine Remote-Hintergrund-Steuerung, mit Timer-Schalter, Inventar-Erinnerung, Verkaufsdaten, setzen Coupons und andere Funktionen, und kann aus der Ferne aktualisiert werden System-Version! 5. wir unterst\u00fctzen kundenspezifische Aussehen der Maschine, k\u00f6nnen Sie Ihre Ideen auf der Maschine zu realisieren, um Ihre eigene Maschine herzlich willkommen, um von uns zu bestellen, haben wir immer hier gewesen.<\/div>\n<div>\n<p><iframe title=\"Der weltweit gr\u00f6\u00dfte Hersteller von Zuckerwattemaschinen\" width=\"800\" height=\"450\" src=\"https:\/\/www.youtube.com\/embed\/bXafq9dk5tA?feature=oembed\" frameborder=\"0\" allow=\"accelerometer; autoplay; clipboard-write; encrypted-media; gyroscope; picture-in-picture; web-share\" referrerpolicy=\"strict-origin-when-cross-origin\" allowfullscreen><\/iframe><\/p>\n<\/div>\n<div><img fetchpriority=\"high\" decoding=\"async\" class=\"alignnone size-full wp-image-1422\" src=\"https:\/\/chituvem.com\/wp-content\/uploads\/2024\/01\/2_03.jpg\" alt=\"@Bonbonbonmaschine Kundenfall\" width=\"750\" height=\"631\" srcset=\"https:\/\/chituvem.com\/wp-content\/uploads\/2024\/01\/2_03.jpg 750w, https:\/\/chituvem.com\/wp-content\/uploads\/2024\/01\/2_03-300x252.jpg 300w, https:\/\/chituvem.com\/wp-content\/uploads\/2024\/01\/2_03-600x505.jpg 600w\" sizes=\"(max-width: 750px) 100vw, 750px\" \/> <img decoding=\"async\" class=\"alignnone size-full wp-image-1410\" src=\"https:\/\/chituvem.com\/wp-content\/uploads\/2024\/01\/2_02.jpg\" alt=\"\" width=\"750\" height=\"499\" srcset=\"https:\/\/chituvem.com\/wp-content\/uploads\/2024\/01\/2_02.jpg 750w, https:\/\/chituvem.com\/wp-content\/uploads\/2024\/01\/2_02-300x200.jpg 300w, https:\/\/chituvem.com\/wp-content\/uploads\/2024\/01\/2_02-600x399.jpg 600w\" sizes=\"(max-width: 750px) 100vw, 750px\" \/> <img decoding=\"async\" class=\"alignnone size-full wp-image-1471\" src=\"https:\/\/chituvem.com\/wp-content\/uploads\/2024\/01\/608.jpg\" alt=\"@Zuckerwattemaschine\" width=\"750\" height=\"1224\" srcset=\"https:\/\/chituvem.com\/wp-content\/uploads\/2024\/01\/608.jpg 750w, https:\/\/chituvem.com\/wp-content\/uploads\/2024\/01\/608-184x300.jpg 184w, https:\/\/chituvem.com\/wp-content\/uploads\/2024\/01\/608-627x1024.jpg 627w, https:\/\/chituvem.com\/wp-content\/uploads\/2024\/01\/608-600x979.jpg 600w\" sizes=\"(max-width: 750px) 100vw, 750px\" \/> <img loading=\"lazy\" decoding=\"async\" class=\"alignnone size-full wp-image-1414\" src=\"https:\/\/chituvem.com\/wp-content\/uploads\/2024\/01\/2_04.jpg\" alt=\"\" width=\"750\" height=\"995\" srcset=\"https:\/\/chituvem.com\/wp-content\/uploads\/2024\/01\/2_04.jpg 750w, https:\/\/chituvem.com\/wp-content\/uploads\/2024\/01\/2_04-226x300.jpg 226w, https:\/\/chituvem.com\/wp-content\/uploads\/2024\/01\/2_04-600x796.jpg 600w\" sizes=\"(max-width: 750px) 100vw, 750px\" \/> <img loading=\"lazy\" decoding=\"async\" class=\"alignnone size-full wp-image-1459\" src=\"https:\/\/chituvem.com\/wp-content\/uploads\/2024\/01\/608-1.jpg\" alt=\"\" width=\"750\" height=\"765\" srcset=\"https:\/\/chituvem.com\/wp-content\/uploads\/2024\/01\/608-1.jpg 750w, https:\/\/chituvem.com\/wp-content\/uploads\/2024\/01\/608-1-294x300.jpg 294w, https:\/\/chituvem.com\/wp-content\/uploads\/2024\/01\/608-1-600x612.jpg 600w\" sizes=\"(max-width: 750px) 100vw, 750px\" \/><\/div>\n<table class=\"alignleft\" style=\"height: 423px;\" width=\"745\">\n<thead>\n<tr>\n<th>Produktnummer\uff1a<\/th>\n<th><span style=\"vertical-align: inherit;\">CT-608<\/span><\/th>\n<\/tr>\n<\/thead>\n<tbody>\n<tr>\n<td>Gr\u00f6\u00dfe\uff1a<\/td>\n<td>H\u00f6he 290CM \/ Breite 140CM \/ Tiefe 66CM<\/td>\n<\/tr>\n<tr>\n<td><span style=\"vertical-align: inherit;\">Macht\uff1a<\/span><\/td>\n<td>400~2500w<\/td>\n<\/tr>\n<tr>\n<td><span style=\"vertical-align: inherit;\">Gewicht\uff1a<\/span><\/td>\n<td><span style=\"vertical-align: inherit;\">400KG<\/span><\/td>\n<\/tr>\n<tr>\n<td><span style=\"vertical-align: inherit;\">Stil\uff1a<\/span><\/td>\n<td>144(Kontinuierlich steigend)<\/td>\n<\/tr>\n<tr>\n<td>Zuckerverbrauch\uff1a<\/td>\n<td>35 Zucker pro 1kg<\/td>\n<\/tr>\n<tr>\n<td>Wasserverbrauch\uff1a<\/td>\n<td>35 Zucker pro 1kg<\/td>\n<\/tr>\n<tr>\n<td><span style=\"vertical-align: inherit;\">Fassungsverm\u00f6gen der Schaufel\uff1a<\/span><\/td>\n<td><span style=\"vertical-align: inherit;\">12L<\/span><\/td>\n<\/tr>\n<tr>\n<td><span style=\"vertical-align: inherit;\">Lagerung von Zucker\uff1a30<\/span><\/td>\n<td><span style=\"vertical-align: inherit;\">300<\/span><\/td>\n<\/tr>\n<tr>\n<td>Joghurt-Pulver-Funktion\uff1a<\/td>\n<td>Optional<\/td>\n<\/tr>\n<tr>\n<td><span style=\"vertical-align: inherit;\">Zahlungsmethode\uff1a<\/span><\/td>\n<td>Bargeld\u3001M\u00fcnzen\u3001Bezahlen per CaRD<\/td>\n<\/tr>\n<tr>\n<td><span style=\"vertical-align: inherit;\">Logistik-Verpackung\uff1a<\/span><\/td>\n<td><span style=\"vertical-align: inherit;\">CBM\uff1a2.2m\u00b2\uff0cPackungsabmessungen\uff1a141CM\/78CM\/196CM<\/span><\/td>\n<\/tr>\n<\/tbody>\n<\/table>\n<p>&nbsp;<\/p>\n<p>&nbsp;<\/p>\n<p>&nbsp;<\/p>\n<p>&nbsp;<\/p>\n<p>&nbsp;<\/p>\n<p>&nbsp;<\/p>\n<p>&nbsp;<\/p>\n<p>&nbsp;<\/p>\n<p>&nbsp;<\/p>\n<p>&nbsp;<\/p>\n<p>&nbsp;<\/p>\n<p><img loading=\"lazy\" decoding=\"async\" class=\"alignnone size-full wp-image-1382\" src=\"https:\/\/chituvem.com\/wp-content\/uploads\/2024\/01\/2_07.jpg\" alt=\"@Zuckerwattemaschine\" width=\"750\" height=\"1132\" srcset=\"https:\/\/chituvem.com\/wp-content\/uploads\/2024\/01\/2_07.jpg 750w, https:\/\/chituvem.com\/wp-content\/uploads\/2024\/01\/2_07-199x300.jpg 199w, https:\/\/chituvem.com\/wp-content\/uploads\/2024\/01\/2_07-678x1024.jpg 678w, https:\/\/chituvem.com\/wp-content\/uploads\/2024\/01\/2_07-600x906.jpg 600w\" sizes=\"(max-width: 750px) 100vw, 750px\" \/> <img loading=\"lazy\" decoding=\"async\" class=\"alignnone size-full wp-image-1463\" src=\"https:\/\/chituvem.com\/wp-content\/uploads\/2024\/01\/608-2.jpg\" alt=\"@@cotton candy machine 608\" width=\"750\" height=\"937\" srcset=\"https:\/\/chituvem.com\/wp-content\/uploads\/2024\/01\/608-2.jpg 750w, https:\/\/chituvem.com\/wp-content\/uploads\/2024\/01\/608-2-240x300.jpg 240w, https:\/\/chituvem.com\/wp-content\/uploads\/2024\/01\/608-2-600x750.jpg 600w\" sizes=\"(max-width: 750px) 100vw, 750px\" \/> <img loading=\"lazy\" decoding=\"async\" class=\"alignnone size-full wp-image-1390\" src=\"https:\/\/chituvem.com\/wp-content\/uploads\/2024\/01\/2_09.jpg\" alt=\"@Bonbonbonmaschine\" width=\"750\" height=\"2413\" srcset=\"https:\/\/chituvem.com\/wp-content\/uploads\/2024\/01\/2_09.jpg 750w, https:\/\/chituvem.com\/wp-content\/uploads\/2024\/01\/2_09-93x300.jpg 93w, https:\/\/chituvem.com\/wp-content\/uploads\/2024\/01\/2_09-318x1024.jpg 318w, https:\/\/chituvem.com\/wp-content\/uploads\/2024\/01\/2_09-477x1536.jpg 477w, https:\/\/chituvem.com\/wp-content\/uploads\/2024\/01\/2_09-637x2048.jpg 637w, https:\/\/chituvem.com\/wp-content\/uploads\/2024\/01\/2_09-600x1930.jpg 600w\" sizes=\"(max-width: 750px) 100vw, 750px\" \/> <img loading=\"lazy\" decoding=\"async\" class=\"alignnone size-full wp-image-1394\" src=\"https:\/\/chituvem.com\/wp-content\/uploads\/2024\/01\/2_10.jpg\" alt=\"@Bonbonbonmaschine\" width=\"750\" height=\"1001\" srcset=\"https:\/\/chituvem.com\/wp-content\/uploads\/2024\/01\/2_10.jpg 750w, https:\/\/chituvem.com\/wp-content\/uploads\/2024\/01\/2_10-225x300.jpg 225w, https:\/\/chituvem.com\/wp-content\/uploads\/2024\/01\/2_10-600x801.jpg 600w\" sizes=\"(max-width: 750px) 100vw, 750px\" \/> <img loading=\"lazy\" decoding=\"async\" class=\"alignnone size-full wp-image-1398\" src=\"https:\/\/chituvem.com\/wp-content\/uploads\/2024\/01\/2_11.jpg\" alt=\"@Bonbonbonmaschine\" width=\"750\" height=\"1023\" srcset=\"https:\/\/chituvem.com\/wp-content\/uploads\/2024\/01\/2_11.jpg 750w, https:\/\/chituvem.com\/wp-content\/uploads\/2024\/01\/2_11-220x300.jpg 220w, https:\/\/chituvem.com\/wp-content\/uploads\/2024\/01\/2_11-600x818.jpg 600w\" sizes=\"(max-width: 750px) 100vw, 750px\" \/> <img loading=\"lazy\" decoding=\"async\" class=\"alignnone size-full wp-image-1402\" src=\"https:\/\/chituvem.com\/wp-content\/uploads\/2024\/01\/2_12.jpg\" alt=\"@Red Rabbit\" width=\"750\" height=\"2133\" srcset=\"https:\/\/chituvem.com\/wp-content\/uploads\/2024\/01\/2_12.jpg 750w, https:\/\/chituvem.com\/wp-content\/uploads\/2024\/01\/2_12-105x300.jpg 105w, https:\/\/chituvem.com\/wp-content\/uploads\/2024\/01\/2_12-360x1024.jpg 360w, https:\/\/chituvem.com\/wp-content\/uploads\/2024\/01\/2_12-540x1536.jpg 540w, https:\/\/chituvem.com\/wp-content\/uploads\/2024\/01\/2_12-720x2048.jpg 720w, https:\/\/chituvem.com\/wp-content\/uploads\/2024\/01\/2_12-600x1706.jpg 600w\" sizes=\"(max-width: 750px) 100vw, 750px\" \/><\/p>\n<h2>Weitere Produktempfehlungen f\u00fcr Verkaufsautomaten<\/h2>\n<h3><a href=\"https:\/\/chituvem.com\/de\/produkt\/2024-new-automatic-snowflake-machine-ice-cream-vending-machine\/\">Schneeflocken-Eis-Automat<\/a>,<a href=\"https:\/\/chituvem.com\/de\/produkt\/rotes-kaninchen-hohe-qualitat-kommerzielle-vollautomatische-eisverkaufsmaschine-snack-selbstbedienungs-automat\/\">Eiscreme-Automat,<\/a><a href=\"https:\/\/chituvem.com\/de\/produkt\/the-worlds-first-slush-vending-machine-commercial-cocktail-slush-machine\/\">Slush-Automat<\/a><\/h3>\n<p>&nbsp;<\/p>","protected":false},"excerpt":{"rendered":"<p>Why Choose Red Rabbit Fully automatic cotton candy vending machine ? 1.Guangzhou Red Rabbit was founded in 2017, we have been engaged in the cotton candy machine industry over 7 years, and we are the largest cotton candy machine manufacturer in the world 2.Our company has got all kinds of professional certificates, such as NAMA, [&hellip;]<\/p>","protected":false},"featured_media":2417,"comment_status":"open","ping_status":"closed","template":"","meta":{"_eb_attr":"","inline_featured_image":false},"product_brand":[],"product_cat":[34],"product_tag":[],"class_list":{"0":"post-2412","1":"product","2":"type-product","3":"status-publish","4":"has-post-thumbnail","6":"product_cat-cotton-candy-vending-machine","8":"first","9":"instock","10":"shipping-taxable","11":"product-type-simple"},"_links":{"self":[{"href":"https:\/\/chituvem.com\/de\/wp-json\/wp\/v2\/product\/2412","targetHints":{"allow":["GET"]}}],"collection":[{"href":"https:\/\/chituvem.com\/de\/wp-json\/wp\/v2\/product"}],"about":[{"href":"https:\/\/chituvem.com\/de\/wp-json\/wp\/v2\/types\/product"}],"replies":[{"embeddable":true,"href":"https:\/\/chituvem.com\/de\/wp-json\/wp\/v2\/comments?post=2412"}],"version-history":[{"count":0,"href":"https:\/\/chituvem.com\/de\/wp-json\/wp\/v2\/product\/2412\/revisions"}],"wp:featuredmedia":[{"embeddable":true,"href":"https:\/\/chituvem.com\/de\/wp-json\/wp\/v2\/media\/2417"}],"wp:attachment":[{"href":"https:\/\/chituvem.com\/de\/wp-json\/wp\/v2\/media?parent=2412"}],"wp:term":[{"taxonomy":"product_brand","embeddable":true,"href":"https:\/\/chituvem.com\/de\/wp-json\/wp\/v2\/product_brand?post=2412"},{"taxonomy":"product_cat","embeddable":true,"href":"https:\/\/chituvem.com\/de\/wp-json\/wp\/v2\/product_cat?post=2412"},{"taxonomy":"product_tag","embeddable":true,"href":"https:\/\/chituvem.com\/de\/wp-json\/wp\/v2\/product_tag?post=2412"}],"curies":[{"name":"wp","href":"https:\/\/api.w.org\/{rel}","templated":true}]}}