{"id":2379,"date":"2024-06-07T08:44:11","date_gmt":"2024-06-07T08:44:11","guid":{"rendered":"https:\/\/chituvem.com\/?post_type=product&#038;p=2379"},"modified":"2024-10-19T04:01:02","modified_gmt":"2024-10-19T04:01:02","slug":"cotton-candy-vending-machine-6-flavors-and-colors-132-flower-patterns","status":"publish","type":"product","link":"https:\/\/chituvem.com\/de\/produkt\/zuckerwatte-automat-6-geschmacksrichtungen-und-farben-132-blumenmuster\/","title":{"rendered":"Zuckerwatte-Automat 6 Geschmacksrichtungen und Farben 132 Blumenmuster"},"content":{"rendered":"<h2><a href=\"https:\/\/chituvem.com\/de\/\">Warum Red Rabbit Vollautomatische Zuckerwattemaschine w\u00e4hlen?<\/a><\/h2>\n<ol>\n<li>Guangzhou Red Rabbit wurde 2017 gegr\u00fcndet, wir sind seit \u00fcber 7 Jahren in der Zuckerwattemaschinenindustrie t\u00e4tig und sind der gr\u00f6\u00dfte Hersteller von Zuckerwattemaschinen in der Welt<\/li>\n<li>Unser Unternehmen verf\u00fcgt \u00fcber alle Arten von professionellen Zertifikaten, wie NAMA, CE, RoHS, FCC, IC, FDA, SAA, etc. und mehr als 100 Patente, die sicherstellen, dass Sie die Maschine an jedem Ort betreiben k\u00f6nnen.<\/li>\n<li>Mit der Erfahrung aus dem Verkauf an mehr als 10.000 Kunden in der ganzen Welt k\u00f6nnen wir Sie professionell beraten, um Ihnen das Geldverdienen mit der Zuckerwattemaschine zu erleichtern!<\/li>\n<li>Die Maschine verf\u00fcgt \u00fcber ein Remote-Hintergrund-Steuerungssystem, mit Zeitschaltuhr, Inventar-Erinnerung, Verkaufsdaten, setzen Coupons und andere Funktionen, und kann aus der Ferne aktualisiert werden System-Version!<\/li>\n<li>Wir unterst\u00fctzen das kundenspezifische Aussehen der Maschine, Sie k\u00f6nnen Ihre Ideen auf der Maschine verwirklichen, um Ihre eigenen zu schaffen<\/li>\n<\/ol>\n<p><img fetchpriority=\"high\" decoding=\"async\" class=\"alignnone size-full wp-image-1422\" src=\"https:\/\/chituvem.com\/wp-content\/uploads\/2024\/01\/2_03.jpg\" alt=\"@Bonbonbonmaschine Kundenfall\" width=\"750\" height=\"631\" srcset=\"https:\/\/chituvem.com\/wp-content\/uploads\/2024\/01\/2_03.jpg 750w, https:\/\/chituvem.com\/wp-content\/uploads\/2024\/01\/2_03-300x252.jpg 300w, https:\/\/chituvem.com\/wp-content\/uploads\/2024\/01\/2_03-600x505.jpg 600w\" sizes=\"(max-width: 750px) 100vw, 750px\" \/> <img decoding=\"async\" class=\"alignnone size-full wp-image-1410\" src=\"https:\/\/chituvem.com\/wp-content\/uploads\/2024\/01\/2_02.jpg\" alt=\"\" width=\"750\" height=\"499\" srcset=\"https:\/\/chituvem.com\/wp-content\/uploads\/2024\/01\/2_02.jpg 750w, https:\/\/chituvem.com\/wp-content\/uploads\/2024\/01\/2_02-300x200.jpg 300w, https:\/\/chituvem.com\/wp-content\/uploads\/2024\/01\/2_02-600x399.jpg 600w\" sizes=\"(max-width: 750px) 100vw, 750px\" \/> <img decoding=\"async\" class=\"alignnone size-full wp-image-1406\" src=\"https:\/\/chituvem.com\/wp-content\/uploads\/2024\/01\/2_01.jpg\" alt=\"@Bonbonbonmaschine \" width=\"750\" height=\"1124\" srcset=\"https:\/\/chituvem.com\/wp-content\/uploads\/2024\/01\/2_01.jpg 750w, https:\/\/chituvem.com\/wp-content\/uploads\/2024\/01\/2_01-200x300.jpg 200w, https:\/\/chituvem.com\/wp-content\/uploads\/2024\/01\/2_01-683x1024.jpg 683w, https:\/\/chituvem.com\/wp-content\/uploads\/2024\/01\/2_01-600x899.jpg 600w\" sizes=\"(max-width: 750px) 100vw, 750px\" \/> <img loading=\"lazy\" decoding=\"async\" class=\"alignnone size-full wp-image-1414\" src=\"https:\/\/chituvem.com\/wp-content\/uploads\/2024\/01\/2_04.jpg\" alt=\"\" width=\"750\" height=\"995\" srcset=\"https:\/\/chituvem.com\/wp-content\/uploads\/2024\/01\/2_04.jpg 750w, https:\/\/chituvem.com\/wp-content\/uploads\/2024\/01\/2_04-226x300.jpg 226w, https:\/\/chituvem.com\/wp-content\/uploads\/2024\/01\/2_04-600x796.jpg 600w\" sizes=\"(max-width: 750px) 100vw, 750px\" \/> <img loading=\"lazy\" decoding=\"async\" class=\"alignnone size-full wp-image-1418\" src=\"https:\/\/chituvem.com\/wp-content\/uploads\/2024\/01\/2_05.jpg\" alt=\"@Baumwollbonbonmaschine CT-606\" width=\"750\" height=\"768\" srcset=\"https:\/\/chituvem.com\/wp-content\/uploads\/2024\/01\/2_05.jpg 750w, https:\/\/chituvem.com\/wp-content\/uploads\/2024\/01\/2_05-293x300.jpg 293w, https:\/\/chituvem.com\/wp-content\/uploads\/2024\/01\/2_05-600x614.jpg 600w\" sizes=\"(max-width: 750px) 100vw, 750px\" \/><\/p>\n<table class=\"alignleft\" style=\"height: 423px;\" width=\"745\">\n<thead>\n<tr>\n<th>Produktnummer\uff1a<\/th>\n<th><span style=\"vertical-align: inherit;\">CT-606<\/span><\/th>\n<\/tr>\n<\/thead>\n<tbody>\n<tr>\n<td>Gr\u00f6\u00dfe\uff1a<\/td>\n<td>H\u00f6he 170CM mit Acrylplatte \/Oberseite 35CM \/ Breite 133CM \/ Tiefe 60CM<\/td>\n<\/tr>\n<tr>\n<td><span style=\"vertical-align: inherit;\">Macht\uff1a<\/span><\/td>\n<td>700~2500w<\/td>\n<\/tr>\n<tr>\n<td><span style=\"vertical-align: inherit;\">Gewicht\uff1a<\/span><\/td>\n<td><span style=\"vertical-align: inherit;\">350KG<\/span><\/td>\n<\/tr>\n<tr>\n<td><span style=\"vertical-align: inherit;\">Stil\uff1a<\/span><\/td>\n<td>36(Kontinuierlich steigend)<\/td>\n<\/tr>\n<tr>\n<td>Zuckerverbrauch\uff1a<\/td>\n<td>35 Zucker pro 1kg<\/td>\n<\/tr>\n<tr>\n<td>Wasserverbrauch\uff1a<\/td>\n<td>35 Zucker pro 1kg<\/td>\n<\/tr>\n<tr>\n<td><span style=\"vertical-align: inherit;\">Fassungsverm\u00f6gen der Schaufel\uff1a<\/span><\/td>\n<td><span style=\"vertical-align: inherit;\">12L<\/span><\/td>\n<\/tr>\n<tr>\n<td><span style=\"vertical-align: inherit;\">Lagerung von Zucker\uff1a30<\/span><\/td>\n<td><span style=\"vertical-align: inherit;\">300<\/span><\/td>\n<\/tr>\n<tr>\n<td>Joghurt-Pulver-Funktion\uff1a<\/td>\n<td>Optional<\/td>\n<\/tr>\n<tr>\n<td><span style=\"vertical-align: inherit;\">Zahlungsmethode\uff1a<\/span><\/td>\n<td>Bargeld\u3001M\u00fcnzen\u3001Bezahlen per CaRD<\/td>\n<\/tr>\n<tr>\n<td><span style=\"vertical-align: inherit;\">Logistik-Verpackung\uff1a<\/span><\/td>\n<td><span style=\"vertical-align: inherit;\">CBM\uff1a2.2m\u00b2\uff0cPackungsabmessungen\uff1a141CM\/78CM\/196CM<\/span><\/td>\n<\/tr>\n<\/tbody>\n<\/table>\n<p>&nbsp;<\/p>\n<p>&nbsp;<\/p>\n<p>&nbsp;<\/p>\n<p>&nbsp;<\/p>\n<p>&nbsp;<\/p>\n<p>&nbsp;<\/p>\n<p>&nbsp;<\/p>\n<p>&nbsp;<\/p>\n<p>&nbsp;<\/p>\n<p>&nbsp;<\/p>\n<p>&nbsp;<\/p>\n<p><img loading=\"lazy\" decoding=\"async\" class=\"alignnone size-full wp-image-1382\" src=\"https:\/\/chituvem.com\/wp-content\/uploads\/2024\/01\/2_07.jpg\" alt=\"\" width=\"750\" height=\"1132\" srcset=\"https:\/\/chituvem.com\/wp-content\/uploads\/2024\/01\/2_07.jpg 750w, https:\/\/chituvem.com\/wp-content\/uploads\/2024\/01\/2_07-199x300.jpg 199w, https:\/\/chituvem.com\/wp-content\/uploads\/2024\/01\/2_07-678x1024.jpg 678w, https:\/\/chituvem.com\/wp-content\/uploads\/2024\/01\/2_07-600x906.jpg 600w\" sizes=\"(max-width: 750px) 100vw, 750px\" \/> <img loading=\"lazy\" decoding=\"async\" class=\"alignnone size-full wp-image-1386\" src=\"https:\/\/chituvem.com\/wp-content\/uploads\/2024\/01\/2_08.jpg\" alt=\"\" width=\"750\" height=\"936\" srcset=\"https:\/\/chituvem.com\/wp-content\/uploads\/2024\/01\/2_08.jpg 750w, https:\/\/chituvem.com\/wp-content\/uploads\/2024\/01\/2_08-240x300.jpg 240w, https:\/\/chituvem.com\/wp-content\/uploads\/2024\/01\/2_08-600x749.jpg 600w\" sizes=\"(max-width: 750px) 100vw, 750px\" \/> <img loading=\"lazy\" decoding=\"async\" class=\"alignnone size-full wp-image-1390\" src=\"https:\/\/chituvem.com\/wp-content\/uploads\/2024\/01\/2_09.jpg\" alt=\"@Bonbonbonmaschine \" width=\"750\" height=\"2413\" srcset=\"https:\/\/chituvem.com\/wp-content\/uploads\/2024\/01\/2_09.jpg 750w, https:\/\/chituvem.com\/wp-content\/uploads\/2024\/01\/2_09-93x300.jpg 93w, https:\/\/chituvem.com\/wp-content\/uploads\/2024\/01\/2_09-318x1024.jpg 318w, https:\/\/chituvem.com\/wp-content\/uploads\/2024\/01\/2_09-477x1536.jpg 477w, https:\/\/chituvem.com\/wp-content\/uploads\/2024\/01\/2_09-637x2048.jpg 637w, https:\/\/chituvem.com\/wp-content\/uploads\/2024\/01\/2_09-600x1930.jpg 600w\" sizes=\"(max-width: 750px) 100vw, 750px\" \/> <img loading=\"lazy\" decoding=\"async\" class=\"alignnone size-full wp-image-1394\" src=\"https:\/\/chituvem.com\/wp-content\/uploads\/2024\/01\/2_10.jpg\" alt=\"@Bonbonbonmaschine \" width=\"750\" height=\"1001\" srcset=\"https:\/\/chituvem.com\/wp-content\/uploads\/2024\/01\/2_10.jpg 750w, https:\/\/chituvem.com\/wp-content\/uploads\/2024\/01\/2_10-225x300.jpg 225w, https:\/\/chituvem.com\/wp-content\/uploads\/2024\/01\/2_10-600x801.jpg 600w\" sizes=\"(max-width: 750px) 100vw, 750px\" \/> <img loading=\"lazy\" decoding=\"async\" class=\"alignnone size-full wp-image-1398\" src=\"https:\/\/chituvem.com\/wp-content\/uploads\/2024\/01\/2_11.jpg\" alt=\"@Bonbonbonmaschine \" width=\"750\" height=\"1023\" srcset=\"https:\/\/chituvem.com\/wp-content\/uploads\/2024\/01\/2_11.jpg 750w, https:\/\/chituvem.com\/wp-content\/uploads\/2024\/01\/2_11-220x300.jpg 220w, https:\/\/chituvem.com\/wp-content\/uploads\/2024\/01\/2_11-600x818.jpg 600w\" sizes=\"(max-width: 750px) 100vw, 750px\" \/> <img loading=\"lazy\" decoding=\"async\" class=\"alignnone size-full wp-image-1402\" src=\"https:\/\/chituvem.com\/wp-content\/uploads\/2024\/01\/2_12.jpg\" alt=\"@Red Rabbit\" width=\"750\" height=\"2133\" srcset=\"https:\/\/chituvem.com\/wp-content\/uploads\/2024\/01\/2_12.jpg 750w, https:\/\/chituvem.com\/wp-content\/uploads\/2024\/01\/2_12-105x300.jpg 105w, https:\/\/chituvem.com\/wp-content\/uploads\/2024\/01\/2_12-360x1024.jpg 360w, https:\/\/chituvem.com\/wp-content\/uploads\/2024\/01\/2_12-540x1536.jpg 540w, https:\/\/chituvem.com\/wp-content\/uploads\/2024\/01\/2_12-720x2048.jpg 720w, https:\/\/chituvem.com\/wp-content\/uploads\/2024\/01\/2_12-600x1706.jpg 600w\" sizes=\"(max-width: 750px) 100vw, 750px\" \/> <img loading=\"lazy\" decoding=\"async\" class=\"alignnone size-full wp-image-2354\" src=\"https:\/\/chituvem.com\/wp-content\/uploads\/2024\/06\/Automatic-Slush-Machine-14.jpg\" alt=\"@Zuckerwatte-Automat -14\" width=\"750\" height=\"972\" srcset=\"https:\/\/chituvem.com\/wp-content\/uploads\/2024\/06\/Automatic-Slush-Machine-14.jpg 750w, https:\/\/chituvem.com\/wp-content\/uploads\/2024\/06\/Automatic-Slush-Machine-14-231x300.jpg 231w, https:\/\/chituvem.com\/wp-content\/uploads\/2024\/06\/Automatic-Slush-Machine-14-600x778.jpg 600w\" sizes=\"(max-width: 750px) 100vw, 750px\" \/><\/p>\n<h1>FQA<\/h1>\n<p>&nbsp;<\/p>","protected":false},"excerpt":{"rendered":"<p>Warum w\u00e4hlen Sie Red Rabbit vollautomatische Zuckerwattemaschine? Guangzhou Red Rabbit wurde 2017 gegr\u00fcndet, wir sind seit \u00fcber 7 Jahren in der Zuckerwattemaschinenindustrie t\u00e4tig und sind der gr\u00f6\u00dfte Hersteller von Zuckerwattemaschinen in der Welt Unser Unternehmen hat alle Arten von professionellen Zertifikaten, wie NAMA, CE, [...]<\/p>","protected":false},"featured_media":2385,"comment_status":"open","ping_status":"closed","template":"","meta":{"_eb_attr":"","inline_featured_image":false},"product_brand":[],"product_cat":[34],"product_tag":[],"class_list":{"0":"post-2379","1":"product","2":"type-product","3":"status-publish","4":"has-post-thumbnail","6":"product_cat-cotton-candy-vending-machine","8":"first","9":"instock","10":"shipping-taxable","11":"product-type-simple"},"_links":{"self":[{"href":"https:\/\/chituvem.com\/de\/wp-json\/wp\/v2\/product\/2379","targetHints":{"allow":["GET"]}}],"collection":[{"href":"https:\/\/chituvem.com\/de\/wp-json\/wp\/v2\/product"}],"about":[{"href":"https:\/\/chituvem.com\/de\/wp-json\/wp\/v2\/types\/product"}],"replies":[{"embeddable":true,"href":"https:\/\/chituvem.com\/de\/wp-json\/wp\/v2\/comments?post=2379"}],"version-history":[{"count":0,"href":"https:\/\/chituvem.com\/de\/wp-json\/wp\/v2\/product\/2379\/revisions"}],"wp:featuredmedia":[{"embeddable":true,"href":"https:\/\/chituvem.com\/de\/wp-json\/wp\/v2\/media\/2385"}],"wp:attachment":[{"href":"https:\/\/chituvem.com\/de\/wp-json\/wp\/v2\/media?parent=2379"}],"wp:term":[{"taxonomy":"product_brand","embeddable":true,"href":"https:\/\/chituvem.com\/de\/wp-json\/wp\/v2\/product_brand?post=2379"},{"taxonomy":"product_cat","embeddable":true,"href":"https:\/\/chituvem.com\/de\/wp-json\/wp\/v2\/product_cat?post=2379"},{"taxonomy":"product_tag","embeddable":true,"href":"https:\/\/chituvem.com\/de\/wp-json\/wp\/v2\/product_tag?post=2379"}],"curies":[{"name":"wp","href":"https:\/\/api.w.org\/{rel}","templated":true}]}}